{"id":12895,"date":"2025-11-27T10:27:30","date_gmt":"2025-11-27T09:27:30","guid":{"rendered":"https:\/\/atlanticwatches.ch\/?post_type=product&#038;p=12895"},"modified":"2025-11-29T09:09:47","modified_gmt":"2025-11-29T08:09:47","slug":"worldmaster-prestige-krzysztof-holowczyc-limited-edition-automatic-chronograph","status":"publish","type":"product","link":"https:\/\/atlanticwatches.ch\/fr\/shop\/montres-pour-hommes\/worldmaster\/prestige-valjoux-day-date-fr\/worldmaster-prestige-krzysztof-holowczyc-limited-edition-automatic-chronograph\/","title":{"rendered":"Worldmaster Prestige \u00ab Krzysztof Holowczyc \u00bb \u00c9dition Limit\u00e9e | Chronographe Automatique"},"content":{"rendered":"<p><strong>Un hommage \u00e0 la pr\u00e9cision, \u00e0 l&rsquo;h\u00e9ritage et au caract\u00e8re<\/strong><\/p>\n<p data-start=\"484\" data-end=\"947\">La Worldmaster Prestige \u00ab Krzysztof Holowczyc \u00bb \u00c9dition Limit\u00e9e est con\u00e7ue pour ceux qui appr\u00e9cient la beaut\u00e9 durable d&rsquo;un v\u00e9ritable chronographe m\u00e9canique. \u00c0 l&rsquo;int\u00e9rieur du bo\u00eetier de 42 mm bat le l\u00e9gendaire ETA Valjoux 7750, un mouvement admir\u00e9 par les collectionneurs pour sa fiabilit\u00e9, son caract\u00e8re et son importance historique dans l&rsquo;horlogerie suisse. <\/p>\n<p data-start=\"484\" data-end=\"947\">Un cadran noir profond avec des accents dor\u00e9s apporte chaleur et sophistication, tandis que le verre saphir pr\u00e9serve une visibilit\u00e9 parfaite au fil du temps.<\/p>\n<hr>\n<p data-start=\"949\" data-end=\"981\"><strong data-start=\"949\" data-end=\"981\"><img loading=\"lazy\" decoding=\"async\" class=\"aligncenter wp-image-12910 size-large\" src=\"https:\/\/atlanticwatches.ch\/wp-content\/uploads\/2025\/11\/55853.46.95-1-1-1024x683.webp\" alt=\"\" width=\"1024\" height=\"683\" srcset=\"https:\/\/atlanticwatches.ch\/wp-content\/uploads\/2025\/11\/55853.46.95-1-1-1024x683.webp 1024w, https:\/\/atlanticwatches.ch\/wp-content\/uploads\/2025\/11\/55853.46.95-1-1-768x512.webp 768w, https:\/\/atlanticwatches.ch\/wp-content\/uploads\/2025\/11\/55853.46.95-1-1-640x427.webp 640w, https:\/\/atlanticwatches.ch\/wp-content\/uploads\/2025\/11\/55853.46.95-1-1-400x267.webp 400w, https:\/\/atlanticwatches.ch\/wp-content\/uploads\/2025\/11\/55853.46.95-1-1-600x400.webp 600w\" sizes=\"auto, (max-width: 1024px) 100vw, 1024px\" \/><\/strong><\/p>\n<hr>\n<p data-start=\"949\" data-end=\"981\"><strong data-start=\"949\" data-end=\"981\">Con\u00e7u avec une l\u00e9gende du rallye<\/strong><\/p>\n<p data-start=\"983\" data-end=\"1338\">Le design a \u00e9t\u00e9 fa\u00e7onn\u00e9 en collaboration avec Krzysztof Holowczyc, l&rsquo;un des pilotes de rallye les plus c\u00e9l\u00e8bres d&rsquo;Europe. Son influence est pr\u00e9sente dans la g\u00e9om\u00e9trie \u00e9quilibr\u00e9e du cadran, les subtiles r\u00e9f\u00e9rences \u00e0 la course et l&rsquo;\u00e9l\u00e9gante assurance du bo\u00eetier. Chaque pi\u00e8ce est livr\u00e9e dans un coffret de pr\u00e9sentation sp\u00e9cial portant sa signature, transformant le d\u00e9ballage en un moment \u00e0 part enti\u00e8re.  <\/p>\n<p data-start=\"1340\" data-end=\"1603\">La montre est accompagn\u00e9e de deux bracelets en cuir v\u00e9ritable dans un style de course classique : un bracelet noir avec un fermoir papillon et un bracelet marron avec une boucle ardillon. Le passage de l&rsquo;un \u00e0 l&rsquo;autre transforme instantan\u00e9ment le caract\u00e8re, passant d&rsquo;une sportivit\u00e9 contemporaine \u00e0 un charme vintage chaleureux. <\/p>\n<p data-start=\"1605\" data-end=\"1769\">Limit\u00e9e \u00e0 seulement 177 pi\u00e8ces, cette \u00e9dition est un hommage \u00e0 la pr\u00e9cision, au courage et au design intemporel, des valeurs partag\u00e9es par Atlantic et l&rsquo;homme qui l&rsquo;a inspir\u00e9e.<\/p>\n<hr>\n<p><strong><img loading=\"lazy\" decoding=\"async\" class=\"alignleft wp-image-12927 size-medium\" src=\"https:\/\/atlanticwatches.ch\/wp-content\/uploads\/2025\/11\/Kristof-Holowcycz-300x300.webp\" alt=\"\" width=\"300\" height=\"300\"><\/strong><\/p>\n<p><strong>\u00c0 propos de Krzysztof Holowczyc<\/strong><\/p>\n<p>Krzysztof Holowczyc est l&rsquo;un des pilotes de rallye les plus accomplis et admir\u00e9s de Pologne, connu pour sa pr\u00e9cision, sa constance et son charme ind\u00e9niable au volant.<\/p>\n<p>Champion d&rsquo;Europe des rallyes, multiple champion national et finaliste du podium du rallye Dakar, il a b\u00e2ti une carri\u00e8re d\u00e9finie par la discipline, le courage et une volont\u00e9 implacable d&rsquo;excellence.<\/p>\n<p>Son partenariat avec Atlantic refl\u00e8te ces valeurs communes : un savoir-faire intemporel, un d\u00e9vouement et une passion durable pour la performance.<\/p>\n<hr>\n<p data-start=\"1605\" data-end=\"1769\">\n","protected":false},"excerpt":{"rendered":"<p data-start=\"217\" data-end=\"502\"><strong>\u00c9l\u00e9gance et esprit de course | Limit\u00e9e \u00e0 177 pi\u00e8ces<\/strong><\/p>\n<p data-start=\"217\" data-end=\"502\">L&rsquo;Atlantic Worldmaster Prestige \u00ab Krzysztof Ho\u0142owczyc \u00bb \u00c9dition Limit\u00e9e combine l&rsquo;h\u00e9ritage de la course automobile avec le savoir-faire suisse dans une s\u00e9rie de seulement 177 pi\u00e8ces.<\/p>\n<p data-start=\"217\" data-end=\"502\">Anim\u00e9e par le rare mouvement Valjoux 7750, elle pr\u00e9sente un bo\u00eetier noir de 42 mm avec des accents dor\u00e9s, un verre saphir et un choix de deux bracelets en cuir de style course.<\/p>\n<p data-start=\"217\" data-end=\"502\">Livr\u00e9e dans un coffret de pr\u00e9sentation sign\u00e9, c&rsquo;est un chronographe raffin\u00e9 et \u00e9l\u00e9gant, fa\u00e7onn\u00e9 en collaboration avec l&rsquo;une des grandes personnalit\u00e9s du sport automobile.<\/p>\n","protected":false},"featured_media":12902,"template":"","meta":[],"product_brand":[],"product_cat":[1386,1138,1249,1436,1353,1317],"product_tag":[1622,1695,1619,1586,1589,1693],"class_list":{"0":"post-12895","1":"product","2":"type-product","3":"status-publish","4":"has-post-thumbnail","6":"product_cat-nouveaux-arrivages","7":"product_cat-montres-pour-hommes","8":"product_cat-worldmaster","9":"product_cat-prestige-valjoux-day-date-fr","10":"product_cat-editions-limitees","11":"product_cat-choisis-pour-vous","12":"product_tag-chronographe","13":"product_tag-krzysztof-holowczyc","14":"product_tag-montre-en-edition-limitee","15":"product_tag-montre-noir","16":"product_tag-montres-automatiques","17":"product_tag-valjoux-7750","19":"first","20":"instock","21":"shipping-taxable","22":"purchasable","23":"product-type-simple"},"_links":{"self":[{"href":"https:\/\/atlanticwatches.ch\/fr\/wp-json\/wp\/v2\/product\/12895","targetHints":{"allow":["GET"]}}],"collection":[{"href":"https:\/\/atlanticwatches.ch\/fr\/wp-json\/wp\/v2\/product"}],"about":[{"href":"https:\/\/atlanticwatches.ch\/fr\/wp-json\/wp\/v2\/types\/product"}],"wp:featuredmedia":[{"embeddable":true,"href":"https:\/\/atlanticwatches.ch\/fr\/wp-json\/wp\/v2\/media\/12902"}],"wp:attachment":[{"href":"https:\/\/atlanticwatches.ch\/fr\/wp-json\/wp\/v2\/media?parent=12895"}],"wp:term":[{"taxonomy":"product_brand","embeddable":true,"href":"https:\/\/atlanticwatches.ch\/fr\/wp-json\/wp\/v2\/product_brand?post=12895"},{"taxonomy":"product_cat","embeddable":true,"href":"https:\/\/atlanticwatches.ch\/fr\/wp-json\/wp\/v2\/product_cat?post=12895"},{"taxonomy":"product_tag","embeddable":true,"href":"https:\/\/atlanticwatches.ch\/fr\/wp-json\/wp\/v2\/product_tag?post=12895"}],"curies":[{"name":"wp","href":"https:\/\/api.w.org\/{rel}","templated":true}]}}