{"id":12782,"date":"2025-11-11T23:29:47","date_gmt":"2025-11-11T22:29:47","guid":{"rendered":"https:\/\/atlanticwatches.ch\/?post_type=product&#038;p=12782"},"modified":"2025-11-17T03:43:14","modified_gmt":"2025-11-17T02:43:14","slug":"seapair-gents-quartz-black-yellow-gold-pvd","status":"publish","type":"product","link":"https:\/\/atlanticwatches.ch\/fr\/shop\/montres-pour-hommes\/seapair-gents-fr\/seapair-gents-quartz-black-yellow-gold-pvd\/","title":{"rendered":"Seapair Quartz Homme | Noir Or Jaune PVD"},"content":{"rendered":"<div class=\"wpb-content-wrapper\"><p>[vc_row][vc_column][vc_column_text css=\u00a0\u00bb\u00a0\u00bb css_params=\u00a0\u00bb\u00a0\u00bb]<strong>L&rsquo;h\u00e9ritage rencontre la confiance moderne<\/strong><\/p>\n<p data-start=\"687\" data-end=\"989\">La collection Atlantic Seapair Gents c\u00e9l\u00e8bre un nouveau chapitre de notre longue histoire d&rsquo;horlogerie suisse. Con\u00e7u pour l&rsquo;homme moderne, chaque mod\u00e8le capture l&rsquo;ADN incomparable d&rsquo;Atlantic \u2014 design intemporel, pr\u00e9cision et \u00e9l\u00e9gance \u2014 d\u00e9sormais r\u00e9imagin\u00e9 avec une touche contemporaine. <\/p>\n<p data-start=\"991\" data-end=\"1275\">Chaque d\u00e9tail t\u00e9moigne de notre h\u00e9ritage&nbsp;: les contours raffin\u00e9s du bo\u00eetier, les cadrans au design \u00e9pur\u00e9 et la sophistication discr\u00e8te qui ne crie jamais mais impressionne toujours. Sous la surface, un mouvement \u00e0 quartz suisse de haute pr\u00e9cision assure un chronom\u00e9trage impeccable, jour apr\u00e8s jour. <\/p>\n<p data-start=\"1277\" data-end=\"1448\">Qu&rsquo;elle soit associ\u00e9e \u00e0 une chemise impeccable ou \u00e0 un look d\u00e9contract\u00e9 de week-end, la Seapair incarne une polyvalence sans effort \u2014 une d\u00e9claration de style qui \u00e9volue en douceur entre les g\u00e9n\u00e9rations.<\/p>\n<p data-start=\"1450\" data-end=\"1620\">D\u00e9couvrez l&rsquo;\u00e9quilibre parfait entre tradition et innovation. D\u00e9couvrez la nouvelle collection Atlantic Seapair \u2014 con\u00e7ue pour les hommes qui appr\u00e9cient la force tranquille et le design intemporel. <\/p>\n<p>[\/vc_column_text][\/vc_column][\/vc_row]<\/p>\n<\/div>","protected":false},"excerpt":{"rendered":"<p><strong>\u00c9l\u00e9gance intemporelle. Esprit moderne. <\/strong><\/p>\n<p>La collection Atlantic Seapair allie la pr\u00e9cision suisse \u00e0 une sophistication contemporaine.<\/p>\n<p>Chaque montre refl\u00e8te notre h\u00e9ritage de savoir-faire et est con\u00e7ue pour les hommes qui appr\u00e9cient le luxe discret et la fiabilit\u00e9 au quotidien. \u00c9l\u00e9gante, \u00e9quilibr\u00e9e et raffin\u00e9e. Un compagnon id\u00e9al pour chaque occasion.  <\/p>\n","protected":false},"featured_media":12772,"template":"","meta":[],"product_brand":[],"product_cat":[1386,1138,1303,1150],"product_tag":[1585,1635,1586,1613,1546],"class_list":{"0":"post-12782","1":"product","2":"type-product","3":"status-publish","4":"has-post-thumbnail","6":"product_cat-nouveaux-arrivages","7":"product_cat-montres-pour-hommes","8":"product_cat-seapair-gents-fr","9":"product_cat-montres-a-quartz","10":"product_tag-42-mm","11":"product_tag-montre-habillee","12":"product_tag-montre-noir","13":"product_tag-montres-a-quartz","14":"product_tag-or-jaune-pvd","16":"first","17":"instock","18":"shipping-taxable","19":"purchasable","20":"product-type-simple"},"_links":{"self":[{"href":"https:\/\/atlanticwatches.ch\/fr\/wp-json\/wp\/v2\/product\/12782","targetHints":{"allow":["GET"]}}],"collection":[{"href":"https:\/\/atlanticwatches.ch\/fr\/wp-json\/wp\/v2\/product"}],"about":[{"href":"https:\/\/atlanticwatches.ch\/fr\/wp-json\/wp\/v2\/types\/product"}],"wp:featuredmedia":[{"embeddable":true,"href":"https:\/\/atlanticwatches.ch\/fr\/wp-json\/wp\/v2\/media\/12772"}],"wp:attachment":[{"href":"https:\/\/atlanticwatches.ch\/fr\/wp-json\/wp\/v2\/media?parent=12782"}],"wp:term":[{"taxonomy":"product_brand","embeddable":true,"href":"https:\/\/atlanticwatches.ch\/fr\/wp-json\/wp\/v2\/product_brand?post=12782"},{"taxonomy":"product_cat","embeddable":true,"href":"https:\/\/atlanticwatches.ch\/fr\/wp-json\/wp\/v2\/product_cat?post=12782"},{"taxonomy":"product_tag","embeddable":true,"href":"https:\/\/atlanticwatches.ch\/fr\/wp-json\/wp\/v2\/product_tag?post=12782"}],"curies":[{"name":"wp","href":"https:\/\/api.w.org\/{rel}","templated":true}]}}