{"id":12573,"date":"2025-11-12T07:49:01","date_gmt":"2025-11-12T06:49:01","guid":{"rendered":"https:\/\/atlanticwatches.ch\/?post_type=product&#038;p=12573"},"modified":"2026-01-26T10:13:36","modified_gmt":"2026-01-26T09:13:36","slug":"atlantic-worldmaster-moonphase-green-aventurine-leather-strap","status":"publish","type":"product","link":"https:\/\/atlanticwatches.ch\/fr\/shop\/montres-pour-hommes\/worldmaster\/phase-de-lune-en-aventurine\/atlantic-worldmaster-moonphase-green-aventurine-leather-strap\/","title":{"rendered":"Atlantic Worldmaster Phase de Lune Aventurine Verte | Acier Inoxydable\/Cuir"},"content":{"rendered":"<div class=\"wpb-content-wrapper\"><p>[vc_row][vc_column][vc_column_text css=\u00a0\u00bb\u00a0\u00bb css_params=\u00a0\u00bb\u00a0\u00bb]<strong>Un classique moderne en vert<\/strong><\/p>\n<p>L&rsquo;Atlantic Worldmaster Phase de Lune avec son cadran en aventurine verte apporte un nouveau raffinement \u00e0 l&rsquo;une des collections les plus embl\u00e9matiques de la marque. Le cadran captive par sa teinte vert profond et son subtil scintillement qui refl\u00e8te la lumi\u00e8re avec une \u00e9l\u00e9gance naturelle. <\/p>\n<p>L&rsquo;indication de la phase de lune apporte un rythme po\u00e9tique \u00e0 la montre, tandis que les d\u00e9tails polis et les finitions raffin\u00e9es soulignent la longue tradition horlog\u00e8re suisse d&rsquo;Atlantic.<\/p>\n<p>Intemporelle dans son design et sophistiqu\u00e9e dans sa pr\u00e9sence, cette montre c\u00e9l\u00e8bre la beaut\u00e9 de la pr\u00e9cision et l&rsquo;harmonie de l&rsquo;horlogerie classique avec une touche moderne et fra\u00eeche.[\/vc_column_text][\/vc_column][\/vc_row]<\/p>\n<\/div>","protected":false},"excerpt":{"rendered":"<p data-start=\"301\" data-end=\"468\"><strong>Une nouvelle nuance d&rsquo;intemporalit\u00e9<\/strong><\/p>\n<p data-start=\"301\" data-end=\"468\">L&rsquo;Atlantic Worldmaster Phase de Lune se pare d\u00e9sormais d&rsquo;un captivant cadran en aventurine verte \u2014 scintillant, \u00e9l\u00e9gant et totalement unique.<\/p>\n","protected":false},"featured_media":12575,"template":"","meta":[],"product_brand":[],"product_cat":[1386,1138,1249,1643,1188,1317],"product_tag":[1585,1633,1635,1589,1634,1621],"class_list":{"0":"post-12573","1":"product","2":"type-product","3":"status-publish","4":"has-post-thumbnail","6":"product_cat-nouveaux-arrivages","7":"product_cat-montres-pour-hommes","8":"product_cat-worldmaster","9":"product_cat-phase-de-lune-en-aventurine","10":"product_cat-montres-automatiques","11":"product_cat-choisis-pour-vous","12":"product_tag-42-mm","13":"product_tag-aventurine","14":"product_tag-montre-habillee","15":"product_tag-montres-automatiques","16":"product_tag-phase-de-lune","17":"product_tag-resistance-a-leau-100m","19":"first","20":"instock","21":"shipping-taxable","22":"purchasable","23":"product-type-simple"},"_links":{"self":[{"href":"https:\/\/atlanticwatches.ch\/fr\/wp-json\/wp\/v2\/product\/12573","targetHints":{"allow":["GET"]}}],"collection":[{"href":"https:\/\/atlanticwatches.ch\/fr\/wp-json\/wp\/v2\/product"}],"about":[{"href":"https:\/\/atlanticwatches.ch\/fr\/wp-json\/wp\/v2\/types\/product"}],"wp:featuredmedia":[{"embeddable":true,"href":"https:\/\/atlanticwatches.ch\/fr\/wp-json\/wp\/v2\/media\/12575"}],"wp:attachment":[{"href":"https:\/\/atlanticwatches.ch\/fr\/wp-json\/wp\/v2\/media?parent=12573"}],"wp:term":[{"taxonomy":"product_brand","embeddable":true,"href":"https:\/\/atlanticwatches.ch\/fr\/wp-json\/wp\/v2\/product_brand?post=12573"},{"taxonomy":"product_cat","embeddable":true,"href":"https:\/\/atlanticwatches.ch\/fr\/wp-json\/wp\/v2\/product_cat?post=12573"},{"taxonomy":"product_tag","embeddable":true,"href":"https:\/\/atlanticwatches.ch\/fr\/wp-json\/wp\/v2\/product_tag?post=12573"}],"curies":[{"name":"wp","href":"https:\/\/api.w.org\/{rel}","templated":true}]}}