{"id":12545,"date":"2025-11-12T06:19:03","date_gmt":"2025-11-12T05:19:03","guid":{"rendered":"https:\/\/atlanticwatches.ch\/?post_type=product&#038;p=12545"},"modified":"2025-11-12T06:40:07","modified_gmt":"2025-11-12T05:40:07","slug":"seacloud-diver-cadran-noir-bracelet-en-metal","status":"publish","type":"product","link":"https:\/\/atlanticwatches.ch\/fr\/shop\/montres-pour-hommes\/seacloud-fr\/seacloud-diver\/seacloud-diver-cadran-noir-bracelet-en-metal\/","title":{"rendered":"Seacloud Diver | Cadran noir sur bracelet m\u00e9tallique"},"content":{"rendered":"<p data-start=\"700\" data-end=\"973\"><strong data-start=\"700\" data-end=\"722\">L&rsquo;aventure avec style<\/strong><\/p>\n<p data-start=\"700\" data-end=\"973\">D\u00e9couvrez l&rsquo;Atlantic Seacloud Diver Quartz \u2013 o\u00f9 l&rsquo;artisanat suisse raffin\u00e9 rencontre un esprit d&rsquo;aventure. Confiante, pr\u00e9cise et naturellement polyvalente, c&rsquo;est une montre con\u00e7ue pour ceux qui passent harmonieusement du travail aux loisirs et \u00e0 la mer.<\/p>\n<p data-start=\"975\" data-end=\"1292\">Le bo\u00eetier en acier inoxydable de 40,5 mm d\u00e9gage force et \u00e9quilibre, tandis que le design \u00e9pur\u00e9 du cadran \u2013 disponible en blanc, bleu ou noir \u2013 capture l&rsquo;essence intemporelle du style Atlantic. Que ce soit sur un bracelet en acier poli ou sur un bracelet en cuir sportif, le Seacloud Diver trouve naturellement sa place au poignet.<\/p>\n<p data-start=\"1294\" data-end=\"1587\">Avec sa lunette tournante interne et son \u00e9tanch\u00e9it\u00e9 \u00e0 200 m, c&rsquo;est un compagnon auquel vous pouvez faire confiance, des baignades au lever du soleil aux lumi\u00e8res de la ville en fin de soir\u00e9e. Les aiguilles et les index lumineux assurent une clart\u00e9 dans toutes les conditions, tandis que la date discr\u00e8te \u00e0 3 heures ajoute une touche de praticit\u00e9 au quotidien.<\/p>\n<p data-start=\"1589\" data-end=\"1778\">Alliant l&rsquo;h\u00e9ritage d&rsquo;Atlantic au design contemporain, la Seacloud Diver Quartz incarne une nouvelle g\u00e9n\u00e9ration de montres de sport de fabrication suisse \u2014 fiables, confiantes et ind\u00e9niablement Atlantic.<\/p>\n<p data-start=\"1780\" data-end=\"1833\"><strong data-start=\"1780\" data-end=\"1833\">Fabriqu\u00e9 en Suisse. Con\u00e7u pour la profondeur. Fa\u00e7onn\u00e9 pour la vie. <\/strong><\/p>\n","protected":false},"excerpt":{"rendered":"<p><strong>Esprit sportif, pr\u00e9cision suisse<\/strong><\/p>\n<p>L&rsquo;Atlantic Seacloud Diver Quartz unit l&rsquo;artisanat suisse \u00e0 un caract\u00e8re audacieux et moderne. Con\u00e7ue pour ceux qui vivent leur vie en mouvement, elle associe une \u00e9tanch\u00e9it\u00e9 \u00e0 200 m \u00e0 une clart\u00e9 lumineuse et \u00e0 une silhouette profil\u00e9e de 40,5 mm \u2014 pr\u00eate pour chaque instant, au-dessus ou au-dessous de la surface.<\/p>\n","protected":false},"featured_media":12535,"template":"","meta":[],"product_brand":[],"product_cat":[1386,1138,1463,1627,1150],"product_tag":[1584,1583,1586,1613],"class_list":{"0":"post-12545","1":"product","2":"type-product","3":"status-publish","4":"has-post-thumbnail","6":"product_cat-nouveaux-arrivages","7":"product_cat-montres-pour-hommes","8":"product_cat-seacloud-fr","9":"product_cat-seacloud-diver","10":"product_cat-montres-a-quartz","11":"product_tag-200m-etancheite","12":"product_tag-montre-de-plongee","13":"product_tag-montre-noir","14":"product_tag-montres-a-quartz","16":"first","17":"instock","18":"shipping-taxable","19":"purchasable","20":"product-type-simple"},"_links":{"self":[{"href":"https:\/\/atlanticwatches.ch\/fr\/wp-json\/wp\/v2\/product\/12545","targetHints":{"allow":["GET"]}}],"collection":[{"href":"https:\/\/atlanticwatches.ch\/fr\/wp-json\/wp\/v2\/product"}],"about":[{"href":"https:\/\/atlanticwatches.ch\/fr\/wp-json\/wp\/v2\/types\/product"}],"wp:featuredmedia":[{"embeddable":true,"href":"https:\/\/atlanticwatches.ch\/fr\/wp-json\/wp\/v2\/media\/12535"}],"wp:attachment":[{"href":"https:\/\/atlanticwatches.ch\/fr\/wp-json\/wp\/v2\/media?parent=12545"}],"wp:term":[{"taxonomy":"product_brand","embeddable":true,"href":"https:\/\/atlanticwatches.ch\/fr\/wp-json\/wp\/v2\/product_brand?post=12545"},{"taxonomy":"product_cat","embeddable":true,"href":"https:\/\/atlanticwatches.ch\/fr\/wp-json\/wp\/v2\/product_cat?post=12545"},{"taxonomy":"product_tag","embeddable":true,"href":"https:\/\/atlanticwatches.ch\/fr\/wp-json\/wp\/v2\/product_tag?post=12545"}],"curies":[{"name":"wp","href":"https:\/\/api.w.org\/{rel}","templated":true}]}}