{"id":12446,"date":"2025-11-04T16:15:25","date_gmt":"2025-11-04T15:15:25","guid":{"rendered":"https:\/\/atlanticwatches.ch\/?post_type=product&#038;p=12446"},"modified":"2026-04-02T11:44:51","modified_gmt":"2026-04-02T09:44:51","slug":"desert-racer-vba-442-limited-edition","status":"publish","type":"product","link":"https:\/\/atlanticwatches.ch\/fr\/shop\/montres-pour-hommes\/desert-racer-vba442\/desert-racer-vba-442-limited-edition\/","title":{"rendered":"Desert Racer VBA 442 Limited Edition"},"content":{"rendered":"<h3 data-start=\"868\" data-end=\"928\"><strong>Une pr\u00e9cision fa\u00e7onn\u00e9e par le d\u00e9sert. Con\u00e7ue pour tous les jours. <\/strong><\/h3>\n<p data-start=\"930\" data-end=\"1277\">Le Desert Racer VBA 442 est un hommage \u00e0 l&rsquo;un des comp\u00e9titeurs les plus d\u00e9vou\u00e9s du rallye-raid : Adrien Van Beveren. Connu pour sa discipline in\u00e9branlable et son embl\u00e9matique num\u00e9ro de course 442, Adrien a b\u00e2ti sa carri\u00e8re sur la concentration, la r\u00e9silience et une foi in\u00e9branlable dans le progr\u00e8s continu &#8211; des valeurs qui font \u00e9cho \u00e0 notre propre philosophie horlog\u00e8re chez Atlantic. <\/p>\n<p data-start=\"1279\" data-end=\"1596\">Cette \u00e9dition sp\u00e9ciale du chronographe suisse pr\u00e9sente des accents inspir\u00e9s du sable sur un cadran racing mat, capturant l&rsquo;esprit des dunes et des paysages bruts qui d\u00e9finissent les \u00e9tapes de rallye les plus difficiles du monde. Il allie une intention robuste \u00e0 une ex\u00e9cution raffin\u00e9e &#8211; une pi\u00e8ce con\u00e7ue pour \u00eatre port\u00e9e avec aisance de la vie quotidienne \u00e0 l&rsquo;aventure. <\/p>\n<p data-start=\"1803\" data-end=\"1927\">Livr\u00e9e dans un coffret collector d\u00e9di\u00e9 avec la signature VBA 442, chaque montre est num\u00e9rot\u00e9e individuellement sur 442.<\/p>\n<p data-start=\"1929\" data-end=\"2077\">Plus qu&rsquo;un garde-temps, c&rsquo;est un symbole de d\u00e9termination et la conviction que le progr\u00e8s se gagne un moment, une d\u00e9cision, un kilom\u00e8tre \u00e0 la fois.<\/p>\n<p data-start=\"2079\" data-end=\"2163\">Pour ceux qui savent que tout voyage commence en se pr\u00e9sentant et en refusant de s&rsquo;arr\u00eater.<\/p>\n<p data-start=\"2079\" data-end=\"2163\"><img loading=\"lazy\" decoding=\"async\" class=\"aligncenter wp-image-12459 size-large\" src=\"https:\/\/atlanticwatches.ch\/wp-content\/uploads\/2025\/11\/Adrien-Van-Beveren-VBA442-LE-2025-Available-Now-1024x576.jpg\" alt=\"\" width=\"1024\" height=\"576\" srcset=\"https:\/\/atlanticwatches.ch\/wp-content\/uploads\/2025\/11\/Adrien-Van-Beveren-VBA442-LE-2025-Available-Now-1024x576.jpg 1024w, https:\/\/atlanticwatches.ch\/wp-content\/uploads\/2025\/11\/Adrien-Van-Beveren-VBA442-LE-2025-Available-Now-768x432.jpg 768w, https:\/\/atlanticwatches.ch\/wp-content\/uploads\/2025\/11\/Adrien-Van-Beveren-VBA442-LE-2025-Available-Now-640x360.jpg 640w, https:\/\/atlanticwatches.ch\/wp-content\/uploads\/2025\/11\/Adrien-Van-Beveren-VBA442-LE-2025-Available-Now-400x225.jpg 400w, https:\/\/atlanticwatches.ch\/wp-content\/uploads\/2025\/11\/Adrien-Van-Beveren-VBA442-LE-2025-Available-Now-600x338.jpg 600w\" sizes=\"auto, (max-width: 1024px) 100vw, 1024px\" \/><\/p>\n<p><img loading=\"lazy\" decoding=\"async\" class=\"alignleft wp-image-12462\" src=\"https:\/\/atlanticwatches.ch\/wp-content\/uploads\/2025\/11\/M22_3995-300x200.jpg\" alt=\"\" width=\"350\" height=\"233\"><\/p>\n<h3 data-start=\"121\" data-end=\"154\"><\/h3>\n<h3 data-start=\"121\" data-end=\"154\">Adrien Van Beveren &#8211; N\u00e9 pour le d\u00e9sert<\/h3>\n<p data-start=\"155\" data-end=\"833\">Adrien Van Beveren est l&rsquo;un des athl\u00e8tes les plus respect\u00e9s du sport automobile en rallye-raid. N\u00e9 dans le nord de la France, il a b\u00e2ti sa r\u00e9putation sur les exigeantes courses de sable du Touquet, o\u00f9 il a remport\u00e9 trois victoires cons\u00e9cutives, avant d&rsquo;introduire sa discipline, sa pr\u00e9cision et son endurance dans le monde du rallye-raid. Aujourd&rsquo;hui, il participe au plus haut niveau \u00e0 des \u00e9preuves telles que le rallye Dakar, connu pour son terrain impitoyable et ses exigences physiques et mentales extr\u00eames. Reconnu par son embl\u00e9matique num\u00e9ro de course 442, Adrien est admir\u00e9 non seulement pour ses performances, mais aussi pour son \u00e9tat d&rsquo;esprit &#8211; une d\u00e9termination tranquille, une \u00e9thique de travail implacable et une foi in\u00e9branlable dans le fait de repousser les limites, une \u00e9tape \u00e0 la fois.   <\/p>\n","protected":false},"excerpt":{"rendered":"<p data-start=\"217\" data-end=\"502\"><strong>Desert Racer VBA442 : Adrien van Beveren X Atlantic | Chronographe \u00e9dition limit\u00e9e  <\/strong><\/p>\n<p data-start=\"504\" data-end=\"691\">Inspir\u00e9e par la discipline, l\u2019endurance et la d\u00e9termination implacable qui d\u00e9finissent les courses de d\u00e9sert.<br data-start=\"591\" data-end=\"594\">Limit\u00e9e \u00e0 442 pi\u00e8ces num\u00e9rot\u00e9es individuellement, chacune pr\u00e9sent\u00e9e dans un coffret de collection VBA sp\u00e9cial.<\/p>\n<p data-start=\"693\" data-end=\"762\">Une montre con\u00e7ue pour ceux qui poursuivent leurs objectifs avec concentration et courage.<\/p>\n","protected":false},"featured_media":12448,"template":"","meta":[],"product_brand":[],"product_cat":[1664,1386,1138,1618,1353,1150,1317],"product_tag":[1620,1622,1619,1586,1613,1621,1614],"class_list":{"0":"post-12446","1":"product","2":"type-product","3":"status-publish","4":"has-post-thumbnail","6":"product_cat-grand-prix","7":"product_cat-nouveaux-arrivages","8":"product_cat-montres-pour-hommes","9":"product_cat-desert-racer-vba442","10":"product_cat-editions-limitees","11":"product_cat-montres-a-quartz","12":"product_cat-choisis-pour-vous","13":"product_tag-44mm","14":"product_tag-chronographe","15":"product_tag-montre-en-edition-limitee","16":"product_tag-montre-noir","17":"product_tag-montres-a-quartz","18":"product_tag-resistance-a-leau-100m","19":"product_tag-sports-watch","21":"first","22":"instock","23":"shipping-taxable","24":"purchasable","25":"product-type-simple"},"_links":{"self":[{"href":"https:\/\/atlanticwatches.ch\/fr\/wp-json\/wp\/v2\/product\/12446","targetHints":{"allow":["GET"]}}],"collection":[{"href":"https:\/\/atlanticwatches.ch\/fr\/wp-json\/wp\/v2\/product"}],"about":[{"href":"https:\/\/atlanticwatches.ch\/fr\/wp-json\/wp\/v2\/types\/product"}],"wp:featuredmedia":[{"embeddable":true,"href":"https:\/\/atlanticwatches.ch\/fr\/wp-json\/wp\/v2\/media\/12448"}],"wp:attachment":[{"href":"https:\/\/atlanticwatches.ch\/fr\/wp-json\/wp\/v2\/media?parent=12446"}],"wp:term":[{"taxonomy":"product_brand","embeddable":true,"href":"https:\/\/atlanticwatches.ch\/fr\/wp-json\/wp\/v2\/product_brand?post=12446"},{"taxonomy":"product_cat","embeddable":true,"href":"https:\/\/atlanticwatches.ch\/fr\/wp-json\/wp\/v2\/product_cat?post=12446"},{"taxonomy":"product_tag","embeddable":true,"href":"https:\/\/atlanticwatches.ch\/fr\/wp-json\/wp\/v2\/product_tag?post=12446"}],"curies":[{"name":"wp","href":"https:\/\/api.w.org\/{rel}","templated":true}]}}