{"id":11803,"date":"2025-07-03T11:10:25","date_gmt":"2025-07-03T09:10:25","guid":{"rendered":"https:\/\/atlanticwatches.ch\/?post_type=product&#038;p=11803"},"modified":"2025-12-01T16:41:34","modified_gmt":"2025-12-01T15:41:34","slug":"seawave-35mm-yellow-gold-pvd-golden-dial","status":"publish","type":"product","link":"https:\/\/atlanticwatches.ch\/fr\/shop\/montres-pour-dames\/seawave-35mm-fr\/seawave-35mm-yellow-gold-pvd-golden-dial\/","title":{"rendered":"Seawave 35mm | Or jaune PVD avec cadran dor\u00e9"},"content":{"rendered":"<p><strong>Un nouveau chapitre de lumi\u00e8re, d&rsquo;\u00e9l\u00e9gance et de charme estival<\/strong><\/p>\n<p>La collection Atlantic Seawave incarne depuis longtemps une polyvalence intemporelle \u2014 de la sophistication audacieuse du <a href=\"https:\/\/atlanticwatches.ch\/?s=seawave+gents\">mod\u00e8le 40 mm<\/a> \u00e0 la confiance dynamique de la <a href=\"https:\/\/atlanticwatches.ch\/?s=seawave+chrono\">Seawave Chronograph<\/a>. D\u00e9sormais, la nouvelle Seawave 35 mm introduit une interpr\u00e9tation plus d\u00e9licate et d\u00e9sinvolte : raffin\u00e9e, radieuse et d&rsquo;une \u00e9l\u00e9gance naturelle.<\/p>\n<p>Con\u00e7ue pour ceux qui portent l&rsquo;\u00e9t\u00e9 dans leur \u00e2me, cette montre Swiss Made \u00e0 quartz allie la pr\u00e9cision moderne \u00e0 une pr\u00e9sence douce et luxueuse. Son bo\u00eetier et son bracelet int\u00e9gr\u00e9s en acier inoxydable &#8211; bross\u00e9s et polis \u00e0 la perfection &#8211; enveloppent d\u00e9licatement le poignet, offrant confort et style contemporain \u00e0 parts \u00e9gales. <\/p>\n<p>Le cadran est un v\u00e9ritable joyau : un motif qui refl\u00e8te la lumi\u00e8re comme le soleil dansant sur la mer. Disponible dans une palette de tons saisonniers &#8211; du vert pistache au bleu ciel en passant par la nacre lumineuse, l&rsquo;argent soyeux, le rouge profond et la chaleur dor\u00e9e &#8211; chaque variation est orn\u00e9e de 13 pierres Swarovski\u00ae Cubic Zirconia, qui apportent la juste touche de brillance. <\/p>\n<p>Avec une r\u00e9sistance \u00e0 l&rsquo;eau de 100 m\u00e8tres, la Seawave 35mm est pr\u00eate \u00e0 vous accompagner, des matin\u00e9es c\u00f4ti\u00e8res aux soir\u00e9es sur les toits.<\/p>\n<p>Le garde-temps id\u00e9al pour ceux qui recherchent la beaut\u00e9 dans les d\u00e9tails et l&rsquo;\u00e9l\u00e9gance \u00e0 chaque instant.<\/p>\n","protected":false},"excerpt":{"rendered":"<p><strong>La sensation de l&rsquo;\u00e9t\u00e9 &#8211; pour votre poignet<\/strong><\/p>\n<p>Apr\u00e8s l&rsquo;audacieuse <a href=\"https:\/\/atlanticwatches.ch\/?s=seawave+gents\">Seawave 40 mm<\/a> et la sportive <a href=\"https:\/\/atlanticwatches.ch\/?s=seawave+chrono\">Seawave Chronograph<\/a>, nous accueillons maintenant la Seawave 35 mm &#8211; impr\u00e9gn\u00e9e de vibrations estivales et d&rsquo;un charme \u00e9tincelant.<\/p>\n<p>Moderne, ludique et raffin\u00e9e sans effort, cette derni\u00e8re n\u00e9e allie couleur, \u00e9l\u00e9gance et pr\u00e9cision suisse dans une parfaite harmonie. Avec son bracelet int\u00e9gr\u00e9 en acier, son cadran radieux, son \u00e9tanch\u00e9it\u00e9 \u00e0 100 m et ses 13 pierres Swarovski\u00ae Cubic Zirconia scintillantes, elle vous accompagnera avec l\u00e9g\u00e8ret\u00e9 dans tous les moments ensoleill\u00e9s. <\/p>\n","protected":false},"featured_media":11889,"template":"","meta":[],"product_brand":[],"product_cat":[1456,1168,1525,1150],"product_tag":[1529,1528,1526,1546,1527],"class_list":{"0":"post-11803","1":"product","2":"type-product","3":"status-publish","4":"has-post-thumbnail","6":"product_cat-seawave","7":"product_cat-montres-pour-dames","8":"product_cat-seawave-35mm-fr","9":"product_cat-montres-a-quartz","10":"product_tag-35mm-fr","11":"product_tag-ete","12":"product_tag-onde-de-mer","13":"product_tag-or-jaune-pvd","14":"product_tag-swarowski-fr","16":"first","17":"instock","18":"shipping-taxable","19":"purchasable","20":"product-type-simple"},"_links":{"self":[{"href":"https:\/\/atlanticwatches.ch\/fr\/wp-json\/wp\/v2\/product\/11803","targetHints":{"allow":["GET"]}}],"collection":[{"href":"https:\/\/atlanticwatches.ch\/fr\/wp-json\/wp\/v2\/product"}],"about":[{"href":"https:\/\/atlanticwatches.ch\/fr\/wp-json\/wp\/v2\/types\/product"}],"wp:featuredmedia":[{"embeddable":true,"href":"https:\/\/atlanticwatches.ch\/fr\/wp-json\/wp\/v2\/media\/11889"}],"wp:attachment":[{"href":"https:\/\/atlanticwatches.ch\/fr\/wp-json\/wp\/v2\/media?parent=11803"}],"wp:term":[{"taxonomy":"product_brand","embeddable":true,"href":"https:\/\/atlanticwatches.ch\/fr\/wp-json\/wp\/v2\/product_brand?post=11803"},{"taxonomy":"product_cat","embeddable":true,"href":"https:\/\/atlanticwatches.ch\/fr\/wp-json\/wp\/v2\/product_cat?post=11803"},{"taxonomy":"product_tag","embeddable":true,"href":"https:\/\/atlanticwatches.ch\/fr\/wp-json\/wp\/v2\/product_tag?post=11803"}],"curies":[{"name":"wp","href":"https:\/\/api.w.org\/{rel}","templated":true}]}}