{"id":11694,"date":"2025-06-20T10:14:47","date_gmt":"2025-06-20T08:14:47","guid":{"rendered":"https:\/\/atlanticwatches.ch\/?post_type=product&#038;p=11694"},"modified":"2025-11-16T10:14:24","modified_gmt":"2025-11-16T09:14:24","slug":"atlantic-mariner-wave-quartz-gmt-green","status":"publish","type":"product","link":"https:\/\/atlanticwatches.ch\/fr\/shop\/montres-pour-hommes\/mariner-wave\/mariner-quartz-wave-fr\/atlantic-mariner-wave-quartz-gmt-green\/","title":{"rendered":"Atlantic Mariner Wave | Quartz GMT Verte"},"content":{"rendered":"<p data-start=\"274\" data-end=\"306\"><strong data-start=\"274\" data-end=\"306\">\u00c0 travers les oc\u00e9ans. \u00c0 travers le temps. <\/strong><\/p>\n<p data-start=\"308\" data-end=\"789\">L&rsquo;Atlantic Mariner Quartz Wave GMT a \u00e9t\u00e9 cr\u00e9\u00e9e pour ceux qui sont toujours en mouvement &#8211; entre les villes, les continents, au-del\u00e0 des fronti\u00e8res.<br data-start=\"444\" data-end=\"447\">Avec son cadran vibrant \u00e0 la structure ondul\u00e9e, son aiguille GMT rouge audacieuse et sa lunette 24 heures assortie, ce garde-temps fabriqu\u00e9 en Suisse vous permet de suivre un second fuseau horaire avec clart\u00e9 et facilit\u00e9. Un affichage pratique de la date \u00e0 3 heures, des aiguilles et des index remplis de Superluminova\u00ae et un robuste bo\u00eetier en acier inoxydable de 42 mm garantissent une performance aussi s\u00fbre que son apparence. <\/p>\n<p data-start=\"791\" data-end=\"1085\">Prot\u00e9g\u00e9e par un verre saphir inrayable et \u00e9tanche \u00e0 200 m\u00e8tres, c&rsquo;est une compagne con\u00e7ue non seulement pour les voyages, mais aussi pour la fa\u00e7on dont vous les vivez.<br data-start=\"956\" data-end=\"959\">Disponible dans des coloris puissants inspir\u00e9s par la mer et les tons changeants de la nature, la Mariner GMT est une pr\u00e9cision qui a sa raison d&rsquo;\u00eatre.<\/p>\n<p data-start=\"1087\" data-end=\"1171\"><strong data-start=\"1087\" data-end=\"1171\">Du lever du soleil aux lumi\u00e8res de la ville &#8211; une seule montre. Deux fuseaux horaires. Un nombre illimit\u00e9 de destinations.  <\/strong><\/p>\n<hr>\n<p data-start=\"1087\" data-end=\"1171\"><img loading=\"lazy\" decoding=\"async\" class=\"aligncenter wp-image-12670 size-full\" src=\"https:\/\/atlanticwatches.ch\/wp-content\/uploads\/2025\/06\/Mariner-Wave-Quartz-GMT-scaled.webp\" alt=\"\" width=\"1920\" height=\"1080\" srcset=\"https:\/\/atlanticwatches.ch\/wp-content\/uploads\/2025\/06\/Mariner-Wave-Quartz-GMT-scaled.webp 1920w, https:\/\/atlanticwatches.ch\/wp-content\/uploads\/2025\/06\/Mariner-Wave-Quartz-GMT-1024x576.webp 1024w, https:\/\/atlanticwatches.ch\/wp-content\/uploads\/2025\/06\/Mariner-Wave-Quartz-GMT-768x432.webp 768w, https:\/\/atlanticwatches.ch\/wp-content\/uploads\/2025\/06\/Mariner-Wave-Quartz-GMT-1536x864.webp 1536w, https:\/\/atlanticwatches.ch\/wp-content\/uploads\/2025\/06\/Mariner-Wave-Quartz-GMT-640x360.webp 640w, https:\/\/atlanticwatches.ch\/wp-content\/uploads\/2025\/06\/Mariner-Wave-Quartz-GMT-400x225.webp 400w, https:\/\/atlanticwatches.ch\/wp-content\/uploads\/2025\/06\/Mariner-Wave-Quartz-GMT-600x338.webp 600w\" sizes=\"auto, (max-width: 1920px) 100vw, 1920px\" \/><\/p>\n","protected":false},"excerpt":{"rendered":"<p><strong>Toujours \u00e0 l&rsquo;heure. O\u00f9 que vous soyez. <\/strong><\/p>\n<p>L&rsquo;Atlantic Mariner Quartz Wave GMT est faite pour ceux qui vivent entre deux mondes &#8211; audacieuse dans son design, pr\u00e9cise dans ses fonctions et suisse dans l&rsquo;\u00e2me.<br data-start=\"363\" data-end=\"366\">Avec un double fuseau horaire, un cadran structur\u00e9 en forme de vague et une lunette 24 heures, c&rsquo;est votre partenaire fiable pour les trajets quotidiens comme pour les voyages lointains.<\/p>\n<p><strong data-start=\"508\" data-end=\"575\">Choisissez votre couleur. Prenez votre temps. D\u00e9couvrez la collection d\u00e8s maintenant.  <\/strong><\/p>\n","protected":false},"featured_media":12636,"template":"","meta":[],"product_brand":[],"product_cat":[1138,1484,1150],"product_tag":[1584,1585,1513,1582,1583,1661,1614],"class_list":{"0":"post-11694","1":"product","2":"type-product","3":"status-publish","4":"has-post-thumbnail","6":"product_cat-montres-pour-hommes","7":"product_cat-mariner-quartz-wave-fr","8":"product_cat-montres-a-quartz","9":"product_tag-200m-etancheite","10":"product_tag-42-mm","11":"product_tag-gmt-fr","12":"product_tag-mariner","13":"product_tag-montre-de-plongee","14":"product_tag-montre-verte","15":"product_tag-sports-watch","17":"first","18":"instock","19":"shipping-taxable","20":"purchasable","21":"product-type-simple"},"_links":{"self":[{"href":"https:\/\/atlanticwatches.ch\/fr\/wp-json\/wp\/v2\/product\/11694","targetHints":{"allow":["GET"]}}],"collection":[{"href":"https:\/\/atlanticwatches.ch\/fr\/wp-json\/wp\/v2\/product"}],"about":[{"href":"https:\/\/atlanticwatches.ch\/fr\/wp-json\/wp\/v2\/types\/product"}],"wp:featuredmedia":[{"embeddable":true,"href":"https:\/\/atlanticwatches.ch\/fr\/wp-json\/wp\/v2\/media\/12636"}],"wp:attachment":[{"href":"https:\/\/atlanticwatches.ch\/fr\/wp-json\/wp\/v2\/media?parent=11694"}],"wp:term":[{"taxonomy":"product_brand","embeddable":true,"href":"https:\/\/atlanticwatches.ch\/fr\/wp-json\/wp\/v2\/product_brand?post=11694"},{"taxonomy":"product_cat","embeddable":true,"href":"https:\/\/atlanticwatches.ch\/fr\/wp-json\/wp\/v2\/product_cat?post=11694"},{"taxonomy":"product_tag","embeddable":true,"href":"https:\/\/atlanticwatches.ch\/fr\/wp-json\/wp\/v2\/product_tag?post=11694"}],"curies":[{"name":"wp","href":"https:\/\/api.w.org\/{rel}","templated":true}]}}