{"id":11692,"date":"2025-06-20T10:01:25","date_gmt":"2025-06-20T08:01:25","guid":{"rendered":"https:\/\/atlanticwatches.ch\/?post_type=product&#038;p=11692"},"modified":"2025-11-16T10:06:53","modified_gmt":"2025-11-16T09:06:53","slug":"atlantic-mariner-quartz-wave-black-pu-strap","status":"publish","type":"product","link":"https:\/\/atlanticwatches.ch\/fr\/shop\/montres-pour-hommes\/mariner-wave\/mariner-quartz-wave-fr\/atlantic-mariner-quartz-wave-black-pu-strap\/","title":{"rendered":"Atlantic Mariner Quartz Wave | Acier noir sur bracelet en PU"},"content":{"rendered":"<p><strong>L&rsquo;esprit de la mer, captur\u00e9 dans l&rsquo;acier<\/strong><\/p>\n<p>La collection Atlantic Mariner Quartz Wave est con\u00e7ue pour ceux qui se sentent le plus en vie pr\u00e8s de l&rsquo;eau &#8211; et qui ne font jamais de compromis sur la pr\u00e9cision. Inspir\u00e9e par le rythme en perp\u00e9tuel mouvement de la mer, chaque montre de la collection pr\u00e9sente un cadran structur\u00e9 en vagues qui capte les changements de lumi\u00e8re comme des ondulations \u00e0 la surface de l&rsquo;eau. <\/p>\n<p>Sous la beaut\u00e9 se cache une fonctionnalit\u00e9 suisse : un bo\u00eetier robuste de 42 mm, une couronne et un fond viss\u00e9s, un verre saphir et une r\u00e9sistance \u00e0 l&rsquo;eau de 200 m\u00e8tres garantissent que ces garde-temps sont aussi performants qu&rsquo;ils sont beaux. Les aiguilles et les index remplis de Superluminova\u00ae offrent une grande clart\u00e9 dans toutes les conditions, tandis que la vari\u00e9t\u00e9 des finitions &#8211; de l&rsquo;acier inoxydable classique \u00e0 l&rsquo;or rose PVD bicolore ou aux bracelets sportifs en PU noir &#8211; vous donne la libert\u00e9 de choisir votre style. <\/p>\n<p>Con\u00e7ue pour vous accompagner \u00e0 chaque mar\u00e9e, la Mariner Quartz Wave est votre compagnon de tous les jours pour une vie en mouvement.<\/p>\n<hr>\n<p><img loading=\"lazy\" decoding=\"async\" class=\"aligncenter wp-image-12667 size-full\" src=\"https:\/\/atlanticwatches.ch\/wp-content\/uploads\/2025\/06\/Mariner-Wave-Quartz-PU-scaled.webp\" alt=\"\" width=\"1920\" height=\"1080\" srcset=\"https:\/\/atlanticwatches.ch\/wp-content\/uploads\/2025\/06\/Mariner-Wave-Quartz-PU-scaled.webp 1920w, https:\/\/atlanticwatches.ch\/wp-content\/uploads\/2025\/06\/Mariner-Wave-Quartz-PU-1024x576.webp 1024w, https:\/\/atlanticwatches.ch\/wp-content\/uploads\/2025\/06\/Mariner-Wave-Quartz-PU-768x432.webp 768w, https:\/\/atlanticwatches.ch\/wp-content\/uploads\/2025\/06\/Mariner-Wave-Quartz-PU-1536x864.webp 1536w, https:\/\/atlanticwatches.ch\/wp-content\/uploads\/2025\/06\/Mariner-Wave-Quartz-PU-640x360.webp 640w, https:\/\/atlanticwatches.ch\/wp-content\/uploads\/2025\/06\/Mariner-Wave-Quartz-PU-400x225.webp 400w, https:\/\/atlanticwatches.ch\/wp-content\/uploads\/2025\/06\/Mariner-Wave-Quartz-PU-600x338.webp 600w\" sizes=\"auto, (max-width: 1920px) 100vw, 1920px\" \/><\/p>\n","protected":false},"excerpt":{"rendered":"<p><strong>La vague de fiabilit\u00e9 suisse.<\/strong><\/p>\n<p>Plongez dans l&rsquo;Atlantic Mariner Quartz Wave &#8211; une collection o\u00f9 la pr\u00e9cision suisse rencontre l&rsquo;esprit de la mer. Chaque montre de 42 mm pr\u00e9sente un cadran dynamique structur\u00e9 en vagues, des aiguilles et des index remplis de Superluminova\u00ae et est \u00e9tanche jusqu&rsquo;\u00e0 200 m\u00e8tres. Qu&rsquo;elles soient en acier classique, en bicolore \u00e9l\u00e9gant ou en bracelet PU sportif, ces montres sont con\u00e7ues pour vous accompagner &#8211; des eaux libres aux moments de la vie quotidienne.  <\/p>\n<p>D\u00e9couvrez d\u00e8s maintenant votre variante pr\u00e9f\u00e9r\u00e9e.<\/p>\n","protected":false},"featured_media":12639,"template":"","meta":[],"product_brand":[],"product_cat":[1138,1484,1150],"product_tag":[1584,1585,1658,1582,1583,1586,1613,1614],"class_list":{"0":"post-11692","1":"product","2":"type-product","3":"status-publish","4":"has-post-thumbnail","6":"product_cat-montres-pour-hommes","7":"product_cat-mariner-quartz-wave-fr","8":"product_cat-montres-a-quartz","9":"product_tag-200m-etancheite","10":"product_tag-42-mm","11":"product_tag-bracelet-en-pu","12":"product_tag-mariner","13":"product_tag-montre-de-plongee","14":"product_tag-montre-noir","15":"product_tag-montres-a-quartz","16":"product_tag-sports-watch","18":"first","19":"instock","20":"shipping-taxable","21":"purchasable","22":"product-type-simple"},"_links":{"self":[{"href":"https:\/\/atlanticwatches.ch\/fr\/wp-json\/wp\/v2\/product\/11692","targetHints":{"allow":["GET"]}}],"collection":[{"href":"https:\/\/atlanticwatches.ch\/fr\/wp-json\/wp\/v2\/product"}],"about":[{"href":"https:\/\/atlanticwatches.ch\/fr\/wp-json\/wp\/v2\/types\/product"}],"wp:featuredmedia":[{"embeddable":true,"href":"https:\/\/atlanticwatches.ch\/fr\/wp-json\/wp\/v2\/media\/12639"}],"wp:attachment":[{"href":"https:\/\/atlanticwatches.ch\/fr\/wp-json\/wp\/v2\/media?parent=11692"}],"wp:term":[{"taxonomy":"product_brand","embeddable":true,"href":"https:\/\/atlanticwatches.ch\/fr\/wp-json\/wp\/v2\/product_brand?post=11692"},{"taxonomy":"product_cat","embeddable":true,"href":"https:\/\/atlanticwatches.ch\/fr\/wp-json\/wp\/v2\/product_cat?post=11692"},{"taxonomy":"product_tag","embeddable":true,"href":"https:\/\/atlanticwatches.ch\/fr\/wp-json\/wp\/v2\/product_tag?post=11692"}],"curies":[{"name":"wp","href":"https:\/\/api.w.org\/{rel}","templated":true}]}}