{"id":11329,"date":"2024-02-09T16:13:15","date_gmt":"2024-02-09T15:13:15","guid":{"rendered":"https:\/\/atlanticwatches.ch\/shop\/non class\u00e9\/remontoir-de-luxe\/"},"modified":"2024-02-09T16:13:15","modified_gmt":"2024-02-09T15:13:15","slug":"remontoir-de-luxe","status":"publish","type":"product","link":"https:\/\/atlanticwatches.ch\/fr\/shop\/accessoires\/remontoir-de-luxe\/","title":{"rendered":"Remontoir de luxe"},"content":{"rendered":"<p>Notre Remontoir de luxe n&rsquo;est pas seulement un outil, mais une extension de votre passion pour l&rsquo;horlogerie. Il repr\u00e9sente un engagement \u00e0 pr\u00e9server l&rsquo;art et la pr\u00e9cision de vos montres automatiques, en veillant \u00e0 ce qu&rsquo;elles r\u00e9sistent \u00e0 l&rsquo;\u00e9preuve du temps, tant en termes de fonctionnalit\u00e9 que d&rsquo;attrait esth\u00e9tique. <\/p>\n<p>Con\u00e7ue pour ceux qui exigent le meilleur, elle offre un m\u00e9lange de technologie, de style et de s\u00e9curit\u00e9 qui s&rsquo;int\u00e8gre parfaitement au style de vie de l&rsquo;amateur de montres moderne.<\/p>\n<p><strong>Ajouter au panier<\/strong> &#8211; Offrez \u00e0 vos montres le soin qu&rsquo;elles m\u00e9ritent et enrichissez votre collection avec notre Remontoir pour montres de luxe.<\/p>\n<p>&nbsp;<\/p>\n<p>&nbsp;<\/p>\n","protected":false},"excerpt":{"rendered":"<p><strong>\u00c9levez votre exp\u00e9rience de l&rsquo;horlogerie<\/strong><\/p>\n<p>Notre remontoir de montre de luxe est con\u00e7u pour les collectionneurs exigeants qui appr\u00e9cient la pr\u00e9cision, le luxe et le plus grand soin apport\u00e9 \u00e0 leurs montres exquises.<\/p>\n<p>M\u00e9ticuleusement con\u00e7u pour allier fonctionnalit\u00e9 et \u00e9l\u00e9gance, notre remontoir de montre garantit que vos montres automatiques restent remont\u00e9es et pr\u00eates \u00e0 \u00eatre port\u00e9es \u00e0 tout moment.<\/p>\n","protected":false},"featured_media":11083,"template":"","meta":[],"product_brand":[],"product_cat":[1470],"product_tag":[],"class_list":{"0":"post-11329","1":"product","2":"type-product","3":"status-publish","4":"has-post-thumbnail","6":"product_cat-accessoires","8":"first","9":"instock","10":"shipping-taxable","11":"purchasable","12":"product-type-simple"},"_links":{"self":[{"href":"https:\/\/atlanticwatches.ch\/fr\/wp-json\/wp\/v2\/product\/11329","targetHints":{"allow":["GET"]}}],"collection":[{"href":"https:\/\/atlanticwatches.ch\/fr\/wp-json\/wp\/v2\/product"}],"about":[{"href":"https:\/\/atlanticwatches.ch\/fr\/wp-json\/wp\/v2\/types\/product"}],"wp:featuredmedia":[{"embeddable":true,"href":"https:\/\/atlanticwatches.ch\/fr\/wp-json\/wp\/v2\/media\/11083"}],"wp:attachment":[{"href":"https:\/\/atlanticwatches.ch\/fr\/wp-json\/wp\/v2\/media?parent=11329"}],"wp:term":[{"taxonomy":"product_brand","embeddable":true,"href":"https:\/\/atlanticwatches.ch\/fr\/wp-json\/wp\/v2\/product_brand?post=11329"},{"taxonomy":"product_cat","embeddable":true,"href":"https:\/\/atlanticwatches.ch\/fr\/wp-json\/wp\/v2\/product_cat?post=11329"},{"taxonomy":"product_tag","embeddable":true,"href":"https:\/\/atlanticwatches.ch\/fr\/wp-json\/wp\/v2\/product_tag?post=11329"}],"curies":[{"name":"wp","href":"https:\/\/api.w.org\/{rel}","templated":true}]}}