{"id":11326,"date":"2023-11-21T09:38:07","date_gmt":"2023-11-21T08:38:07","guid":{"rendered":"https:\/\/atlanticwatches.ch\/shop\/non%20class\u00e9\/bracelet-atlantic-worldmaster-bicompax-bicolore-sur-metal\/"},"modified":"2026-02-06T06:21:25","modified_gmt":"2026-02-06T05:21:25","slug":"atlantic-worldmaster-bicompax-dual-color-on-metal-bracelet","status":"publish","type":"product","link":"https:\/\/atlanticwatches.ch\/fr\/shop\/montres-pour-hommes\/worldmaster\/bicompax-legend-edition-fr\/atlantic-worldmaster-bicompax-dual-color-on-metal-bracelet\/","title":{"rendered":"Bracelet Atlantic Worldmaster Bicompax bicolore sur m\u00e9tal"},"content":{"rendered":"<p><strong>Un classique intemporel revisit\u00e9<\/strong><\/p>\n<p>D\u00e9couvrez le summum de la sophistication des chronographes avec la collection Bicompax d&rsquo;Atlantic Watches, o\u00f9 l&rsquo;\u00e9l\u00e9gance rencontre la pr\u00e9cision dans une symphonie de design. Con\u00e7ue pour ceux qui appr\u00e9cient la m\u00e9ticulosit\u00e9 de l&rsquo;horlogerie suisse, cette collection est un hommage \u00e0 la tradition intemporelle fusionn\u00e9e avec le flair contemporain. <\/p>\n<p><strong>Un savoir-faire exquis<\/strong><\/p>\n<p>Au c\u0153ur de chaque garde-temps, le mouvement automatique bicompax Sellita SW510-BHa de fabrication suisse est un gage de fiabilit\u00e9 et de pr\u00e9cision. Visible \u00e0 travers le fond du bo\u00eetier d&rsquo;exposition, le mouvement est un spectacle d&rsquo;art horloger. <\/p>\n<p><strong>Con\u00e7u pour impressionner<\/strong><\/p>\n<p>Envelopp\u00e9e dans une coque de 42 mm de diam\u00e8tre, la collection Bicompax est une d\u00e9claration d&rsquo;audace qui se tient confortablement au poignet. Le verre saphir avec traitement antireflet assure une clart\u00e9 in\u00e9gal\u00e9e quelle que soit la lumi\u00e8re, pr\u00e9servant ainsi la lisibilit\u00e9 et la beaut\u00e9 de la montre. <\/p>\n<p><strong>Des cadrans qui en disent long<\/strong><\/p>\n<p>Choisissez parmi trois versions de cadran captivantes : le bleu profond qui refl\u00e8te l&rsquo;immensit\u00e9 de l&rsquo;oc\u00e9an, le noir saisissant qui incarne l&rsquo;attrait de la nuit, ou le gris\/noir qui \u00e9voque les aubes brumeuses. Chaque cadran est une toile qui met en sc\u00e8ne l&rsquo;art du temps. <\/p>\n<p><strong>La durabilit\u00e9 au service du design<\/strong><\/p>\n<p>Avec une \u00e9tanch\u00e9it\u00e9 jusqu&rsquo;\u00e0 50 m\u00e8tres, ces montres ne sont pas seulement con\u00e7ues pour l&rsquo;admiration, mais aussi pour la r\u00e9sistance. Que vous assistiez \u00e0 un \u00e9v\u00e9nement officiel ou que vous exploriez le paysage urbain, la collection Bicompax promet des performances dans tous les environnements. <\/p>\n<p><strong>Votre style, votre d\u00e9claration<\/strong><\/p>\n<p>Compl\u00e9tez votre garde-temps avec le bracelet de votre choix. Optez pour la robustesse d&rsquo;un bracelet m\u00e9tallique, \u00e0 l&rsquo;esth\u00e9tique moderne et \u00e9pur\u00e9e, ou pour la sophistication classique d&rsquo;un bracelet en cuir v\u00e9ritable, qui vieillira avec vous. <\/p>\n<p><strong>Adoptez la collection Bicompax<\/strong><\/p>\n<p>Rejoignez la ligue des personnes exigeantes qui savent qu&rsquo;une montre raconte plus que l&rsquo;heure, elle raconte leur histoire. Avec la collection Bicompax d&rsquo;Atlantic Watches, vous ne portez pas seulement un garde-temps, vous portez un h\u00e9ritage \u00e0 votre poignet. <\/p>\n<hr>\n<p><a href=\"https:\/\/atlanticwatches.ch\/fr\/categorie-produit\/montres-pour-hommes\/worldmaster\/bicompax-legend-edition-fr\/\"><img loading=\"lazy\" decoding=\"async\" class=\"aligncenter wp-image-8391 size-large\" src=\"https:\/\/atlanticwatches.ch\/wp-content\/uploads\/2023\/11\/Atlantic-Bicompax-Collection-Legend-Edition-1024x576.jpg\" alt=\"\" width=\"1024\" height=\"576\" srcset=\"https:\/\/atlanticwatches.ch\/wp-content\/uploads\/2023\/11\/Atlantic-Bicompax-Collection-Legend-Edition-1024x576.jpg 1024w, https:\/\/atlanticwatches.ch\/wp-content\/uploads\/2023\/11\/Atlantic-Bicompax-Collection-Legend-Edition-768x432.jpg 768w, https:\/\/atlanticwatches.ch\/wp-content\/uploads\/2023\/11\/Atlantic-Bicompax-Collection-Legend-Edition-640x360.jpg 640w, https:\/\/atlanticwatches.ch\/wp-content\/uploads\/2023\/11\/Atlantic-Bicompax-Collection-Legend-Edition-400x225.jpg 400w, https:\/\/atlanticwatches.ch\/wp-content\/uploads\/2023\/11\/Atlantic-Bicompax-Collection-Legend-Edition-600x338.jpg 600w\" sizes=\"auto, (max-width: 1024px) 100vw, 1024px\" \/><\/a><\/p>\n","protected":false},"excerpt":{"rendered":"<p>Bienvenue dans le monde distingu\u00e9 d&rsquo;Atlantic Watches, o\u00f9 la pr\u00e9cision et l&rsquo;\u00e9l\u00e9gance battent \u00e0 l&rsquo;unisson avec le temps.<\/p>\n<p>Nous sommes fiers de d\u00e9voiler notre dernier chef-d&rsquo;\u0153uvre, la collection Bicompax. T\u00e9moignage de la ma\u00eetrise horlog\u00e8re suisse, cette ligne est l&rsquo;aboutissement d&rsquo;un d\u00e9vouement sans faille \u00e0 la qualit\u00e9 et au design. <\/p>\n<p>Laissez-vous s\u00e9duire par la perfection d&rsquo;un chronographe qui ne se contente pas de mesurer le temps, mais annonce son style et son caract\u00e8re \u00e0 chaque tic-tac.<\/p>\n","protected":false},"featured_media":11328,"template":"","meta":[],"product_brand":[],"product_cat":[1138,1249,1409,1188,1317],"product_tag":[],"class_list":{"0":"post-11326","1":"product","2":"type-product","3":"status-publish","4":"has-post-thumbnail","6":"product_cat-montres-pour-hommes","7":"product_cat-worldmaster","8":"product_cat-bicompax-legend-edition-fr","9":"product_cat-montres-automatiques","10":"product_cat-choisis-pour-vous","12":"first","13":"instock","14":"shipping-taxable","15":"purchasable","16":"product-type-simple"},"_links":{"self":[{"href":"https:\/\/atlanticwatches.ch\/fr\/wp-json\/wp\/v2\/product\/11326","targetHints":{"allow":["GET"]}}],"collection":[{"href":"https:\/\/atlanticwatches.ch\/fr\/wp-json\/wp\/v2\/product"}],"about":[{"href":"https:\/\/atlanticwatches.ch\/fr\/wp-json\/wp\/v2\/types\/product"}],"wp:featuredmedia":[{"embeddable":true,"href":"https:\/\/atlanticwatches.ch\/fr\/wp-json\/wp\/v2\/media\/11328"}],"wp:attachment":[{"href":"https:\/\/atlanticwatches.ch\/fr\/wp-json\/wp\/v2\/media?parent=11326"}],"wp:term":[{"taxonomy":"product_brand","embeddable":true,"href":"https:\/\/atlanticwatches.ch\/fr\/wp-json\/wp\/v2\/product_brand?post=11326"},{"taxonomy":"product_cat","embeddable":true,"href":"https:\/\/atlanticwatches.ch\/fr\/wp-json\/wp\/v2\/product_cat?post=11326"},{"taxonomy":"product_tag","embeddable":true,"href":"https:\/\/atlanticwatches.ch\/fr\/wp-json\/wp\/v2\/product_tag?post=11326"}],"curies":[{"name":"wp","href":"https:\/\/api.w.org\/{rel}","templated":true}]}}