{"id":11288,"date":"2024-08-23T15:50:56","date_gmt":"2024-08-23T13:50:56","guid":{"rendered":"https:\/\/atlanticwatches.ch\/shop\/non class\u00e9\/seaport-small-second-cadran-noir-sur-bracelet-cuir\/"},"modified":"2024-08-23T15:50:56","modified_gmt":"2024-08-23T13:50:56","slug":"seaport-small-second-cadran-noir-sur-bracelet-cuir","status":"publish","type":"product","link":"https:\/\/atlanticwatches.ch\/fr\/shop\/montres-pour-hommes\/seaport\/seaport-small-second-fr\/seaport-small-second-cadran-noir-sur-bracelet-cuir\/","title":{"rendered":"Seaport Small Second | Cadran noir sur bracelet cuir"},"content":{"rendered":"<p><strong>La pr\u00e9cision rencontre le prestige : L&rsquo;\u00e9l\u00e9gance suisse intemporelle pour toutes les occasions<\/strong><\/p>\n<p>Laissez-vous s\u00e9duire par l&rsquo;\u00e9l\u00e9gance raffin\u00e9e de l&rsquo;Atlantic Seaport Small Second Collection, une s\u00e9rie de garde-temps qui repr\u00e9sentent le z\u00e9nith de l&rsquo;art horloger suisse. Fabriqu\u00e9e avec une attention m\u00e9ticuleuse aux d\u00e9tails, chaque montre est \u00e9quip\u00e9e d&rsquo;un mouvement \u00e0 quartz de Ronda Swiss, r\u00e9put\u00e9 pour sa fiabilit\u00e9 et sa pr\u00e9cision. Le verre, un saphir robuste, offre une r\u00e9sistance in\u00e9gal\u00e9e aux rayures, garantissant que le cadran de votre montre reste intact au fil du temps.  <\/p>\n<p>Ces montres sont \u00e9galement con\u00e7ues pour r\u00e9sister aux rigueurs de la vie quotidienne gr\u00e2ce \u00e0 une \u00e9tanch\u00e9it\u00e9 allant jusqu&rsquo;\u00e0 50 m\u00e8tres, ce qui les rend adapt\u00e9es aussi bien \u00e0 une tenue d\u00e9contract\u00e9e qu&rsquo;\u00e0 des activit\u00e9s plus aventureuses. La collection offre le choix entre des bracelets en cuir souple qui vieillissent magnifiquement avec le temps et des bracelets m\u00e9talliques \u00e9l\u00e9gants qui offrent un look plus contemporain. Chaque bracelet est con\u00e7u pour compl\u00e9ter l&rsquo;esth\u00e9tique \u00e0 la fois classique et moderne du cadran de la montre, am\u00e9liorant ainsi l&rsquo;aspect g\u00e9n\u00e9ral et la sensation du garde-temps.  <\/p>\n<p>Que vous vous habilliez pour une soir\u00e9e sophistiqu\u00e9e ou une r\u00e9union d&rsquo;affaires d\u00e9contract\u00e9e, la collection Atlantic Seaport Small Second offre une touche de luxe \u00e0 la fois impressionnante et discr\u00e8te. Faites votre choix parmi cette collection exquise et portez \u00e0 votre poignet un morceau de l&rsquo;h\u00e9ritage suisse, symbole d&rsquo;\u00e9l\u00e9gance et de style intemporel. <\/p>\n","protected":false},"excerpt":{"rendered":"<p><strong>Mouvement \u00e0 quartz avec petite seconde | 41mm<\/strong><\/p>\n<p>Laissez-vous s\u00e9duire par le luxe discret de la collection Atlantic Seaport Small Second.<\/p>\n<p>Ces garde-temps de facture exquise incarnent le summum de l&rsquo;\u00e9l\u00e9gance et de la pr\u00e9cision. Ils sont dot\u00e9s d&rsquo;un mouvement \u00e0 quartz fiable, m\u00e9ticuleusement con\u00e7u par Ronda Swiss. Prot\u00e9g\u00e9e par un verre saphir inrayable et r\u00e9sistant \u00e0 l&rsquo;eau (50 m), chaque montre est un testament de durabilit\u00e9 et de style. <\/p>\n<p>Choisissez parmi notre collection de bracelets en cuir exquis ou en m\u00e9tal poli pour compl\u00e9ter parfaitement vos go\u00fbts.<\/p>\n","protected":false},"featured_media":11292,"template":"","meta":[],"product_brand":[],"product_cat":[1138,1467,1466,1150],"product_tag":[],"class_list":{"0":"post-11288","1":"product","2":"type-product","3":"status-publish","4":"has-post-thumbnail","6":"product_cat-montres-pour-hommes","7":"product_cat-seaport","8":"product_cat-seaport-small-second-fr","9":"product_cat-montres-a-quartz","11":"first","12":"instock","13":"shipping-taxable","14":"purchasable","15":"product-type-simple"},"_links":{"self":[{"href":"https:\/\/atlanticwatches.ch\/fr\/wp-json\/wp\/v2\/product\/11288","targetHints":{"allow":["GET"]}}],"collection":[{"href":"https:\/\/atlanticwatches.ch\/fr\/wp-json\/wp\/v2\/product"}],"about":[{"href":"https:\/\/atlanticwatches.ch\/fr\/wp-json\/wp\/v2\/types\/product"}],"wp:featuredmedia":[{"embeddable":true,"href":"https:\/\/atlanticwatches.ch\/fr\/wp-json\/wp\/v2\/media\/11292"}],"wp:attachment":[{"href":"https:\/\/atlanticwatches.ch\/fr\/wp-json\/wp\/v2\/media?parent=11288"}],"wp:term":[{"taxonomy":"product_brand","embeddable":true,"href":"https:\/\/atlanticwatches.ch\/fr\/wp-json\/wp\/v2\/product_brand?post=11288"},{"taxonomy":"product_cat","embeddable":true,"href":"https:\/\/atlanticwatches.ch\/fr\/wp-json\/wp\/v2\/product_cat?post=11288"},{"taxonomy":"product_tag","embeddable":true,"href":"https:\/\/atlanticwatches.ch\/fr\/wp-json\/wp\/v2\/product_tag?post=11288"}],"curies":[{"name":"wp","href":"https:\/\/api.w.org\/{rel}","templated":true}]}}