{"id":11279,"date":"2024-06-24T09:12:17","date_gmt":"2024-06-24T07:12:17","guid":{"rendered":"https:\/\/atlanticwatches.ch\/shop\/non class\u00e9\/seawave-gents-or-jaune-pvd-cadran-argente\/"},"modified":"2024-06-24T09:12:17","modified_gmt":"2024-06-24T07:12:17","slug":"seawave-gents-or-jaune-pvd-cadran-argente","status":"publish","type":"product","link":"https:\/\/atlanticwatches.ch\/fr\/shop\/montres-pour-hommes\/seawave\/seawave-gents-or-jaune-pvd-cadran-argente\/","title":{"rendered":"Seawave Gents | Or jaune PVD Cadran argent\u00e9"},"content":{"rendered":"<p><strong>Atlantic Watches Collection Seawave &#8211; o\u00f9 le charme vintage rencontre l&rsquo;artisanat contemporain.<\/strong><\/p>\n<p>Con\u00e7ue pour les esth\u00e8tes et les ing\u00e9nieux, la montre Seawave rappelle le style embl\u00e9matique des ann\u00e9es 70 avec sa silhouette fine et \u00e9pur\u00e9e.<\/p>\n<p>Chaque montre est m\u00e9ticuleusement fabriqu\u00e9e avec un bo\u00eetier de 40 mm de diam\u00e8tre, utilisant uniquement les mat\u00e9riaux les plus fins pour garantir durabilit\u00e9 et \u00e9l\u00e9gance. Sous la surface raffin\u00e9e se cache un mouvement \u00e0 quartz pr\u00e9cis de fabrication suisse, garantissant un chronom\u00e9trage pr\u00e9cis pour les modes de vie dynamiques d&rsquo;aujourd&rsquo;hui. Etanche jusqu&rsquo;\u00e0 100 m (10 bar), la Seawave convient parfaitement aux esprits aventureux et aux connaisseurs de style.  <\/p>\n<p>Que vous vous habilliez pour une occasion sp\u00e9ciale ou que vous vous lanciez dans votre prochaine aventure, la collection Atlantic Seawave offre \u00e0 la fois fiabilit\u00e9 et style in\u00e9gal\u00e9, ce qui en fait un accessoire indispensable qui r\u00e9siste v\u00e9ritablement \u00e0 l&rsquo;\u00e9preuve du temps.<\/p>\n","protected":false},"excerpt":{"rendered":"<p><strong>Plongez dans le style avec la collection Atlantic Seawave !<\/strong><\/p>\n<p>Parfaitement \u00e9quilibr\u00e9e entre le style des ann\u00e9es 70 et la sophistication moderne, cette montre pr\u00e9sente un design fin et \u00e9l\u00e9gant et un bo\u00eetier de 40 mm de diam\u00e8tre fabriqu\u00e9 \u00e0 partir de mat\u00e9riaux de haute qualit\u00e9.<\/p>\n<p>\u00c9quip\u00e9e d&rsquo;un mouvement \u00e0 quartz pr\u00e9cis de fabrication suisse et d&rsquo;une \u00e9tanch\u00e9it\u00e9 jusqu&rsquo;\u00e0 100 m, la Seawave est une affirmation intemporelle.<\/p>\n","protected":false},"featured_media":11281,"template":"","meta":[],"product_brand":[],"product_cat":[1138,1456,1150],"product_tag":[],"class_list":{"0":"post-11279","1":"product","2":"type-product","3":"status-publish","4":"has-post-thumbnail","6":"product_cat-montres-pour-hommes","7":"product_cat-seawave","8":"product_cat-montres-a-quartz","10":"first","11":"instock","12":"shipping-taxable","13":"purchasable","14":"product-type-simple"},"_links":{"self":[{"href":"https:\/\/atlanticwatches.ch\/fr\/wp-json\/wp\/v2\/product\/11279","targetHints":{"allow":["GET"]}}],"collection":[{"href":"https:\/\/atlanticwatches.ch\/fr\/wp-json\/wp\/v2\/product"}],"about":[{"href":"https:\/\/atlanticwatches.ch\/fr\/wp-json\/wp\/v2\/types\/product"}],"wp:featuredmedia":[{"embeddable":true,"href":"https:\/\/atlanticwatches.ch\/fr\/wp-json\/wp\/v2\/media\/11281"}],"wp:attachment":[{"href":"https:\/\/atlanticwatches.ch\/fr\/wp-json\/wp\/v2\/media?parent=11279"}],"wp:term":[{"taxonomy":"product_brand","embeddable":true,"href":"https:\/\/atlanticwatches.ch\/fr\/wp-json\/wp\/v2\/product_brand?post=11279"},{"taxonomy":"product_cat","embeddable":true,"href":"https:\/\/atlanticwatches.ch\/fr\/wp-json\/wp\/v2\/product_cat?post=11279"},{"taxonomy":"product_tag","embeddable":true,"href":"https:\/\/atlanticwatches.ch\/fr\/wp-json\/wp\/v2\/product_tag?post=11279"}],"curies":[{"name":"wp","href":"https:\/\/api.w.org\/{rel}","templated":true}]}}