{"id":11212,"date":"2024-11-26T10:21:19","date_gmt":"2024-11-26T09:21:19","guid":{"rendered":"https:\/\/atlanticwatches.ch\/shop\/non class\u00e9\/seawave-chrono-cadran-vert-sur-bracelet-metal\/"},"modified":"2024-11-26T10:21:19","modified_gmt":"2024-11-26T09:21:19","slug":"seawave-chrono-cadran-vert-sur-bracelet-metal","status":"publish","type":"product","link":"https:\/\/atlanticwatches.ch\/fr\/shop\/montres-pour-hommes\/seawave\/seawave-chrono-fr\/seawave-chrono-cadran-vert-sur-bracelet-metal\/","title":{"rendered":"Seawave Chrono | Cadran vert sur bracelet m\u00e9tal"},"content":{"rendered":"<p><strong>Un design qui \u00e9volue avec vous<\/strong><br \/>\nL&rsquo;Atlantic Seawave Chrono est plus qu&rsquo;une simple montre &#8211; c&rsquo;est la fusion parfaite d&rsquo;une \u00e9nergie sportive et d&rsquo;une \u00e9l\u00e9gance raffin\u00e9e. Avec son bo\u00eetier \u00e9l\u00e9gant de 40 mm et ses proportions parfaitement \u00e9quilibr\u00e9es, ce garde-temps passe sans effort du bureau \u00e0 l&rsquo;ext\u00e9rieur, incarnant la polyvalence pour chaque moment de la vie. <\/p>\n<p><strong>Con\u00e7u pour la pr\u00e9cision et la performance<\/strong><br \/>\nAu c\u0153ur du Seawave Chrono se trouve le mouvement \u00e0 quartz Ronda RZ50 de fabrication suisse, qui t\u00e9moigne de l&rsquo;engagement d&rsquo;Atlantic en faveur de la pr\u00e9cision et de la fiabilit\u00e9. Que vous suiviez vos exploits ou que vous savouriez les plus beaux moments de la vie, ce chronographe est con\u00e7u pour fonctionner avec une pr\u00e9cision in\u00e9gal\u00e9e. <\/p>\n<p><strong>Un style audacieux, con\u00e7u pour durer<\/strong><br \/>\nProt\u00e9g\u00e9e par un verre saphir et une r\u00e9sistance \u00e0 l&rsquo;eau de 100 m, la Seawave Chrono est aussi durable qu&rsquo;elle est \u00e9l\u00e9gante. Disponible en cinq mod\u00e8les uniques, vous pouvez choisir entre l&rsquo;acier inoxydable classique avec des couleurs de cadran vibrantes ou faire une d\u00e9claration avec le mod\u00e8le audacieux en or jaune PVD dot\u00e9 d&rsquo;un cadran noir saisissant. <\/p>\n<p><strong>Sophistication intemporelle pour le monde moderne<\/strong><br \/>\nChaque d\u00e9tail de la Seawave Chrono est con\u00e7u pour inspirer. Son esth\u00e9tique \u00e0 la fois sportive et \u00e9l\u00e9gante fait \u00e9cho \u00e0 l&rsquo;esprit d&rsquo;aventure, tandis que son design intemporel en fait un compagnon de confiance pour les ann\u00e9es \u00e0 venir. Que vous exploriez la ville ou que vous releviez votre prochain d\u00e9fi, l&rsquo;Atlantic Seawave Chrono suit le rythme de votre style de vie &#8211; et le fait avec style.  <\/p>\n<p><strong>Choisissez votre style signature<\/strong><br \/>\nTrouvez la Seawave Chrono qui correspond \u00e0 votre personnalit\u00e9. Avec cinq variations distinctes, cette collection offre quelque chose pour tous les go\u00fbts, vous assurant une allure toujours \u00e9l\u00e9gante, quelle que soit l&rsquo;occasion. <\/p>\n","protected":false},"excerpt":{"rendered":"<p><strong>\u00c9l\u00e9gance sportive, style intemporel<\/strong><\/p>\n<p>Inspir\u00e9 par l&rsquo;\u00e9l\u00e9gance des classiques vintage et l&rsquo;\u00e9nergie de la vie moderne, ce chronographe de 40 mm est votre outil polyvalent par excellence.<\/p>\n<p>Que vous soyez \u00e0 la conqu\u00eate de la salle de conf\u00e9rence, que vous vous rendiez en ville ou que vous vous lanciez dans les aventures du week-end, le Seawave Chrono suit votre rythme avec style.<\/p>\n","protected":false},"featured_media":11214,"template":"","meta":[],"product_brand":[],"product_cat":[1138,1456,1457,1150],"product_tag":[],"class_list":{"0":"post-11212","1":"product","2":"type-product","3":"status-publish","4":"has-post-thumbnail","6":"product_cat-montres-pour-hommes","7":"product_cat-seawave","8":"product_cat-seawave-chrono-fr","9":"product_cat-montres-a-quartz","11":"first","12":"instock","13":"shipping-taxable","14":"purchasable","15":"product-type-simple"},"_links":{"self":[{"href":"https:\/\/atlanticwatches.ch\/fr\/wp-json\/wp\/v2\/product\/11212","targetHints":{"allow":["GET"]}}],"collection":[{"href":"https:\/\/atlanticwatches.ch\/fr\/wp-json\/wp\/v2\/product"}],"about":[{"href":"https:\/\/atlanticwatches.ch\/fr\/wp-json\/wp\/v2\/types\/product"}],"wp:featuredmedia":[{"embeddable":true,"href":"https:\/\/atlanticwatches.ch\/fr\/wp-json\/wp\/v2\/media\/11214"}],"wp:attachment":[{"href":"https:\/\/atlanticwatches.ch\/fr\/wp-json\/wp\/v2\/media?parent=11212"}],"wp:term":[{"taxonomy":"product_brand","embeddable":true,"href":"https:\/\/atlanticwatches.ch\/fr\/wp-json\/wp\/v2\/product_brand?post=11212"},{"taxonomy":"product_cat","embeddable":true,"href":"https:\/\/atlanticwatches.ch\/fr\/wp-json\/wp\/v2\/product_cat?post=11212"},{"taxonomy":"product_tag","embeddable":true,"href":"https:\/\/atlanticwatches.ch\/fr\/wp-json\/wp\/v2\/product_tag?post=11212"}],"curies":[{"name":"wp","href":"https:\/\/api.w.org\/{rel}","templated":true}]}}