{"id":11191,"date":"2025-04-16T17:46:34","date_gmt":"2025-04-16T15:46:34","guid":{"rendered":"https:\/\/atlanticwatches.ch\/shop\/non class\u00e9\/worldmaster-1888-automatic-ne-moonphase-sur-bracelet-cuir\/"},"modified":"2025-04-16T17:46:34","modified_gmt":"2025-04-16T15:46:34","slug":"worldmaster-1888-automatic-ne-moonphase-sur-bracelet-cuir","status":"publish","type":"product","link":"https:\/\/atlanticwatches.ch\/fr\/shop\/montres-pour-hommes\/worldmaster\/worldmaster-1888\/worldmaster-1888-automatic-ne-moonphase-sur-bracelet-cuir\/","title":{"rendered":"Worldmaster 1888 Automatic NE Moonphase | sur bracelet cuir"},"content":{"rendered":"<p><strong>Atlantic Worldmaster 1888 Automatic Moonphase &#8211; L&rsquo;\u00e9l\u00e9gance intemporelle, guid\u00e9e par la lune<\/strong><\/p>\n<p>Entrez dans un monde o\u00f9 le design classique rencontre la sophistication c\u00e9leste. L&rsquo;Atlantic Worldmaster 1888 Automatic Moonphase sur bracelet en cuir est con\u00e7ue pour ceux qui appr\u00e9cient \u00e0 la fois la tradition et l&rsquo;innovation &#8211; un garde-temps unisexe qui apporte un style raffin\u00e9 et des d\u00e9tails po\u00e9tiques \u00e0 votre poignet. <\/p>\n<p>Log\u00e9 dans un bo\u00eetier en acier inoxydable poli de 42 mm, le cadran bleu radieux pr\u00e9sente des textures soleill\u00e9es qui attirent le regard vers l&rsquo;int\u00e9rieur, menant \u00e0 l&rsquo;affichage de la phase de lune \u00e0 6 heures &#8211; une complication qui allie \u00e0 la fois beaut\u00e9 et fonction.<\/p>\n<p>Anim\u00e9e par le mouvement automatique Sellita SW280-1 de fabrication suisse, cette montre offre un chronom\u00e9trage pr\u00e9cis ainsi que des complications de phase de lune et de date. Associ\u00e9 \u00e0 un bracelet en cuir gaufr\u00e9 bleu fonc\u00e9, le design ajoute une touche de charme classique tout en restant r\u00e9solument moderne. <\/p>\n<p>Que vous vous habilliez pour une soir\u00e9e ou que vous profitiez simplement d&rsquo;un moment de calme sous les \u00e9toiles, ce garde-temps offre polyvalence, \u00e9l\u00e9gance et une connexion po\u00e9tique aux rythmes naturels du temps.<\/p>\n<hr>\n<p><img loading=\"lazy\" decoding=\"async\" class=\"aligncenter wp-image-10535 size-large\" src=\"https:\/\/atlanticwatches.ch\/wp-content\/uploads\/2025\/04\/Atlantic-1888-Automatic-Moonphase-Leather-1024x682.jpg\" alt=\"\" width=\"1024\" height=\"682\" srcset=\"https:\/\/atlanticwatches.ch\/wp-content\/uploads\/2025\/04\/Atlantic-1888-Automatic-Moonphase-Leather-1024x682.jpg 1024w, https:\/\/atlanticwatches.ch\/wp-content\/uploads\/2025\/04\/Atlantic-1888-Automatic-Moonphase-Leather-768x512.jpg 768w, https:\/\/atlanticwatches.ch\/wp-content\/uploads\/2025\/04\/Atlantic-1888-Automatic-Moonphase-Leather-640x426.jpg 640w, https:\/\/atlanticwatches.ch\/wp-content\/uploads\/2025\/04\/Atlantic-1888-Automatic-Moonphase-Leather-400x267.jpg 400w, https:\/\/atlanticwatches.ch\/wp-content\/uploads\/2025\/04\/Atlantic-1888-Automatic-Moonphase-Leather-600x400.jpg 600w\" sizes=\"auto, (max-width: 1024px) 100vw, 1024px\" \/><\/p>\n","protected":false},"excerpt":{"rendered":"<p>L<strong>&lsquo;\u00e9l\u00e9gance classique avec une touche c\u00e9leste<\/strong><\/p>\n<p>D\u00e9couvrez l&rsquo;Atlantic Worldmaster 1888 Automatic Moonphase &#8211; un garde-temps de 42 mm qui allie l&rsquo;esth\u00e9tique intemporelle \u00e0 la pr\u00e9cision moderne.<\/p>\n<p>Dot\u00e9e d&rsquo;un cadran bleu radieux, d&rsquo;un mouvement automatique suisse et d&rsquo;une complication po\u00e9tique de phase de lune, cette version est propos\u00e9e sur un bracelet en cuir raffin\u00e9.<\/p>\n<p>Une montre polyvalente pour ceux qui appr\u00e9cient l&rsquo;\u00e9l\u00e9gance avec une touche d&rsquo;extraordinaire.<\/p>\n","protected":false},"featured_media":10530,"template":"","meta":[],"product_brand":[],"product_cat":[1138,1182,1188],"product_tag":[],"class_list":{"0":"post-11191","1":"product","2":"type-product","3":"status-publish","4":"has-post-thumbnail","6":"product_cat-montres-pour-hommes","7":"product_cat-worldmaster-1888","8":"product_cat-montres-automatiques","10":"first","11":"instock","12":"shipping-taxable","13":"purchasable","14":"product-type-simple"},"_links":{"self":[{"href":"https:\/\/atlanticwatches.ch\/fr\/wp-json\/wp\/v2\/product\/11191","targetHints":{"allow":["GET"]}}],"collection":[{"href":"https:\/\/atlanticwatches.ch\/fr\/wp-json\/wp\/v2\/product"}],"about":[{"href":"https:\/\/atlanticwatches.ch\/fr\/wp-json\/wp\/v2\/types\/product"}],"wp:featuredmedia":[{"embeddable":true,"href":"https:\/\/atlanticwatches.ch\/fr\/wp-json\/wp\/v2\/media\/10530"}],"wp:attachment":[{"href":"https:\/\/atlanticwatches.ch\/fr\/wp-json\/wp\/v2\/media?parent=11191"}],"wp:term":[{"taxonomy":"product_brand","embeddable":true,"href":"https:\/\/atlanticwatches.ch\/fr\/wp-json\/wp\/v2\/product_brand?post=11191"},{"taxonomy":"product_cat","embeddable":true,"href":"https:\/\/atlanticwatches.ch\/fr\/wp-json\/wp\/v2\/product_cat?post=11191"},{"taxonomy":"product_tag","embeddable":true,"href":"https:\/\/atlanticwatches.ch\/fr\/wp-json\/wp\/v2\/product_tag?post=11191"}],"curies":[{"name":"wp","href":"https:\/\/api.w.org\/{rel}","templated":true}]}}