{"id":11164,"date":"2023-07-08T18:49:30","date_gmt":"2023-07-08T16:49:30","guid":{"rendered":"https:\/\/atlanticwatches.ch\/shop\/non class\u00e9\/super-de-luxe-blue-sapphire-edition\/"},"modified":"2023-07-08T18:49:30","modified_gmt":"2023-07-08T16:49:30","slug":"super-de-luxe-blue-sapphire-edition","status":"publish","type":"product","link":"https:\/\/atlanticwatches.ch\/fr\/shop\/montres-pour-dames\/super-de-luxe-fr\/super-de-luxe-blue-sapphire-edition\/","title":{"rendered":"Super De Luxe Blue Sapphire Edition"},"content":{"rendered":"<p><strong>D\u00e9couvrez l&rsquo;Atlantic Super De Luxe Ladies&rsquo; Sapphire Edition, une brillante incarnation de l&rsquo;\u00e9l\u00e9gance intemporelle et de la sophistication in\u00e9gal\u00e9e.  <\/strong><\/p>\n<p>Cette superbe montre-bracelet est plus qu&rsquo;un simple garde-temps ; c&rsquo;est une d\u00e9claration luxueuse con\u00e7ue pour la femme distingu\u00e9e qui appr\u00e9cie les choses les plus raffin\u00e9es de la vie.<\/p>\n<p>Notre montre Sapphire Edition, comme son nom l&rsquo;indique, est orn\u00e9e de huit saphirs authentiques, chacun s\u00e9lectionn\u00e9 \u00e0 la main pour la profondeur \u00e9poustouflante de sa couleur et son \u00e9clat radieux. Incrust\u00e9s m\u00e9ticuleusement autour du cadran, ces saphirs offrent une esth\u00e9tique enchanteresse, \u00e0 la fois royale et glamour. <\/p>\n<p>Chaque montre est accompagn\u00e9e d&rsquo;un certificat de pierres pr\u00e9cieuses attestant de l&rsquo;authenticit\u00e9 des saphirs. Vous avez ainsi la garantie de porter des pierres authentiques et de grande qualit\u00e9, qui rehaussent encore le caract\u00e8re distinctif de ce garde-temps. Les saphirs ne sont pas de simples accessoires, ils sont l&rsquo;affirmation de votre go\u00fbt impeccable. <\/p>\n<p>Au c\u0153ur de l&rsquo;Atlantic Super De Luxe Ladies&rsquo; Sapphire Edition se trouve le mouvement \u00e0 quartz Ronda R705, d&rsquo;une grande pr\u00e9cision et fiabilit\u00e9. Les prouesses m\u00e9caniques de la montre assurent un chronom\u00e9trage fluide et continu, rendant cette pi\u00e8ce aussi fonctionnelle qu&rsquo;attrayante. <\/p>\n<hr>\n<p><img loading=\"lazy\" decoding=\"async\" class=\"aligncenter wp-image-7767 size-large\" src=\"https:\/\/atlanticwatches.ch\/wp-content\/uploads\/2023\/07\/Atlantic-Super-De-Luxe-Ladies-Sapphire-Edition-1024x576.jpg\" alt=\"\" width=\"1024\" height=\"576\" srcset=\"https:\/\/atlanticwatches.ch\/wp-content\/uploads\/2023\/07\/Atlantic-Super-De-Luxe-Ladies-Sapphire-Edition-1024x576.jpg 1024w, https:\/\/atlanticwatches.ch\/wp-content\/uploads\/2023\/07\/Atlantic-Super-De-Luxe-Ladies-Sapphire-Edition-768x432.jpg 768w, https:\/\/atlanticwatches.ch\/wp-content\/uploads\/2023\/07\/Atlantic-Super-De-Luxe-Ladies-Sapphire-Edition-640x360.jpg 640w, https:\/\/atlanticwatches.ch\/wp-content\/uploads\/2023\/07\/Atlantic-Super-De-Luxe-Ladies-Sapphire-Edition-400x225.jpg 400w, https:\/\/atlanticwatches.ch\/wp-content\/uploads\/2023\/07\/Atlantic-Super-De-Luxe-Ladies-Sapphire-Edition-600x338.jpg 600w\" sizes=\"auto, (max-width: 1024px) 100vw, 1024px\" \/><\/p>\n","protected":false},"excerpt":{"rendered":"<p><span style=\"font-size: 16px;\"><strong>Saphirs v\u00e9ritables | 36mm<\/strong><\/span><\/p>\n<p>L&rsquo;Atlantic Super De Luxe Sapphire Edition est un t\u00e9moignage du luxe, de l&rsquo;artisanat et du go\u00fbt raffin\u00e9 de son porteur.<\/p>\n<p>Avec ses saphirs \u00e9blouissants, son mouvement suisse fiable et son bracelet luxueux, cette pi\u00e8ce d&rsquo;exception est plus qu&rsquo;un chronom\u00e8tre, c&rsquo;est une c\u00e9l\u00e9bration du style, de la classe et de la sophistication.<\/p>\n<p>D\u00e9couvrez la splendeur de l&rsquo;Atlantic Super De Luxe Ladies&rsquo; Sapphire Edition. Un garde-temps qui comprend vraiment votre d\u00e9sir d&rsquo;\u00e9l\u00e9gance, de qualit\u00e9 et de beaut\u00e9 intemporelle. <\/p>\n<p>Votre voyage dans le monde du luxe vous attend.<\/p>\n","protected":false},"featured_media":11165,"template":"","meta":[],"product_brand":[],"product_cat":[1168,1313,1150],"product_tag":[],"class_list":{"0":"post-11164","1":"product","2":"type-product","3":"status-publish","4":"has-post-thumbnail","6":"product_cat-montres-pour-dames","7":"product_cat-super-de-luxe-fr","8":"product_cat-montres-a-quartz","10":"first","11":"instock","12":"sold-individually","13":"shipping-taxable","14":"purchasable","15":"product-type-simple"},"_links":{"self":[{"href":"https:\/\/atlanticwatches.ch\/fr\/wp-json\/wp\/v2\/product\/11164","targetHints":{"allow":["GET"]}}],"collection":[{"href":"https:\/\/atlanticwatches.ch\/fr\/wp-json\/wp\/v2\/product"}],"about":[{"href":"https:\/\/atlanticwatches.ch\/fr\/wp-json\/wp\/v2\/types\/product"}],"wp:featuredmedia":[{"embeddable":true,"href":"https:\/\/atlanticwatches.ch\/fr\/wp-json\/wp\/v2\/media\/11165"}],"wp:attachment":[{"href":"https:\/\/atlanticwatches.ch\/fr\/wp-json\/wp\/v2\/media?parent=11164"}],"wp:term":[{"taxonomy":"product_brand","embeddable":true,"href":"https:\/\/atlanticwatches.ch\/fr\/wp-json\/wp\/v2\/product_brand?post=11164"},{"taxonomy":"product_cat","embeddable":true,"href":"https:\/\/atlanticwatches.ch\/fr\/wp-json\/wp\/v2\/product_cat?post=11164"},{"taxonomy":"product_tag","embeddable":true,"href":"https:\/\/atlanticwatches.ch\/fr\/wp-json\/wp\/v2\/product_tag?post=11164"}],"curies":[{"name":"wp","href":"https:\/\/api.w.org\/{rel}","templated":true}]}}