{"id":11160,"date":"2023-07-09T04:52:44","date_gmt":"2023-07-09T02:52:44","guid":{"rendered":"https:\/\/atlanticwatches.ch\/shop\/non class\u00e9\/worldmaster-automatic-pointer-date-black-pvd\/"},"modified":"2023-07-09T04:52:44","modified_gmt":"2023-07-09T02:52:44","slug":"worldmaster-automatic-pointer-date-black-pvd","status":"publish","type":"product","link":"https:\/\/atlanticwatches.ch\/fr\/shop\/montres-pour-hommes\/worldmaster\/worldmaster-pointer-date-fr\/worldmaster-automatic-pointer-date-black-pvd\/","title":{"rendered":"Worldmaster Automatic Pointer Date | Black PVD"},"content":{"rendered":"<p><strong>R\u00e9volutionner la fa\u00e7on dont vous percevez le temps.  <\/strong><\/p>\n<p>L&rsquo;Atlantic WorldMaster Pointer Date, un garde-temps exceptionnel qui illustre l&rsquo;ing\u00e9niosit\u00e9 suisse et notre engagement \u00e0 innover et \u00e0 inspirer.<\/p>\n<p>S&rsquo;\u00e9cartant de l&rsquo;affichage traditionnel de la date, notre WorldMaster Pointer Date fait une d\u00e9claration audacieuse avec sa fonction de date unique &#8211; la date \u00e0 aiguille. Cette fonction, une premi\u00e8re pour Atlantic, introduit une aiguille suppl\u00e9mentaire, termin\u00e9e par une pointe rouge frappante qui danse autour du cadran en pointant vers la date, \u00e9l\u00e9gamment plac\u00e9e sur le bord du cadran. Ainsi, vous ne vous contentez pas de lire l&rsquo;heure, mais vous la vivez d&rsquo;une mani\u00e8re innovante.  <\/p>\n<p>Au c\u0153ur de ce garde-temps d&rsquo;avant-garde se trouve l&rsquo;impeccable mouvement automatique SW221-1 de la c\u00e9l\u00e8bre manufacture suisse Sellita. M\u00e9ticuleusement con\u00e7u et assembl\u00e9, il est synonyme de pr\u00e9cision, de fiabilit\u00e9 et de l&rsquo;allure intemporelle de l&rsquo;artisanat suisse. <\/p>\n<p>La WorldMaster Pointer Date est magnifiquement log\u00e9e dans un bo\u00eetier en acier inoxydable poli de 40 mm, une marque de fabrique de la s\u00e9rie WorldMaster. L&rsquo;\u00e9clat et la r\u00e9sistance de l&rsquo;acier inoxydable n&rsquo;offrent pas seulement une esth\u00e9tique attrayante, mais promettent \u00e9galement la long\u00e9vit\u00e9, en prot\u00e9geant la merveille suisse qui se trouve \u00e0 l&rsquo;int\u00e9rieur. <\/p>\n<p>Ce qui distingue l&rsquo;Atlantic WorldMaster Pointer Date, c&rsquo;est son audacieux langage conceptuel. M\u00e9lange \u00e9l\u00e9gant de classique et de contemporain, elle reste fid\u00e8le \u00e0 l&rsquo;esth\u00e9tique iconique de la WorldMaster tout en osant red\u00e9finir les conventions. L&rsquo;arriv\u00e9e de la fonction date \u00e0 aiguille &#8211; un m\u00e9lange harmonieux de fonctionnalit\u00e9 et de sophistication &#8211; en fait un must pour tous les amateurs de montres-bracelets.  <\/p>\n<p>Avec la WorldMaster Pointer Date, Atlantic ne se contente pas de cr\u00e9er une montre, elle red\u00e9finit la fa\u00e7on dont le temps est racont\u00e9. Ce m\u00e9lange unique de pr\u00e9cision suisse, d&rsquo;innovation d&rsquo;Atlantic et de design aventureux fait de la WorldMaster Pointer Date une montre qui ne se contente pas de marquer le temps, mais qui marque le temps de son empreinte. Entrez d\u00e8s aujourd&rsquo;hui dans une nouvelle \u00e8re d&rsquo;excellence horlog\u00e8re avec Atlantic.  <\/p>\n<hr>\n<p><img loading=\"lazy\" decoding=\"async\" class=\"aligncenter wp-image-7773 size-large\" src=\"https:\/\/atlanticwatches.ch\/wp-content\/uploads\/2023\/07\/Atlantic-Worldmaster-Pointer-Date-Black-PVD-1024x576.jpg\" alt=\"\" width=\"1024\" height=\"576\" srcset=\"https:\/\/atlanticwatches.ch\/wp-content\/uploads\/2023\/07\/Atlantic-Worldmaster-Pointer-Date-Black-PVD-1024x576.jpg 1024w, https:\/\/atlanticwatches.ch\/wp-content\/uploads\/2023\/07\/Atlantic-Worldmaster-Pointer-Date-Black-PVD-768x432.jpg 768w, https:\/\/atlanticwatches.ch\/wp-content\/uploads\/2023\/07\/Atlantic-Worldmaster-Pointer-Date-Black-PVD-640x360.jpg 640w, https:\/\/atlanticwatches.ch\/wp-content\/uploads\/2023\/07\/Atlantic-Worldmaster-Pointer-Date-Black-PVD-400x225.jpg 400w, https:\/\/atlanticwatches.ch\/wp-content\/uploads\/2023\/07\/Atlantic-Worldmaster-Pointer-Date-Black-PVD-600x338.jpg 600w\" sizes=\"auto, (max-width: 1024px) 100vw, 1024px\" \/><\/p>\n","protected":false},"excerpt":{"rendered":"<p><strong>Automatic Worldmaster featuring Date-by-Pointer-Complication<\/strong><\/p>\n<p>D\u00e9voilant un m\u00e9lange unique de pr\u00e9cision suisse et de design pionnier, l&rsquo;Atlantic WorldMaster Pointer Date est dot\u00e9e d&rsquo;une fonction innovante de date \u00e0 aiguille, log\u00e9e dans notre embl\u00e9matique bo\u00eetier en acier inoxydable poli de 40 mm.<\/p>\n<p>Faites l&rsquo;exp\u00e9rience d&rsquo;un nouveau niveau de chronom\u00e9trage avec ce chef-d&rsquo;\u0153uvre \u00e9poustouflant.<\/p>\n","protected":false},"featured_media":11161,"template":"","meta":[],"product_brand":[],"product_cat":[1138,1249,1448,1188,1317],"product_tag":[],"class_list":{"0":"post-11160","1":"product","2":"type-product","3":"status-publish","4":"has-post-thumbnail","6":"product_cat-montres-pour-hommes","7":"product_cat-worldmaster","8":"product_cat-worldmaster-pointer-date-fr","9":"product_cat-montres-automatiques","10":"product_cat-choisis-pour-vous","12":"first","13":"instock","14":"shipping-taxable","15":"purchasable","16":"product-type-simple"},"_links":{"self":[{"href":"https:\/\/atlanticwatches.ch\/fr\/wp-json\/wp\/v2\/product\/11160","targetHints":{"allow":["GET"]}}],"collection":[{"href":"https:\/\/atlanticwatches.ch\/fr\/wp-json\/wp\/v2\/product"}],"about":[{"href":"https:\/\/atlanticwatches.ch\/fr\/wp-json\/wp\/v2\/types\/product"}],"wp:featuredmedia":[{"embeddable":true,"href":"https:\/\/atlanticwatches.ch\/fr\/wp-json\/wp\/v2\/media\/11161"}],"wp:attachment":[{"href":"https:\/\/atlanticwatches.ch\/fr\/wp-json\/wp\/v2\/media?parent=11160"}],"wp:term":[{"taxonomy":"product_brand","embeddable":true,"href":"https:\/\/atlanticwatches.ch\/fr\/wp-json\/wp\/v2\/product_brand?post=11160"},{"taxonomy":"product_cat","embeddable":true,"href":"https:\/\/atlanticwatches.ch\/fr\/wp-json\/wp\/v2\/product_cat?post=11160"},{"taxonomy":"product_tag","embeddable":true,"href":"https:\/\/atlanticwatches.ch\/fr\/wp-json\/wp\/v2\/product_tag?post=11160"}],"curies":[{"name":"wp","href":"https:\/\/api.w.org\/{rel}","templated":true}]}}