{"id":11155,"date":"2023-05-10T22:41:08","date_gmt":"2023-05-10T20:41:08","guid":{"rendered":"https:\/\/atlanticwatches.ch\/shop\/non class\u00e9\/worldmaster-135-year-anniversary-limited-edition-avec-le-calibre-de-manufacture-atl-3\/"},"modified":"2023-05-10T22:41:08","modified_gmt":"2023-05-10T20:41:08","slug":"worldmaster-135-year-anniversary-limited-edition-avec-le-calibre-de-manufacture-atl-3","status":"publish","type":"product","link":"https:\/\/atlanticwatches.ch\/fr\/shop\/montres-pour-hommes\/worldmaster\/manufacture-calibre-fr\/worldmaster-135-year-anniversary-limited-edition-avec-le-calibre-de-manufacture-atl-3\/","title":{"rendered":"Worldmaster 135 Year Anniversary Limited Edition avec le calibre de manufacture ATL-3"},"content":{"rendered":"<p><strong>LA NOUVELLE ATLANTIC WORLDMASTER 135 YEAR ANNIVERSARY LIMITED EDITION<\/strong><\/p>\n<p><strong>D\u00e9couvrez l&rsquo;\u00e9tonnante nouvelle Worldmaster en \u00e9dition limit\u00e9e \u00e0 135 exemplaires, dot\u00e9e du nouveau calibre m\u00e9canique ATL-3.<\/strong><\/p>\n<p>Nous sommes fiers de c\u00e9l\u00e9brer notre 135e anniversaire et de pr\u00e9senter un garde-temps Worldmaster en \u00e9dition limit\u00e9e pour comm\u00e9morer cette \u00e9tape remarquable.<\/p>\n<p>Limit\u00e9e \u00e0 seulement 135 exemplaires dans le monde, cette Worldmaster exclusive t\u00e9moigne de notre engagement in\u00e9branlable en faveur de la pr\u00e9cision, de l&rsquo;innovation et du style. \u00c9quip\u00e9e du calibre ATL-3, un mouvement m\u00e9canique \u00e0 remontage manuel fabriqu\u00e9 en interne, cette montre t\u00e9moigne des prouesses techniques et de l&rsquo;art horloger d&rsquo;Atlantic Watches. <\/p>\n<p>La montre, avec un bo\u00eetier de 42 mm et une \u00e9tanch\u00e9it\u00e9 jusqu&rsquo;\u00e0 50 m\u00e8tres, allie r\u00e9sistance et \u00e9l\u00e9gance. Un verre saphir avec traitement antireflet garantit une lisibilit\u00e9 optimale, et un fond transparent de grande taille offre une vue captivante sur le mouvement ATL-3. <\/p>\n<p>Chaque \u00e9dition limit\u00e9e de la Worldmaster est accompagn\u00e9e d&rsquo;un bracelet suppl\u00e9mentaire et d&rsquo;un luxueux coffret de pr\u00e9sentation, ce qui rehausse sa valeur en tant qu&rsquo;objet de collection et renforce l&rsquo;exclusivit\u00e9 de cette \u00e9dition marquante.<\/p>\n<p><strong>D\u00e9p\u00eachez-vous de vous procurer votre Worldmaster 135 Year Anniversary Limited Edition avec notre dernier calibre de manufacture.<\/strong><\/p>\n<hr>\n<p><img loading=\"lazy\" decoding=\"async\" class=\"aligncenter wp-image-7734 size-large\" src=\"https:\/\/atlanticwatches.ch\/wp-content\/uploads\/2023\/05\/Worldmaster-135-Year-Anniversary-Limited-Edition-with-Manufacture-Calibre-ATL-3-_1-1024x576.jpg\" alt=\"\" width=\"1024\" height=\"576\" srcset=\"https:\/\/atlanticwatches.ch\/wp-content\/uploads\/2023\/05\/Worldmaster-135-Year-Anniversary-Limited-Edition-with-Manufacture-Calibre-ATL-3-_1-1024x576.jpg 1024w, https:\/\/atlanticwatches.ch\/wp-content\/uploads\/2023\/05\/Worldmaster-135-Year-Anniversary-Limited-Edition-with-Manufacture-Calibre-ATL-3-_1-768x432.jpg 768w, https:\/\/atlanticwatches.ch\/wp-content\/uploads\/2023\/05\/Worldmaster-135-Year-Anniversary-Limited-Edition-with-Manufacture-Calibre-ATL-3-_1-640x360.jpg 640w, https:\/\/atlanticwatches.ch\/wp-content\/uploads\/2023\/05\/Worldmaster-135-Year-Anniversary-Limited-Edition-with-Manufacture-Calibre-ATL-3-_1-400x225.jpg 400w, https:\/\/atlanticwatches.ch\/wp-content\/uploads\/2023\/05\/Worldmaster-135-Year-Anniversary-Limited-Edition-with-Manufacture-Calibre-ATL-3-_1-600x338.jpg 600w\" sizes=\"auto, (max-width: 1024px) 100vw, 1024px\" \/><\/p>\n","protected":false},"excerpt":{"rendered":"<p><strong>Atlantic Worldmaster 135 Years Anniversary Limited Edition | Manufacture Calibre ATL-3<\/strong><\/p>\n<p>Ce nouveau mod\u00e8le est dot\u00e9 du nouveau mouvement maison Atlantic d\u00e9velopp\u00e9 selon les normes les plus \u00e9lev\u00e9es de la tradition horlog\u00e8re.<\/p>\n<p>Le calibre m\u00e9canique de manufacture ATL-3 a \u00e9t\u00e9 cr\u00e9\u00e9 avec beaucoup d&rsquo;amour du d\u00e9tail et peut \u00eatre vu et admir\u00e9 \u00e0 travers le fond de bo\u00eetier transparent.<\/p>\n<p>Limit\u00e9e \u00e0 seulement 135 pi\u00e8ces dans le monde, cette Worldmaster exclusive illustre notre engagement in\u00e9branlable en mati\u00e8re de pr\u00e9cision, d&rsquo;innovation et de style.<\/p>\n<p>&nbsp;<\/p>\n","protected":false},"featured_media":11156,"template":"","meta":[],"product_brand":[],"product_cat":[1138,1249,1346,1353,1331,1317],"product_tag":[],"class_list":{"0":"post-11155","1":"product","2":"type-product","3":"status-publish","4":"has-post-thumbnail","6":"product_cat-montres-pour-hommes","7":"product_cat-worldmaster","8":"product_cat-manufacture-calibre-fr","9":"product_cat-editions-limitees","10":"product_cat-montres-mecaniques-a-remontage-manuel","11":"product_cat-choisis-pour-vous","13":"first","14":"instock","15":"sold-individually","16":"shipping-taxable","17":"purchasable","18":"product-type-simple"},"_links":{"self":[{"href":"https:\/\/atlanticwatches.ch\/fr\/wp-json\/wp\/v2\/product\/11155","targetHints":{"allow":["GET"]}}],"collection":[{"href":"https:\/\/atlanticwatches.ch\/fr\/wp-json\/wp\/v2\/product"}],"about":[{"href":"https:\/\/atlanticwatches.ch\/fr\/wp-json\/wp\/v2\/types\/product"}],"wp:featuredmedia":[{"embeddable":true,"href":"https:\/\/atlanticwatches.ch\/fr\/wp-json\/wp\/v2\/media\/11156"}],"wp:attachment":[{"href":"https:\/\/atlanticwatches.ch\/fr\/wp-json\/wp\/v2\/media?parent=11155"}],"wp:term":[{"taxonomy":"product_brand","embeddable":true,"href":"https:\/\/atlanticwatches.ch\/fr\/wp-json\/wp\/v2\/product_brand?post=11155"},{"taxonomy":"product_cat","embeddable":true,"href":"https:\/\/atlanticwatches.ch\/fr\/wp-json\/wp\/v2\/product_cat?post=11155"},{"taxonomy":"product_tag","embeddable":true,"href":"https:\/\/atlanticwatches.ch\/fr\/wp-json\/wp\/v2\/product_tag?post=11155"}],"curies":[{"name":"wp","href":"https:\/\/api.w.org\/{rel}","templated":true}]}}