{"id":11149,"date":"2023-07-08T16:44:23","date_gmt":"2023-07-08T14:44:23","guid":{"rendered":"https:\/\/atlanticwatches.ch\/shop\/non class\u00e9\/timeroy-ne-bleu-cuir\/"},"modified":"2023-07-08T16:44:23","modified_gmt":"2023-07-08T14:44:23","slug":"timeroy-ne-bleu-cuir","status":"publish","type":"product","link":"https:\/\/atlanticwatches.ch\/fr\/shop\/montres-pour-hommes\/timeroy-fr\/timeroy-ne-bleu-cuir\/","title":{"rendered":"Timeroy NE | Bleu\/cuir"},"content":{"rendered":"<p><strong>Un m\u00e9lange parfait de pr\u00e9cision et d&rsquo;\u00e9l\u00e9gance intemporelle.<\/strong><\/p>\n<p>L&rsquo;Atlantic Timeroy NE Classic est l&rsquo;incarnation de l&rsquo;\u00e9l\u00e9gance et de la pr\u00e9cision intemporelles. Anim\u00e9e par le c\u00e9l\u00e8bre mouvement \u00e0 quartz Ronda R.515, cette montre offre une pr\u00e9cision de chronom\u00e9trage in\u00e9gal\u00e9e, consolidant ainsi sa place dans la collection de tout gentleman exigeant.  <\/p>\n<p>Orn\u00e9 d&rsquo;un captivant cadran bleu, ce garde-temps juxtapose admirablement les aiguilles et les index lumineux \u00e0 son canevas sombre, assurant ainsi une visibilit\u00e9 optimale quelles que soient les conditions d&rsquo;\u00e9clairage. L&rsquo;affichage de la date \u00e0 3 heures ajoute une touche de fonctionnalit\u00e9, tandis que la pointe rouge de l&rsquo;aiguille des secondes offre un contraste saisissant, pour un garde-temps non seulement fonctionnel mais aussi visuellement captivant. <\/p>\n<p>La Timeroy NE est compl\u00e9t\u00e9e par un bracelet en cuir de veau v\u00e9ritable, pr\u00e9sent\u00e9 dans un style de course automobile vintage. Confortable et robuste, le bracelet rend hommage \u00e0 l&rsquo;\u00e8re classique de la course automobile, ajoutant une touche de nostalgie qui compl\u00e8te parfaitement l&rsquo;esth\u00e9tique moderne de la montre. <\/p>\n<p>L&rsquo;Atlantic Timeroy NE est plus qu&rsquo;une montre, c&rsquo;est un t\u00e9moignage de l&rsquo;engagement d&rsquo;Atlantic \u00e0 fabriquer des garde-temps exceptionnels qui allient pr\u00e9cision, \u00e9l\u00e9gance et fonctionnalit\u00e9. Les caract\u00e9ristiques uniques et les fonctions robustes de ce mod\u00e8le en font un choix remarquable pour les amateurs de montres et les collectionneurs. <\/p>\n<hr>\n<p><img loading=\"lazy\" decoding=\"async\" class=\"aligncenter wp-image-7747 size-large\" src=\"https:\/\/atlanticwatches.ch\/wp-content\/uploads\/2023\/07\/Timeroy-New-2023-1024x576.jpg\" alt=\"\" width=\"1024\" height=\"576\" srcset=\"https:\/\/atlanticwatches.ch\/wp-content\/uploads\/2023\/07\/Timeroy-New-2023-1024x576.jpg 1024w, https:\/\/atlanticwatches.ch\/wp-content\/uploads\/2023\/07\/Timeroy-New-2023-768x432.jpg 768w, https:\/\/atlanticwatches.ch\/wp-content\/uploads\/2023\/07\/Timeroy-New-2023-640x360.jpg 640w, https:\/\/atlanticwatches.ch\/wp-content\/uploads\/2023\/07\/Timeroy-New-2023-400x225.jpg 400w, https:\/\/atlanticwatches.ch\/wp-content\/uploads\/2023\/07\/Timeroy-New-2023-600x338.jpg 600w\" sizes=\"auto, (max-width: 1024px) 100vw, 1024px\" \/><\/p>\n","protected":false},"excerpt":{"rendered":"<p><strong>Le summum de l&rsquo;\u00e9l\u00e9gance et de la pr\u00e9cision intemporelles<\/strong><\/p>\n<p>L&rsquo;Atlantic Timeroy NE Classic est anim\u00e9e par le mouvement Ronda R.515 Quartz, pr\u00e9sente un captivant cadran bleu serti dans un bo\u00eetier en acier inoxydable et est accompagn\u00e9e d&rsquo;un bracelet en cuir de style course automobile vintage. <\/p>\n<p>Dans l&rsquo;ensemble, il s&rsquo;agit d&rsquo;une pi\u00e8ce exceptionnelle pour tous les amateurs de montres.<\/p>\n","protected":false},"featured_media":11150,"template":"","meta":[],"product_brand":[],"product_cat":[1138,1262,1150],"product_tag":[],"class_list":{"0":"post-11149","1":"product","2":"type-product","3":"status-publish","4":"has-post-thumbnail","6":"product_cat-montres-pour-hommes","7":"product_cat-timeroy-fr","8":"product_cat-montres-a-quartz","10":"first","11":"instock","12":"shipping-taxable","13":"purchasable","14":"product-type-simple"},"_links":{"self":[{"href":"https:\/\/atlanticwatches.ch\/fr\/wp-json\/wp\/v2\/product\/11149","targetHints":{"allow":["GET"]}}],"collection":[{"href":"https:\/\/atlanticwatches.ch\/fr\/wp-json\/wp\/v2\/product"}],"about":[{"href":"https:\/\/atlanticwatches.ch\/fr\/wp-json\/wp\/v2\/types\/product"}],"wp:featuredmedia":[{"embeddable":true,"href":"https:\/\/atlanticwatches.ch\/fr\/wp-json\/wp\/v2\/media\/11150"}],"wp:attachment":[{"href":"https:\/\/atlanticwatches.ch\/fr\/wp-json\/wp\/v2\/media?parent=11149"}],"wp:term":[{"taxonomy":"product_brand","embeddable":true,"href":"https:\/\/atlanticwatches.ch\/fr\/wp-json\/wp\/v2\/product_brand?post=11149"},{"taxonomy":"product_cat","embeddable":true,"href":"https:\/\/atlanticwatches.ch\/fr\/wp-json\/wp\/v2\/product_cat?post=11149"},{"taxonomy":"product_tag","embeddable":true,"href":"https:\/\/atlanticwatches.ch\/fr\/wp-json\/wp\/v2\/product_tag?post=11149"}],"curies":[{"name":"wp","href":"https:\/\/api.w.org\/{rel}","templated":true}]}}