{"id":11141,"date":"2023-07-08T16:54:02","date_gmt":"2023-07-08T14:54:02","guid":{"rendered":"https:\/\/atlanticwatches.ch\/shop\/non class\u00e9\/seabase-gents-nd-noir\/"},"modified":"2023-07-08T16:54:02","modified_gmt":"2023-07-08T14:54:02","slug":"seabase-gents-nd-noir","status":"publish","type":"product","link":"https:\/\/atlanticwatches.ch\/fr\/shop\/montres-pour-hommes\/seabase-fr\/seabase-gents-fr\/seabase-gents-nd-noir\/","title":{"rendered":"Seabase Gents ND | Noir"},"content":{"rendered":"<p><strong>D\u00e9couvrez l&rsquo;excellence en mati\u00e8re de chronom\u00e9trage avec la collection Atlantic Seabase<\/strong><\/p>\n<p>Habilement con\u00e7ues pour offrir un \u00e9quilibre parfait entre la praticit\u00e9 quotidienne et l&rsquo;\u00e9l\u00e9gance simple, ces montres fabriqu\u00e9es en Suisse sont id\u00e9ales pour une vari\u00e9t\u00e9 d&rsquo;occasions.<\/p>\n<p>Au c\u0153ur de chaque montre Seabase se trouve la pr\u00e9cision du mouvement \u00e0 quartz Ronda R515. Encastr\u00e9 dans un cadran de 40 mm, ce m\u00e9canisme fiable vous permet d&rsquo;\u00eatre toujours \u00e0 l&rsquo;heure. Les montres sont dot\u00e9es de chiffres aux positions 12, 6 et 9 heures, ce qui rend le contr\u00f4le de l&rsquo;heure aussi facile qu&rsquo;un simple coup d&rsquo;\u0153il \u00e0 votre poignet. L&rsquo;affichage pratique de la date \u00e0 3 heures vous permet de ne pas perdre le fil de votre emploi du temps.   <\/p>\n<p>Conform\u00e9ment \u00e0 l&rsquo;attention suisse port\u00e9e aux d\u00e9tails, ces montres sont dot\u00e9es d&rsquo;un verre saphir &#8211; offrant durabilit\u00e9 et r\u00e9sistance aux rayures, ce qui ajoute \u00e0 la long\u00e9vit\u00e9 de votre garde-temps. Ces montres sont \u00e9galement \u00e9tanches \u00e0 50 m\u00e8tres, ce qui est parfait pour les rencontres inattendues avec l&rsquo;eau dans la vie quotidienne. <\/p>\n<p>Chaque montre Seabase est \u00e9l\u00e9gamment \u00e9quip\u00e9e d&rsquo;un bracelet en m\u00e9tal, avec un m\u00e9lange de finitions polies et satin\u00e9es. Cet \u00e9l\u00e9ment de design subtil rehausse l&rsquo;attrait de la montre et lui conf\u00e8re un aspect polyvalent qui convient \u00e0 toutes les tenues et \u00e0 toutes les occasions. <\/p>\n<p>La collection Seabase offre un point d&rsquo;entr\u00e9e abordable dans le monde des montres fabriqu\u00e9es en Suisse. Elles allient la fonctionnalit\u00e9 \u00e0 un design \u00e9pur\u00e9 et minimaliste qui s&rsquo;int\u00e8gre parfaitement \u00e0 votre style de tous les jours. <\/p>\n<hr>\n<p><img loading=\"lazy\" decoding=\"async\" class=\"aligncenter wp-image-7757 size-large\" src=\"https:\/\/atlanticwatches.ch\/wp-content\/uploads\/2023\/07\/Atlantic-Seabase-ND-Black-1024x576.jpg\" alt=\"\" width=\"1024\" height=\"576\" srcset=\"https:\/\/atlanticwatches.ch\/wp-content\/uploads\/2023\/07\/Atlantic-Seabase-ND-Black-1024x576.jpg 1024w, https:\/\/atlanticwatches.ch\/wp-content\/uploads\/2023\/07\/Atlantic-Seabase-ND-Black-768x432.jpg 768w, https:\/\/atlanticwatches.ch\/wp-content\/uploads\/2023\/07\/Atlantic-Seabase-ND-Black-640x360.jpg 640w, https:\/\/atlanticwatches.ch\/wp-content\/uploads\/2023\/07\/Atlantic-Seabase-ND-Black-400x225.jpg 400w, https:\/\/atlanticwatches.ch\/wp-content\/uploads\/2023\/07\/Atlantic-Seabase-ND-Black-600x338.jpg 600w\" sizes=\"auto, (max-width: 1024px) 100vw, 1024px\" \/><\/p>\n","protected":false},"excerpt":{"rendered":"<p><strong>Un design minimaliste et intemporel. <\/strong><\/p>\n<p>Am\u00e9liorez votre exp\u00e9rience de chronom\u00e9trage avec la collection Atlantic Seabase pour hommes.<\/p>\n<p>D\u00e9couvrez la pr\u00e9cision suisse et appr\u00e9ciez le m\u00e9lange de praticit\u00e9 quotidienne et d&rsquo;\u00e9l\u00e9gance simple.<\/p>\n<p>Apr\u00e8s tout, une montre Atlantic est plus qu&rsquo;un simple garde-temps ; c&rsquo;est le reflet de votre style personnel et de votre engagement \u00e0 la ponctualit\u00e9.<\/p>\n","protected":false},"featured_media":11142,"template":"","meta":[],"product_brand":[],"product_cat":[1138,1275,1382,1150],"product_tag":[],"class_list":{"0":"post-11141","1":"product","2":"type-product","3":"status-publish","4":"has-post-thumbnail","6":"product_cat-montres-pour-hommes","7":"product_cat-seabase-fr","8":"product_cat-seabase-gents-fr","9":"product_cat-montres-a-quartz","11":"first","12":"instock","13":"shipping-taxable","14":"purchasable","15":"product-type-simple"},"_links":{"self":[{"href":"https:\/\/atlanticwatches.ch\/fr\/wp-json\/wp\/v2\/product\/11141","targetHints":{"allow":["GET"]}}],"collection":[{"href":"https:\/\/atlanticwatches.ch\/fr\/wp-json\/wp\/v2\/product"}],"about":[{"href":"https:\/\/atlanticwatches.ch\/fr\/wp-json\/wp\/v2\/types\/product"}],"wp:featuredmedia":[{"embeddable":true,"href":"https:\/\/atlanticwatches.ch\/fr\/wp-json\/wp\/v2\/media\/11142"}],"wp:attachment":[{"href":"https:\/\/atlanticwatches.ch\/fr\/wp-json\/wp\/v2\/media?parent=11141"}],"wp:term":[{"taxonomy":"product_brand","embeddable":true,"href":"https:\/\/atlanticwatches.ch\/fr\/wp-json\/wp\/v2\/product_brand?post=11141"},{"taxonomy":"product_cat","embeddable":true,"href":"https:\/\/atlanticwatches.ch\/fr\/wp-json\/wp\/v2\/product_cat?post=11141"},{"taxonomy":"product_tag","embeddable":true,"href":"https:\/\/atlanticwatches.ch\/fr\/wp-json\/wp\/v2\/product_tag?post=11141"}],"curies":[{"name":"wp","href":"https:\/\/api.w.org\/{rel}","templated":true}]}}