{"id":11115,"date":"2023-07-09T07:38:19","date_gmt":"2023-07-09T05:38:19","guid":{"rendered":"https:\/\/atlanticwatches.ch\/shop\/non class\u00e9\/worldmaster-1888-automatic-vintage-edition-40mm-noir-et-or-rose\/"},"modified":"2023-07-09T07:38:19","modified_gmt":"2023-07-09T05:38:19","slug":"worldmaster-1888-automatic-vintage-edition-40mm-noir-et-or-rose","status":"publish","type":"product","link":"https:\/\/atlanticwatches.ch\/fr\/shop\/montres-pour-hommes\/worldmaster\/worldmaster-1888\/worldmaster-1888-automatic-vintage-edition-40mm-noir-et-or-rose\/","title":{"rendered":"Worldmaster 1888 Automatic Vintage Edition 40mm | Noir et or rose"},"content":{"rendered":"<p><strong>\u00c9l\u00e9gance et sophistication gr\u00e2ce \u00e0 un design complexe.<\/strong><\/p>\n<p>Cette Atlantic Worldmaster 1888 Automatic est un garde-temps qui allie sans effort la fiabilit\u00e9 de l&rsquo;artisanat suisse \u00e0 une esth\u00e9tique moderne et sophistiqu\u00e9e, ce qui en fait un chef-d&rsquo;\u0153uvre en termes de technologie et de design.<\/p>\n<p>Avec ce mod\u00e8le, nous avons soigneusement r\u00e9duit la taille de la montre \u00e0 un 40 mm plus universel, cr\u00e9ant ainsi un \u00e9quilibre d\u00e9licat entre l&rsquo;importance et le confort. Cette nouvelle taille fait de la Worldmaster 1888 Automatic un accessoire polyvalent pour toutes les tailles de poignet, garantissant un ajustement parfait et agr\u00e9able. <\/p>\n<p>Le v\u00e9ritable atout de cette magnifique pi\u00e8ce est son cadran redessin\u00e9. Le cadran a \u00e9t\u00e9 m\u00e9ticuleusement con\u00e7u dans un design structur\u00e9 et complexe qui incarne l&rsquo;essence de l&rsquo;art horloger. La structure complexe mais visuellement attrayante donne une impression de profondeur et de dynamisme, faisant de chaque coup d&rsquo;\u0153il \u00e0 votre montre une exp\u00e9rience en soi. Chaque ligne, courbe et d\u00e9tail du cadran joue son r\u00f4le dans la pr\u00e9sentation d&rsquo;une captivante symphonie du temps.   <\/p>\n<p>Avec la nouvelle Atlantic Worldmaster 1888 Automatic, nous perp\u00e9tuons notre longue tradition qui consiste \u00e0 associer la pr\u00e9cision suisse \u00e0 un design remarquable. Ce mod\u00e8le incarne l&rsquo;engagement d&rsquo;Atlantic en faveur de l&rsquo;innovation et ses racines remontant \u00e0 1888. <\/p>\n<hr>\n<p><img loading=\"lazy\" decoding=\"async\" class=\"aligncenter wp-image-7811 size-large\" src=\"https:\/\/atlanticwatches.ch\/wp-content\/uploads\/2023\/07\/Atlantic-Worldmaster-1888-Automatic-ND-Black-1024x576.jpg\" alt=\"\" width=\"1024\" height=\"576\" srcset=\"https:\/\/atlanticwatches.ch\/wp-content\/uploads\/2023\/07\/Atlantic-Worldmaster-1888-Automatic-ND-Black-1024x576.jpg 1024w, https:\/\/atlanticwatches.ch\/wp-content\/uploads\/2023\/07\/Atlantic-Worldmaster-1888-Automatic-ND-Black-768x432.jpg 768w, https:\/\/atlanticwatches.ch\/wp-content\/uploads\/2023\/07\/Atlantic-Worldmaster-1888-Automatic-ND-Black-640x360.jpg 640w, https:\/\/atlanticwatches.ch\/wp-content\/uploads\/2023\/07\/Atlantic-Worldmaster-1888-Automatic-ND-Black-400x225.jpg 400w, https:\/\/atlanticwatches.ch\/wp-content\/uploads\/2023\/07\/Atlantic-Worldmaster-1888-Automatic-ND-Black-600x338.jpg 600w\" sizes=\"auto, (max-width: 1024px) 100vw, 1024px\" \/><\/p>\n","protected":false},"excerpt":{"rendered":"<p><strong>Cadran structur\u00e9 | 40mm<\/strong><\/p>\n<p>Adoptez la nouvelle \u00e8re du chronom\u00e9trage, d\u00e9couvrez le m\u00e9lange harmonieux du pass\u00e9, du pr\u00e9sent et du futur \u00e0 votre poignet.<\/p>\n<p>Cette Atlantic Worldmaster 1888 n&rsquo;est pas seulement un garde-temps, mais une d\u00e9claration, un sujet de conversation et le symbole d&rsquo;un go\u00fbt impeccable.<\/p>\n","protected":false},"featured_media":11116,"template":"","meta":[],"product_brand":[],"product_cat":[1138,1182,1188],"product_tag":[],"class_list":{"0":"post-11115","1":"product","2":"type-product","3":"status-publish","4":"has-post-thumbnail","6":"product_cat-montres-pour-hommes","7":"product_cat-worldmaster-1888","8":"product_cat-montres-automatiques","10":"first","11":"instock","12":"shipping-taxable","13":"purchasable","14":"product-type-simple"},"_links":{"self":[{"href":"https:\/\/atlanticwatches.ch\/fr\/wp-json\/wp\/v2\/product\/11115","targetHints":{"allow":["GET"]}}],"collection":[{"href":"https:\/\/atlanticwatches.ch\/fr\/wp-json\/wp\/v2\/product"}],"about":[{"href":"https:\/\/atlanticwatches.ch\/fr\/wp-json\/wp\/v2\/types\/product"}],"wp:featuredmedia":[{"embeddable":true,"href":"https:\/\/atlanticwatches.ch\/fr\/wp-json\/wp\/v2\/media\/11116"}],"wp:attachment":[{"href":"https:\/\/atlanticwatches.ch\/fr\/wp-json\/wp\/v2\/media?parent=11115"}],"wp:term":[{"taxonomy":"product_brand","embeddable":true,"href":"https:\/\/atlanticwatches.ch\/fr\/wp-json\/wp\/v2\/product_brand?post=11115"},{"taxonomy":"product_cat","embeddable":true,"href":"https:\/\/atlanticwatches.ch\/fr\/wp-json\/wp\/v2\/product_cat?post=11115"},{"taxonomy":"product_tag","embeddable":true,"href":"https:\/\/atlanticwatches.ch\/fr\/wp-json\/wp\/v2\/product_tag?post=11115"}],"curies":[{"name":"wp","href":"https:\/\/api.w.org\/{rel}","templated":true}]}}