{"id":11112,"date":"2023-07-09T19:50:31","date_gmt":"2023-07-09T17:50:31","guid":{"rendered":"https:\/\/atlanticwatches.ch\/shop\/non%20class\u00e9\/worldmaster-original-power-reserve-automatic-cream\/"},"modified":"2025-11-18T18:12:31","modified_gmt":"2025-11-18T17:12:31","slug":"worldmaster-original-power-reserve-automatic-cream","status":"publish","type":"product","link":"https:\/\/atlanticwatches.ch\/fr\/shop\/montres-pour-hommes\/worldmaster\/worldmaster-original-fr\/worldmaster-original-power-reserve-automatic-cream\/","title":{"rendered":"Worldmaster Original Power Reserve Automatic | Cream"},"content":{"rendered":"<p><strong>Atlantic Worldmaster Original Power Reserve &#8211; Un chef-d&rsquo;\u0153uvre \u00e9poustouflant  <\/strong><\/p>\n<p>D\u00e9couvrez le mariage parfait du charme r\u00e9tro et de l&rsquo;horlogerie moderne avec la montre Atlantic Worldmaster Original Power Reserve.<\/p>\n<p>Inspir\u00e9 des mod\u00e8les classiques des ann\u00e9es 1950, ce garde-temps est un clin d&rsquo;\u0153il au riche patrimoine d&rsquo;Atlantic tout en int\u00e9grant les am\u00e9liorations m\u00e9caniques pr\u00e9cises de l&rsquo;horlogerie contemporaine.<\/p>\n<p>Le c\u0153ur de cette pi\u00e8ce est le tr\u00e8s fiable mouvement automatique Sellita SW279-1. Connu pour sa pr\u00e9cision et sa long\u00e9vit\u00e9, ce mouvement n&rsquo;est pas seulement un t\u00e9moignage du savoir-faire suisse, mais il alimente \u00e9galement l&rsquo;\u00e9l\u00e9gance fonctionnelle du garde-temps. Il se manifeste par l&rsquo;indicateur de r\u00e9serve de marche plac\u00e9 \u00e0 6 heures et par le cadran secondaire de la petite seconde situ\u00e9 \u00e0 9 heures. Ces caract\u00e9ristiques ne renforcent pas seulement l&rsquo;utilit\u00e9 du garde-temps, mais contribuent \u00e9galement \u00e0 son allure vintage, cr\u00e9ant un m\u00e9lange sophistiqu\u00e9 de forme et de fonction.   <\/p>\n<p>L&rsquo;indicateur de r\u00e9serve de marche est une caract\u00e9ristique pratique et souhaitable, qui indique au porteur combien de temps la montre peut fonctionner sans \u00eatre remont\u00e9e. Il ajoute un \u00e9l\u00e9ment d&rsquo;interaction et d&rsquo;anticipation \u00e0 l&rsquo;exp\u00e9rience de porter ce garde-temps automatique, cr\u00e9ant un lien entre la montre et son porteur. <\/p>\n<p>Le look vintage-r\u00e9tro de l&rsquo;Atlantic Worldmaster Original Power Reserve est un voyage nostalgique vers l&rsquo;\u00e2ge d&rsquo;or du design horloger, faisant de ce garde-temps non seulement une m\u00e9thode pour lire l&rsquo;heure, mais aussi une histoire du temps \u00e0 porter.<\/p>\n<p>Que vous soyez un amateur de montres anciennes ou que vous aimiez simplement un garde-temps qui a une histoire, l&rsquo;Atlantic Worldmaster Original Power Reserve est un choix parfait. C&rsquo;est plus qu&rsquo;une montre &#8211; c&rsquo;est un t\u00e9moignage historique de l&rsquo;\u00e9l\u00e9gance durable du pass\u00e9 et de la brillance technique du pr\u00e9sent. <\/p>\n<hr>\n<p><img loading=\"lazy\" decoding=\"async\" class=\"aligncenter wp-image-7820 size-large\" src=\"https:\/\/atlanticwatches.ch\/wp-content\/uploads\/2023\/07\/Atlantic-Worldmaster-Original-Power-Reserve-1024x576.jpg\" alt=\"\" width=\"1024\" height=\"576\" srcset=\"https:\/\/atlanticwatches.ch\/wp-content\/uploads\/2023\/07\/Atlantic-Worldmaster-Original-Power-Reserve-1024x576.jpg 1024w, https:\/\/atlanticwatches.ch\/wp-content\/uploads\/2023\/07\/Atlantic-Worldmaster-Original-Power-Reserve-768x432.jpg 768w, https:\/\/atlanticwatches.ch\/wp-content\/uploads\/2023\/07\/Atlantic-Worldmaster-Original-Power-Reserve-640x360.jpg 640w, https:\/\/atlanticwatches.ch\/wp-content\/uploads\/2023\/07\/Atlantic-Worldmaster-Original-Power-Reserve-400x225.jpg 400w, https:\/\/atlanticwatches.ch\/wp-content\/uploads\/2023\/07\/Atlantic-Worldmaster-Original-Power-Reserve-600x338.jpg 600w\" sizes=\"auto, (max-width: 1024px) 100vw, 1024px\" \/><\/p>\n","protected":false},"excerpt":{"rendered":"<p><strong>R\u00e9serve de marche et petite seconde en un.<\/strong><\/p>\n<p>Retrouvez l&rsquo;\u00e9l\u00e9gance intemporelle des ann\u00e9es 1950 avec l&rsquo;Atlantic Worldmaster Original Power Reserve.<\/p>\n<p>Elle allie la sophistication du pass\u00e9 aux avanc\u00e9es technologiques d&rsquo;aujourd&rsquo;hui, cr\u00e9ant ainsi une exp\u00e9rience de poignet exemplaire.<\/p>\n<p>La montre est anim\u00e9e par un mouvement automatique Sellita SW279-1 fiable, envelopp\u00e9 d&rsquo;acier inoxydable poli, avec un indicateur de r\u00e9serve de marche fonctionnel et une petite trotteuse.<\/p>\n<p>Hommage parfait \u00e0 l&#8217;embl\u00e9matique Worldmaster des ann\u00e9es 50, ce mod\u00e8le de 39 mm offre un retour \u00e9l\u00e9gant dans le pass\u00e9 avec une pr\u00e9cision horlog\u00e8re moderne.<\/p>\n","protected":false},"featured_media":11113,"template":"","meta":[],"product_brand":[],"product_cat":[1138,1249,1250,1188],"product_tag":[],"class_list":{"0":"post-11112","1":"product","2":"type-product","3":"status-publish","4":"has-post-thumbnail","6":"product_cat-montres-pour-hommes","7":"product_cat-worldmaster","8":"product_cat-worldmaster-original-fr","9":"product_cat-montres-automatiques","11":"first","12":"instock","13":"shipping-taxable","14":"purchasable","15":"product-type-simple"},"_links":{"self":[{"href":"https:\/\/atlanticwatches.ch\/fr\/wp-json\/wp\/v2\/product\/11112","targetHints":{"allow":["GET"]}}],"collection":[{"href":"https:\/\/atlanticwatches.ch\/fr\/wp-json\/wp\/v2\/product"}],"about":[{"href":"https:\/\/atlanticwatches.ch\/fr\/wp-json\/wp\/v2\/types\/product"}],"wp:featuredmedia":[{"embeddable":true,"href":"https:\/\/atlanticwatches.ch\/fr\/wp-json\/wp\/v2\/media\/11113"}],"wp:attachment":[{"href":"https:\/\/atlanticwatches.ch\/fr\/wp-json\/wp\/v2\/media?parent=11112"}],"wp:term":[{"taxonomy":"product_brand","embeddable":true,"href":"https:\/\/atlanticwatches.ch\/fr\/wp-json\/wp\/v2\/product_brand?post=11112"},{"taxonomy":"product_cat","embeddable":true,"href":"https:\/\/atlanticwatches.ch\/fr\/wp-json\/wp\/v2\/product_cat?post=11112"},{"taxonomy":"product_tag","embeddable":true,"href":"https:\/\/atlanticwatches.ch\/fr\/wp-json\/wp\/v2\/product_tag?post=11112"}],"curies":[{"name":"wp","href":"https:\/\/api.w.org\/{rel}","templated":true}]}}