{"id":11110,"date":"2023-07-09T21:55:43","date_gmt":"2023-07-09T19:55:43","guid":{"rendered":"https:\/\/atlanticwatches.ch\/shop\/non class\u00e9\/worldmaster-1888-automatic-ne-anthracite\/"},"modified":"2023-07-09T21:55:43","modified_gmt":"2023-07-09T19:55:43","slug":"worldmaster-1888-automatic-ne-anthracite","status":"publish","type":"product","link":"https:\/\/atlanticwatches.ch\/fr\/shop\/montres-pour-hommes\/worldmaster\/worldmaster-1888\/worldmaster-1888-automatic-ne-anthracite\/","title":{"rendered":"Worldmaster 1888 Automatic NE | Anthracite"},"content":{"rendered":"<p><strong>Atlantic Worldmaster 1888 Automatic : Un hommage moderne \u00e0 l&rsquo;\u00e9l\u00e9gance intemporelle<\/strong><\/p>\n<p>Embarquez pour un voyage dans le temps avec l&rsquo;Atlantic Worldmaster 1888 Automatic, une fusion exquise de sophistication moderne et de charme classique. Ce garde-temps raffin\u00e9 de 42 mm pour homme est une nouvelle addition remarquable \u00e0 la c\u00e9l\u00e8bre s\u00e9rie Atlantic Worldmaster. <\/p>\n<p>Log\u00e9e dans un bo\u00eetier en acier inoxydable poli, la Worldmaster 1888 Automatic pr\u00e9sente un cadran structur\u00e9 qui affiche l&rsquo;heure avec une pr\u00e9cision et un style in\u00e9gal\u00e9s. Le design du cadran rend hommage \u00e0 l&rsquo;h\u00e9ritage de la montre tout en apportant une touche contemporaine avec ses lignes \u00e9pur\u00e9es et ses textures complexes. <\/p>\n<p>Sous cette fa\u00e7ade raffin\u00e9e se cache le mouvement automatique Sellita SW200-1. R\u00e9put\u00e9 pour sa fiabilit\u00e9 et sa pr\u00e9cision, ce calibre de fabrication suisse garantit un chronom\u00e9trage pr\u00e9cis et offre une trotteuse \u00e0 balayage pour une touche d&rsquo;allure classique. <\/p>\n<p>Incarnant un m\u00e9lange harmonieux de tradition et d&rsquo;innovation, la Worldmaster 1888 Automatic est bien plus qu&rsquo;une simple montre habill\u00e9e. Son design raffin\u00e9 peut facilement passer des occasions formelles aux sorties d\u00e9contract\u00e9es, ce qui en fait un ajout polyvalent \u00e0 toute collection de montres. Que vous soyez habill\u00e9 pour impressionner en smoking ou d\u00e9contract\u00e9 en jean, ce garde-temps est con\u00e7u pour compl\u00e9ter votre style.  <\/p>\n<p>L&rsquo;Atlantic Worldmaster 1888 Automatic, avec son m\u00e9lange d&rsquo;\u00e9l\u00e9gance intemporelle et de sophistication moderne, est un ajout exemplaire \u00e0 la collection de tout amateur de montres. C&rsquo;est un garde-temps embl\u00e9matique qui ch\u00e9rit le pass\u00e9 tout en embrassant l&rsquo;avenir &#8211; un symbole de la qualit\u00e9 durable de la tradition horlog\u00e8re d&rsquo;Atlantic. D\u00e9couvrez l&rsquo;attrait luxueux d&rsquo;une montre qui r\u00e9siste v\u00e9ritablement \u00e0 l&rsquo;\u00e9preuve du temps.  <\/p>\n<hr>\n<p><img loading=\"lazy\" decoding=\"async\" class=\"aligncenter wp-image-7834 size-large\" src=\"https:\/\/atlanticwatches.ch\/wp-content\/uploads\/2023\/07\/Atlantic-Worldmaster-1888-Anthracite-SS-1024x576.jpg\" alt=\"\" width=\"1024\" height=\"576\" srcset=\"https:\/\/atlanticwatches.ch\/wp-content\/uploads\/2023\/07\/Atlantic-Worldmaster-1888-Anthracite-SS-1024x576.jpg 1024w, https:\/\/atlanticwatches.ch\/wp-content\/uploads\/2023\/07\/Atlantic-Worldmaster-1888-Anthracite-SS-768x432.jpg 768w, https:\/\/atlanticwatches.ch\/wp-content\/uploads\/2023\/07\/Atlantic-Worldmaster-1888-Anthracite-SS-640x360.jpg 640w, https:\/\/atlanticwatches.ch\/wp-content\/uploads\/2023\/07\/Atlantic-Worldmaster-1888-Anthracite-SS-400x225.jpg 400w, https:\/\/atlanticwatches.ch\/wp-content\/uploads\/2023\/07\/Atlantic-Worldmaster-1888-Anthracite-SS-600x338.jpg 600w\" sizes=\"auto, (max-width: 1024px) 100vw, 1024px\" \/><\/p>\n","protected":false},"excerpt":{"rendered":"<p>L<strong>&lsquo;\u00e9l\u00e9gance classique rencontre la sophistication moderne<\/strong><\/p>\n<p>D\u00e9couvrez l&rsquo;Atlantic Worldmaster 1888 Automatic, une superbe montre pour hommes de 42 mm qui allie l&rsquo;\u00e9l\u00e9gance intemporelle \u00e0 la sophistication moderne.<\/p>\n<p>Avec son cadran structur\u00e9 et son mouvement Sellita SW200-1 fiable, cette pi\u00e8ce offre une pr\u00e9cision in\u00e9gal\u00e9e en mati\u00e8re de chronom\u00e9trage.<\/p>\n<p>Passant sans probl\u00e8me du formel au d\u00e9contract\u00e9, ce garde-temps polyvalent est le compl\u00e9ment parfait de tout ensemble.<\/p>\n<p>D\u00e9couvrez un m\u00e9lange de tradition et d&rsquo;innovation, incarn\u00e9 dans une montre qui est pr\u00eate \u00e0 r\u00e9sister \u00e0 l&rsquo;\u00e9preuve du temps.<\/p>\n","protected":false},"featured_media":11111,"template":"","meta":[],"product_brand":[],"product_cat":[1138,1182,1188],"product_tag":[],"class_list":{"0":"post-11110","1":"product","2":"type-product","3":"status-publish","4":"has-post-thumbnail","6":"product_cat-montres-pour-hommes","7":"product_cat-worldmaster-1888","8":"product_cat-montres-automatiques","10":"first","11":"instock","12":"shipping-taxable","13":"purchasable","14":"product-type-simple"},"_links":{"self":[{"href":"https:\/\/atlanticwatches.ch\/fr\/wp-json\/wp\/v2\/product\/11110","targetHints":{"allow":["GET"]}}],"collection":[{"href":"https:\/\/atlanticwatches.ch\/fr\/wp-json\/wp\/v2\/product"}],"about":[{"href":"https:\/\/atlanticwatches.ch\/fr\/wp-json\/wp\/v2\/types\/product"}],"wp:featuredmedia":[{"embeddable":true,"href":"https:\/\/atlanticwatches.ch\/fr\/wp-json\/wp\/v2\/media\/11111"}],"wp:attachment":[{"href":"https:\/\/atlanticwatches.ch\/fr\/wp-json\/wp\/v2\/media?parent=11110"}],"wp:term":[{"taxonomy":"product_brand","embeddable":true,"href":"https:\/\/atlanticwatches.ch\/fr\/wp-json\/wp\/v2\/product_brand?post=11110"},{"taxonomy":"product_cat","embeddable":true,"href":"https:\/\/atlanticwatches.ch\/fr\/wp-json\/wp\/v2\/product_cat?post=11110"},{"taxonomy":"product_tag","embeddable":true,"href":"https:\/\/atlanticwatches.ch\/fr\/wp-json\/wp\/v2\/product_tag?post=11110"}],"curies":[{"name":"wp","href":"https:\/\/api.w.org\/{rel}","templated":true}]}}