{"id":11093,"date":"2023-09-07T08:34:50","date_gmt":"2023-09-07T06:34:50","guid":{"rendered":"https:\/\/atlanticwatches.ch\/shop\/non class\u00e9\/chronographe-atlantic-worldmaster-prestige-valjoux-black-pvd\/"},"modified":"2023-09-07T08:34:50","modified_gmt":"2023-09-07T06:34:50","slug":"chronographe-atlantic-worldmaster-prestige-valjoux-black-pvd","status":"publish","type":"product","link":"https:\/\/atlanticwatches.ch\/fr\/shop\/montres-pour-hommes\/worldmaster\/prestige-valjoux-day-date-fr\/chronographe-atlantic-worldmaster-prestige-valjoux-black-pvd\/","title":{"rendered":"Chronographe Atlantic Worldmaster Prestige Valjoux Black PVD"},"content":{"rendered":"<h3>L&rsquo;Atlantic Worldmaster Prestige Valjoux Black PVD : Le summum de l&rsquo;artisanat suisse au service d&rsquo;un design d&rsquo;avant-garde<\/h3>\n<p><strong>Le c\u0153ur du garde-temps : L&rsquo;excellence suisse<\/strong><\/p>\n<p>Au c\u0153ur de cette montre exceptionnelle se trouve le mouvement automatique ETA Valjoux 7750, porte-drapeau de la pr\u00e9cision, de la performance et de la fiabilit\u00e9. Il ne s&rsquo;agit pas seulement d&rsquo;un mouvement, mais d&rsquo;une affirmation de l&rsquo;art horloger suisse. <\/p>\n<p><strong>Un r\u00e9gal pour les yeux : contrastes audacieux et design fonctionnel<\/strong><\/p>\n<p>La Atlantic Worldmaster Prestige Valjoux Black PVD est une montre de style. Log\u00e9 dans un robuste bo\u00eetier en acier inoxydable PVD noir de 40 mm, le cadran noir offre un contraste saisissant avec les aiguilles et les rehauts orange &#8211; \u00e0 la fois fonctionnel et esth\u00e9tiquement captivant. <\/p>\n<p><strong>Une forme \u00e0 nulle autre pareille : Votre compagnon id\u00e9al<\/strong><\/p>\n<p>Le bracelet en cuir noir inspir\u00e9 de la course automobile n&rsquo;est pas seulement un \u00e9l\u00e9ment de style. Avec sa boucle d\u00e9ployante papillon, vous \u00eates assur\u00e9 d&rsquo;un ajustement s\u00fbr et confortable. Emmenez-la \u00e0 un rendez-vous ou lors d&rsquo;une soir\u00e9e : sa polyvalence sera mise en valeur.  <\/p>\n<p><strong>Voyez le savoir-faire : Fond transparent<\/strong><\/p>\n<p>Tournez la montre pour d\u00e9couvrir un fond transparent qui offre une fen\u00eatre sur le chef-d&rsquo;\u0153uvre suisse qu&rsquo;elle renferme. Observez la symphonie complexe des engrenages, des ressorts et des rotors \u00e0 l&rsquo;\u0153uvre &#8211; un rappel quotidien du savoir-faire artisanal que vous portez \u00e0 votre poignet. <\/p>\n<p><strong>Con\u00e7u pour le voyage : R\u00e9sistant \u00e0 l&rsquo;eau et pr\u00eat pour le voyage<\/strong><\/p>\n<p>Avec une r\u00e9sistance \u00e0 l&rsquo;eau de 50 m\u00e8tres, ce garde-temps promet durabilit\u00e9 et long\u00e9vit\u00e9, pr\u00eat \u00e0 \u00eatre votre compagnon fiable dans les aventures de la vie. Pour ceux qui voyagent, une bo\u00eete de voyage suppl\u00e9mentaire permet de conserver votre montre en parfait \u00e9tat, quel que soit l&rsquo;endroit o\u00f9 le voyage vous m\u00e8ne. <\/p>\n<p><strong>Cette Atlantic Worldmaster Prestige Valjoux Black PVD n&rsquo;est pas seulement un garde-temps &#8211; elle \u00e9tablit une nouvelle norme dans l&rsquo;horlogerie moderne. Elle rehausse votre exp\u00e9rience du temps, \u00e0 chaque instant de la journ\u00e9e. Faites-la v\u00f4tre d\u00e8s aujourd&rsquo;hui et profitez d&rsquo;une sophistication horlog\u00e8re in\u00e9gal\u00e9e.  <\/strong><\/p>\n<hr>\n<p><img loading=\"lazy\" decoding=\"async\" class=\"aligncenter wp-image-8056 size-large\" src=\"https:\/\/atlanticwatches.ch\/wp-content\/uploads\/2023\/09\/Atlantic-Prestige-Black-PVD-2023-1024x540.jpg\" alt=\"\" width=\"1024\" height=\"540\" srcset=\"https:\/\/atlanticwatches.ch\/wp-content\/uploads\/2023\/09\/Atlantic-Prestige-Black-PVD-2023-1024x540.jpg 1024w, https:\/\/atlanticwatches.ch\/wp-content\/uploads\/2023\/09\/Atlantic-Prestige-Black-PVD-2023-768x405.jpg 768w, https:\/\/atlanticwatches.ch\/wp-content\/uploads\/2023\/09\/Atlantic-Prestige-Black-PVD-2023-640x338.jpg 640w, https:\/\/atlanticwatches.ch\/wp-content\/uploads\/2023\/09\/Atlantic-Prestige-Black-PVD-2023-400x211.jpg 400w, https:\/\/atlanticwatches.ch\/wp-content\/uploads\/2023\/09\/Atlantic-Prestige-Black-PVD-2023-600x316.jpg 600w\" sizes=\"auto, (max-width: 1024px) 100vw, 1024px\" \/><\/p>\n","protected":false},"excerpt":{"rendered":"<p>D\u00e9couvrez l&rsquo;Atlantic Worldmaster Prestige Valjoux Black PVD &#8211; l&rsquo;ultime m\u00e9lange de savoir-faire suisse et d&rsquo;\u00e9l\u00e9gance moderne.<\/p>\n<p>Anim\u00e9e par le c\u00e9l\u00e8bre mouvement automatique ETA Valjoux 7750, cette montre est un t\u00e9moignage de pr\u00e9cision, de fiabilit\u00e9 et de style.<\/p>\n<p>Son cadran noir et orange saisissant attire non seulement l&rsquo;attention, mais fait \u00e9galement de la mesure du temps un plaisir.<\/p>\n","protected":false},"featured_media":11094,"template":"","meta":[],"product_brand":[],"product_cat":[1138,1249,1436,1188,1317],"product_tag":[],"class_list":{"0":"post-11093","1":"product","2":"type-product","3":"status-publish","4":"has-post-thumbnail","6":"product_cat-montres-pour-hommes","7":"product_cat-worldmaster","8":"product_cat-prestige-valjoux-day-date-fr","9":"product_cat-montres-automatiques","10":"product_cat-choisis-pour-vous","12":"first","13":"instock","14":"shipping-taxable","15":"purchasable","16":"product-type-simple"},"_links":{"self":[{"href":"https:\/\/atlanticwatches.ch\/fr\/wp-json\/wp\/v2\/product\/11093","targetHints":{"allow":["GET"]}}],"collection":[{"href":"https:\/\/atlanticwatches.ch\/fr\/wp-json\/wp\/v2\/product"}],"about":[{"href":"https:\/\/atlanticwatches.ch\/fr\/wp-json\/wp\/v2\/types\/product"}],"wp:featuredmedia":[{"embeddable":true,"href":"https:\/\/atlanticwatches.ch\/fr\/wp-json\/wp\/v2\/media\/11094"}],"wp:attachment":[{"href":"https:\/\/atlanticwatches.ch\/fr\/wp-json\/wp\/v2\/media?parent=11093"}],"wp:term":[{"taxonomy":"product_brand","embeddable":true,"href":"https:\/\/atlanticwatches.ch\/fr\/wp-json\/wp\/v2\/product_brand?post=11093"},{"taxonomy":"product_cat","embeddable":true,"href":"https:\/\/atlanticwatches.ch\/fr\/wp-json\/wp\/v2\/product_cat?post=11093"},{"taxonomy":"product_tag","embeddable":true,"href":"https:\/\/atlanticwatches.ch\/fr\/wp-json\/wp\/v2\/product_tag?post=11093"}],"curies":[{"name":"wp","href":"https:\/\/api.w.org\/{rel}","templated":true}]}}