{"id":11088,"date":"2023-11-01T13:18:35","date_gmt":"2023-11-01T12:18:35","guid":{"rendered":"https:\/\/atlanticwatches.ch\/shop\/non class\u00e9\/atlantic-worldmaster-nightsky-moonphase-cadran-en-pierre-daventurine-bleue-avec-bracelet-en-acier-inoxydable\/"},"modified":"2023-11-01T13:18:35","modified_gmt":"2023-11-01T12:18:35","slug":"atlantic-worldmaster-nightsky-moonphase-cadran-en-pierre-daventurine-bleue-avec-bracelet-en-acier-inoxydable","status":"publish","type":"product","link":"https:\/\/atlanticwatches.ch\/fr\/shop\/montres-pour-hommes\/worldmaster\/nightsky-moonphase-fr\/atlantic-worldmaster-nightsky-moonphase-cadran-en-pierre-daventurine-bleue-avec-bracelet-en-acier-inoxydable\/","title":{"rendered":"Atlantic Worldmaster Nightsky Moonphase &#8211; Cadran en pierre d&rsquo;aventurine bleue avec bracelet en acier inoxydable"},"content":{"rendered":"<p><strong>Une symphonie c\u00e9leste \u00e0 votre poignet &#8211; D\u00e9couvrez la beaut\u00e9 \u00e9th\u00e9r\u00e9e de la nuit<\/strong><\/p>\n<p>La nouvelle Atlantic Worldmaster Nightsky Moonphase pr\u00e9sente un voyage c\u00e9leste sur son captivant cadran bleu. Chaque coup d&rsquo;\u0153il r\u00e9v\u00e8le la beaut\u00e9 chatoyante de l&rsquo;aventurine &#8211; un min\u00e9ral de quartz n\u00e9 dans les profondeurs de la Terre, qui prend vie gr\u00e2ce \u00e0 la r\u00e9flexion de la lumi\u00e8re sur sa myriade d&rsquo;inclusions. Cet effet lumineux, associ\u00e9 \u00e0 l&rsquo;indication complexe des phases de lune, vous donne l&rsquo;impression de contempler \u00e0 chaque instant l&rsquo;immensit\u00e9 d&rsquo;un ciel \u00e9toil\u00e9.  <\/p>\n<p><strong>L&rsquo;artisanat au service de l&rsquo;excellence<\/strong><\/p>\n<p>Log\u00e9e dans un \u00e9l\u00e9gant bo\u00eetier en acier inoxydable, la montre est dot\u00e9e d&rsquo;un verre saphir inrayable avec traitement antireflet sur les deux faces, garantissant la clart\u00e9 sous tous les angles. En jetant un coup d&rsquo;\u0153il \u00e0 travers le fond transparent du bo\u00eetier, vous d\u00e9couvrirez la magie du mouvement automatique \u00e0 phase de lune SW 280.1. Avec 26 rubis, une fr\u00e9quence de 28&rsquo;800 alternances par heure et une autonomie de 38 heures, il t\u00e9moigne de la pr\u00e9cision et de l&rsquo;innovation horlog\u00e8res.  <\/p>\n<p><strong>Une \u00e9l\u00e9gance intemporelle pour toutes les occasions<\/strong><\/p>\n<p>Que vous assistiez \u00e0 un \u00e9v\u00e9nement en tenue de soir\u00e9e ou que vous profitiez d&rsquo;une soir\u00e9e intime, l&rsquo;Atlantic Worldmaster Nightsky s&rsquo;harmonise parfaitement avec toutes les tenues. Choisissez entre un robuste bracelet en acier inoxydable avec boucle papillon ou un somptueux bracelet en cuir noir mat. Quelle que soit votre pr\u00e9f\u00e9rence, la Worldmaster vous promet confort et style.  <\/p>\n<p>D\u00e9couvrez la beaut\u00e9 du ciel nocturne, chaque jour, avec l&rsquo;Atlantic Worldmaster Nightsky Moonphase. Votre voyage parmi les \u00e9toiles vous attend. <\/p>\n<hr>\n<p><img loading=\"lazy\" decoding=\"async\" class=\"aligncenter wp-image-8198 size-full\" src=\"https:\/\/atlanticwatches.ch\/wp-content\/uploads\/2023\/11\/Atlantic-Worldmaster-Nightsky-Moonphase-Aventurine.jpg\" alt=\"\" width=\"1920\" height=\"1080\"><\/p>\n","protected":false},"excerpt":{"rendered":"<p><strong>Cadran en pierre d&rsquo;aventurine avec complication phases de lune <\/strong><\/p>\n<p>Plongez dans la beaut\u00e9 \u00e9th\u00e9r\u00e9e du ciel nocturne avec l&rsquo;Atlantic Worldmaster Nightsky, dot\u00e9e d&rsquo;une complication phases de lune entra\u00een\u00e9e par le mouvement automatique suisse SW 280.1, et orn\u00e9e d&rsquo;un chatoyant cadran en pierre d&rsquo;aventurine bleue.<\/p>\n<p>Ce garde-temps marie harmonieusement l&rsquo;\u00e9l\u00e9gance c\u00e9leste et la pr\u00e9cision horlog\u00e8re, ce qui en fait un compagnon captivant pour toutes les occasions.<\/p>\n","protected":false},"featured_media":11092,"template":"","meta":[],"product_brand":[],"product_cat":[1138,1249,1429,1188,1317],"product_tag":[],"class_list":{"0":"post-11088","1":"product","2":"type-product","3":"status-publish","4":"has-post-thumbnail","6":"product_cat-montres-pour-hommes","7":"product_cat-worldmaster","8":"product_cat-nightsky-moonphase-fr","9":"product_cat-montres-automatiques","10":"product_cat-choisis-pour-vous","12":"first","13":"instock","14":"shipping-taxable","15":"purchasable","16":"product-type-simple"},"_links":{"self":[{"href":"https:\/\/atlanticwatches.ch\/fr\/wp-json\/wp\/v2\/product\/11088","targetHints":{"allow":["GET"]}}],"collection":[{"href":"https:\/\/atlanticwatches.ch\/fr\/wp-json\/wp\/v2\/product"}],"about":[{"href":"https:\/\/atlanticwatches.ch\/fr\/wp-json\/wp\/v2\/types\/product"}],"wp:featuredmedia":[{"embeddable":true,"href":"https:\/\/atlanticwatches.ch\/fr\/wp-json\/wp\/v2\/media\/11092"}],"wp:attachment":[{"href":"https:\/\/atlanticwatches.ch\/fr\/wp-json\/wp\/v2\/media?parent=11088"}],"wp:term":[{"taxonomy":"product_brand","embeddable":true,"href":"https:\/\/atlanticwatches.ch\/fr\/wp-json\/wp\/v2\/product_brand?post=11088"},{"taxonomy":"product_cat","embeddable":true,"href":"https:\/\/atlanticwatches.ch\/fr\/wp-json\/wp\/v2\/product_cat?post=11088"},{"taxonomy":"product_tag","embeddable":true,"href":"https:\/\/atlanticwatches.ch\/fr\/wp-json\/wp\/v2\/product_tag?post=11088"}],"curies":[{"name":"wp","href":"https:\/\/api.w.org\/{rel}","templated":true}]}}