{"id":11087,"date":"2023-09-07T10:13:43","date_gmt":"2023-09-07T08:13:43","guid":{"rendered":"https:\/\/atlanticwatches.ch\/shop\/non%20class\u00e9\/chronographe-atlantic-worldmaster-prestige-valjoux\/"},"modified":"2026-04-27T09:36:54","modified_gmt":"2026-04-27T07:36:54","slug":"atlantic-worldmaster-prestige-valjoux-chronograph","status":"publish","type":"product","link":"https:\/\/atlanticwatches.ch\/fr\/shop\/montres-pour-hommes\/worldmaster\/prestige-valjoux-day-date-fr\/atlantic-worldmaster-prestige-valjoux-chronograph\/","title":{"rendered":"Chronographe Atlantic Worldmaster Prestige Valjoux"},"content":{"rendered":"<h3>Voici l&rsquo;Atlantic Worldmaster Prestige Valjoux en acier inoxydable : Un garde-temps o\u00f9 l&rsquo;\u00e9l\u00e9gance classique rencontre l&rsquo;ing\u00e9nierie suisse.<\/h3>\n<p>Au c\u0153ur de ce garde-temps exceptionnel se trouve le c\u00e9l\u00e8bre mouvement automatique ETA Valjoux 7750, une marque de fabrique de l&rsquo;horlogerie suisse qui offre une pr\u00e9cision et une fiabilit\u00e9 in\u00e9gal\u00e9es, ainsi que des fonctions de chronographe complexes.<\/p>\n<p>La montre pr\u00e9sente un captivant cadran cr\u00e8me orn\u00e9 d&rsquo;aiguilles lumineuses, \u00e9l\u00e9gamment encadr\u00e9 dans un bo\u00eetier en acier inoxydable m\u00e9ticuleusement poli. Ce look intemporel est parfaitement compl\u00e9t\u00e9 par un bracelet en cuir marron de style racing, \u00e9quip\u00e9 d&rsquo;une boucle d\u00e9ployante papillon s\u00e9curis\u00e9e pour un ajustement parfait. <\/p>\n<p>Retournez la montre pour appr\u00e9cier le fond transparent du bo\u00eetier, une fen\u00eatre sur l&rsquo;artisanat suisse \u00e0 l&rsquo;int\u00e9rieur. Admirez la symphonie des engrenages, des ressorts et des rotors qui travaillent en parfaite harmonie. <\/p>\n<p>Construite pour r\u00e9sister aux rigueurs de la vie quotidienne, la montre offre une r\u00e9sistance \u00e0 l&rsquo;eau jusqu&rsquo;\u00e0 50 m\u00e8tres, ce qui en fait un compagnon durable et fiable pour toutes vos aventures.<\/p>\n<p>Pour faciliter vos d\u00e9placements, ce garde-temps est \u00e9galement livr\u00e9 dans une bo\u00eete de voyage noire suppl\u00e9mentaire, ce qui lui permet de rester en parfait \u00e9tat o\u00f9 que vous alliez.<\/p>\n<p>Ne manquez pas l&rsquo;occasion de poss\u00e9der un symbole d&rsquo;\u00e9l\u00e9gance intemporelle et d&rsquo;excellence horlog\u00e8re. Faites-la v\u00f4tre d\u00e8s aujourd&rsquo;hui ! <\/p>\n<hr>\n<p><img loading=\"lazy\" decoding=\"async\" class=\"aligncenter wp-image-8060 size-large\" src=\"https:\/\/atlanticwatches.ch\/wp-content\/uploads\/2023\/09\/Atlantic-Prestige-Valjoux-SS-1024x654.jpg\" alt=\"\" width=\"1024\" height=\"654\" srcset=\"https:\/\/atlanticwatches.ch\/wp-content\/uploads\/2023\/09\/Atlantic-Prestige-Valjoux-SS-1024x654.jpg 1024w, https:\/\/atlanticwatches.ch\/wp-content\/uploads\/2023\/09\/Atlantic-Prestige-Valjoux-SS-768x491.jpg 768w, https:\/\/atlanticwatches.ch\/wp-content\/uploads\/2023\/09\/Atlantic-Prestige-Valjoux-SS-640x409.jpg 640w, https:\/\/atlanticwatches.ch\/wp-content\/uploads\/2023\/09\/Atlantic-Prestige-Valjoux-SS-400x256.jpg 400w, https:\/\/atlanticwatches.ch\/wp-content\/uploads\/2023\/09\/Atlantic-Prestige-Valjoux-SS-600x383.jpg 600w\" sizes=\"auto, (max-width: 1024px) 100vw, 1024px\" \/><\/p>\n","protected":false},"excerpt":{"rendered":"<p>D\u00e9couvrez l&rsquo;Atlantic Worldmaster Prestige Valjoux en acier inoxydable : l&rsquo;incarnation de l&rsquo;ing\u00e9nierie suisse et de l&rsquo;\u00e9l\u00e9gance classique.<\/p>\n<p>Anim\u00e9e par le mouvement automatique ETA Valjoux 7750, cette montre est con\u00e7ue pour ceux qui appr\u00e9cient les belles choses de la vie.<\/p>\n<p>Avec son cadran cr\u00e8me, ses aiguilles lumineuses et son bracelet de course en cuir marron, c&rsquo;est une pi\u00e8ce \u00e9l\u00e9gante et fonctionnelle pour toutes les occasions.<\/p>\n<p>Comprend un fond de bo\u00eetier transparent et une bo\u00eete de voyage noire suppl\u00e9mentaire. Faites-la v\u00f4tre d\u00e8s aujourd&rsquo;hui ! <\/p>\n","protected":false},"featured_media":11089,"template":"","meta":[],"product_brand":[],"product_cat":[1138,1249,1436,1188,1332,1193,1317],"product_tag":[],"class_list":{"0":"post-11087","1":"product","2":"type-product","3":"status-publish","4":"has-post-thumbnail","6":"product_cat-montres-pour-hommes","7":"product_cat-worldmaster","8":"product_cat-prestige-valjoux-day-date-fr","9":"product_cat-montres-automatiques","10":"product_cat-offre-de-la-semaine","11":"product_cat-offres-speciales-et-soldes","12":"product_cat-choisis-pour-vous","14":"first","15":"instock","16":"sale","17":"shipping-taxable","18":"purchasable","19":"product-type-simple"},"_links":{"self":[{"href":"https:\/\/atlanticwatches.ch\/fr\/wp-json\/wp\/v2\/product\/11087","targetHints":{"allow":["GET"]}}],"collection":[{"href":"https:\/\/atlanticwatches.ch\/fr\/wp-json\/wp\/v2\/product"}],"about":[{"href":"https:\/\/atlanticwatches.ch\/fr\/wp-json\/wp\/v2\/types\/product"}],"wp:featuredmedia":[{"embeddable":true,"href":"https:\/\/atlanticwatches.ch\/fr\/wp-json\/wp\/v2\/media\/11089"}],"wp:attachment":[{"href":"https:\/\/atlanticwatches.ch\/fr\/wp-json\/wp\/v2\/media?parent=11087"}],"wp:term":[{"taxonomy":"product_brand","embeddable":true,"href":"https:\/\/atlanticwatches.ch\/fr\/wp-json\/wp\/v2\/product_brand?post=11087"},{"taxonomy":"product_cat","embeddable":true,"href":"https:\/\/atlanticwatches.ch\/fr\/wp-json\/wp\/v2\/product_cat?post=11087"},{"taxonomy":"product_tag","embeddable":true,"href":"https:\/\/atlanticwatches.ch\/fr\/wp-json\/wp\/v2\/product_tag?post=11087"}],"curies":[{"name":"wp","href":"https:\/\/api.w.org\/{rel}","templated":true}]}}