{"id":11078,"date":"2023-11-01T13:31:16","date_gmt":"2023-11-01T12:31:16","guid":{"rendered":"https:\/\/atlanticwatches.ch\/shop\/non%20class\u00e9\/atlantic-seagold-moonphase-limited-135-year-anniversary-edition\/"},"modified":"2025-11-26T16:25:06","modified_gmt":"2025-11-26T15:25:06","slug":"atlantic-seagold-moonphase-limited-135-year-anniversary-edition","status":"publish","type":"product","link":"https:\/\/atlanticwatches.ch\/fr\/shop\/montres-pour-hommes\/seagold-gents-fr\/atlantic-seagold-moonphase-limited-135-year-anniversary-edition\/","title":{"rendered":"Atlantic Seagold Moonphase | Or Massif | \u00c9dition Limit\u00e9e 135e Anniversaire"},"content":{"rendered":"<p><img loading=\"lazy\" decoding=\"async\" class=\"aligncenter wp-image-8206 size-full\" src=\"https:\/\/atlanticwatches.ch\/wp-content\/uploads\/2023\/11\/Atlantic-Seagold-Limited-Edition-Moonphase-2023-1.jpg\" alt=\"\" width=\"1920\" height=\"1080\" srcset=\"https:\/\/atlanticwatches.ch\/wp-content\/uploads\/2023\/11\/Atlantic-Seagold-Limited-Edition-Moonphase-2023-1.jpg 1920w, https:\/\/atlanticwatches.ch\/wp-content\/uploads\/2023\/11\/Atlantic-Seagold-Limited-Edition-Moonphase-2023-1-1024x576.jpg 1024w, https:\/\/atlanticwatches.ch\/wp-content\/uploads\/2023\/11\/Atlantic-Seagold-Limited-Edition-Moonphase-2023-1-768x432.jpg 768w, https:\/\/atlanticwatches.ch\/wp-content\/uploads\/2023\/11\/Atlantic-Seagold-Limited-Edition-Moonphase-2023-1-1536x864.jpg 1536w, https:\/\/atlanticwatches.ch\/wp-content\/uploads\/2023\/11\/Atlantic-Seagold-Limited-Edition-Moonphase-2023-1-640x360.jpg 640w, https:\/\/atlanticwatches.ch\/wp-content\/uploads\/2023\/11\/Atlantic-Seagold-Limited-Edition-Moonphase-2023-1-400x225.jpg 400w, https:\/\/atlanticwatches.ch\/wp-content\/uploads\/2023\/11\/Atlantic-Seagold-Limited-Edition-Moonphase-2023-1-600x338.jpg 600w\" sizes=\"auto, (max-width: 1920px) 100vw, 1920px\" \/><\/p>\n<hr>\n<p>Plongez dans 135 ans de savoir-faire in\u00e9gal\u00e9 avec les montres Atlantic. D\u00e9couvrez l&rsquo;Atlantic Seagold Moonphase, symbole de notre h\u00e9ritage et de notre passion pour l&rsquo;excellence. <\/p>\n<p><strong>Un engagement intemporel<\/strong><\/p>\n<p>L&rsquo;Atlantic Seagold n&rsquo;est pas un simple garde-temps. Fabriqu\u00e9e en or massif, elle symbolise l&rsquo;amour, le luxe et la long\u00e9vit\u00e9. L&rsquo;or, expression de la divinit\u00e9 et de l&rsquo;accomplissement, fait de cette montre le parfait gage d&rsquo;appr\u00e9ciation. Repr\u00e9sentant un lien intemporel, la Seagold est l&rsquo;incarnation du luxe et de l&rsquo;affection \u00e0 l&rsquo;\u00e9tat pur, un h\u00e9ritage pour des g\u00e9n\u00e9rations.   <\/p>\n<p><strong>Patrimoine distingu\u00e9<\/strong><\/p>\n<p>Fabriqu\u00e9e en or massif lustr\u00e9, la Seagold Moonphase ne se contente pas de donner l&rsquo;heure. Elle raconte une histoire de tradition, de pr\u00e9cision et d&rsquo;\u00e9l\u00e9gance, capturant l&rsquo;essence m\u00eame du riche h\u00e9ritage d&rsquo;Atlantic. <\/p>\n<p><img loading=\"lazy\" decoding=\"async\" class=\"alignleft wp-image-8204 size-medium\" src=\"https:\/\/atlanticwatches.ch\/wp-content\/uploads\/2023\/11\/Atlantic-Seagold-Limited-Edition-Moonphase-2023-300x169.jpg\" alt=\"\" width=\"300\" height=\"169\"><\/p>\n<p><strong>L&rsquo;\u00e9l\u00e9gance intemporelle<\/strong><\/p>\n<p>De son cadran couleur champagne avec une complication de phase de lune contrast\u00e9e \u00e0 son bracelet en cuir de veau v\u00e9ritable, chaque d\u00e9tail est synonyme de luxe et de sophistication.<\/p>\n<p><strong>Un h\u00e9ritage pr\u00e9cieux<\/strong><\/p>\n<p>Plus qu&rsquo;une montre, la Seagold est un investissement dans le temps, un h\u00e9ritage \u00e0 conserver pr\u00e9cieusement pendant des g\u00e9n\u00e9rations. Il ne s&rsquo;agit pas seulement de marquer les heures, mais de c\u00e9l\u00e9brer les moments et les souvenirs. <\/p>\n<p><strong>C\u00e9l\u00e9brer le lien<\/strong><\/p>\n<p>Dans chaque \u00e9clat d&rsquo;or, vous trouverez l&rsquo;expression de l&rsquo;amour, du luxe et de l&rsquo;h\u00e9ritage. Un gage qui r\u00e9siste \u00e0 l&rsquo;\u00e9preuve du temps, repr\u00e9sentant le lien intemporel entre vous et vos proches. <\/p>\n<hr>\n","protected":false},"excerpt":{"rendered":"<p><strong>Montre automatique en or massif de 40 mm &#8211; Exclusivement limit\u00e9e \u00e0 135 pi\u00e8ces dans le monde entier<\/strong><\/p>\n<p>C\u00e9l\u00e9brez 135 ans d&rsquo;histoire avec Atlantic Watches, en pr\u00e9sentant fi\u00e8rement notre garde-temps en or massif, limit\u00e9 \u00e0 seulement 135 pi\u00e8ces dans le monde.<\/p>\n<p>\u00c9pitom\u00e9 du luxe, cette montre incarne notre riche h\u00e9ritage et notre savoir-faire in\u00e9gal\u00e9. D\u00e9p\u00eachez-vous de s\u00e9curiser votre investissement d\u00e8s aujourd&rsquo;hui et faites partie d&rsquo;un patrimoine exclusif. <\/p>\n","protected":false},"featured_media":11080,"template":"","meta":[],"product_brand":[],"product_cat":[1138,1283,1353,1286,1188,1317],"product_tag":[],"class_list":{"0":"post-11078","1":"product","2":"type-product","3":"status-publish","4":"has-post-thumbnail","6":"product_cat-montres-pour-hommes","7":"product_cat-seagold-gents-fr","8":"product_cat-editions-limitees","9":"product_cat-montres-en-or","10":"product_cat-montres-automatiques","11":"product_cat-choisis-pour-vous","13":"first","14":"outofstock","15":"shipping-taxable","16":"purchasable","17":"product-type-simple"},"_links":{"self":[{"href":"https:\/\/atlanticwatches.ch\/fr\/wp-json\/wp\/v2\/product\/11078","targetHints":{"allow":["GET"]}}],"collection":[{"href":"https:\/\/atlanticwatches.ch\/fr\/wp-json\/wp\/v2\/product"}],"about":[{"href":"https:\/\/atlanticwatches.ch\/fr\/wp-json\/wp\/v2\/types\/product"}],"wp:featuredmedia":[{"embeddable":true,"href":"https:\/\/atlanticwatches.ch\/fr\/wp-json\/wp\/v2\/media\/11080"}],"wp:attachment":[{"href":"https:\/\/atlanticwatches.ch\/fr\/wp-json\/wp\/v2\/media?parent=11078"}],"wp:term":[{"taxonomy":"product_brand","embeddable":true,"href":"https:\/\/atlanticwatches.ch\/fr\/wp-json\/wp\/v2\/product_brand?post=11078"},{"taxonomy":"product_cat","embeddable":true,"href":"https:\/\/atlanticwatches.ch\/fr\/wp-json\/wp\/v2\/product_cat?post=11078"},{"taxonomy":"product_tag","embeddable":true,"href":"https:\/\/atlanticwatches.ch\/fr\/wp-json\/wp\/v2\/product_tag?post=11078"}],"curies":[{"name":"wp","href":"https:\/\/api.w.org\/{rel}","templated":true}]}}