{"id":11068,"date":"2020-11-13T13:37:11","date_gmt":"2020-11-13T12:37:11","guid":{"rendered":"https:\/\/atlanticwatches.ch\/shop\/non class\u00e9\/worldmaster-1888-automatic-white-rose-gold\/"},"modified":"2020-11-13T13:37:11","modified_gmt":"2020-11-13T12:37:11","slug":"worldmaster-1888-automatic-white-rose-gold","status":"publish","type":"product","link":"https:\/\/atlanticwatches.ch\/fr\/shop\/montres-pour-hommes\/worldmaster\/worldmaster-1888\/worldmaster-1888-automatic-white-rose-gold\/","title":{"rendered":"Worldmaster 1888 Automatic | White &amp; Rose Gold"},"content":{"rendered":"","protected":false},"excerpt":{"rendered":"<p>La collection Atlantic Worldmaster 1888 Automatic allie \u00e9l\u00e9gance, design intemporel et mat\u00e9riaux de la plus haute qualit\u00e9.<\/p>\n<p>Le bo\u00eetier en acier inoxydable poli de 42 mm avec fond transparent abrite un calibre automatique Sellita SW200-1 de fabrication suisse.<\/p>\n<p>Avec son cadran structur\u00e9 dot\u00e9 de chiffres et d&rsquo;index en PVD or rose et son bracelet en cuir v\u00e9ritable de haute qualit\u00e9, il s&rsquo;agit en somme d&rsquo;un garde-temps \u00e9l\u00e9gant et fiable pour le jour et la nuit.<\/p>\n","protected":false},"featured_media":11069,"template":"","meta":[],"product_brand":[],"product_cat":[1138,1182,1188],"product_tag":[],"class_list":{"0":"post-11068","1":"product","2":"type-product","3":"status-publish","4":"has-post-thumbnail","6":"product_cat-montres-pour-hommes","7":"product_cat-worldmaster-1888","8":"product_cat-montres-automatiques","10":"first","11":"instock","12":"shipping-taxable","13":"purchasable","14":"product-type-simple"},"_links":{"self":[{"href":"https:\/\/atlanticwatches.ch\/fr\/wp-json\/wp\/v2\/product\/11068","targetHints":{"allow":["GET"]}}],"collection":[{"href":"https:\/\/atlanticwatches.ch\/fr\/wp-json\/wp\/v2\/product"}],"about":[{"href":"https:\/\/atlanticwatches.ch\/fr\/wp-json\/wp\/v2\/types\/product"}],"wp:featuredmedia":[{"embeddable":true,"href":"https:\/\/atlanticwatches.ch\/fr\/wp-json\/wp\/v2\/media\/11069"}],"wp:attachment":[{"href":"https:\/\/atlanticwatches.ch\/fr\/wp-json\/wp\/v2\/media?parent=11068"}],"wp:term":[{"taxonomy":"product_brand","embeddable":true,"href":"https:\/\/atlanticwatches.ch\/fr\/wp-json\/wp\/v2\/product_brand?post=11068"},{"taxonomy":"product_cat","embeddable":true,"href":"https:\/\/atlanticwatches.ch\/fr\/wp-json\/wp\/v2\/product_cat?post=11068"},{"taxonomy":"product_tag","embeddable":true,"href":"https:\/\/atlanticwatches.ch\/fr\/wp-json\/wp\/v2\/product_tag?post=11068"}],"curies":[{"name":"wp","href":"https:\/\/api.w.org\/{rel}","templated":true}]}}