{"id":11054,"date":"2020-11-14T06:40:28","date_gmt":"2020-11-14T05:40:28","guid":{"rendered":"https:\/\/atlanticwatches.ch\/shop\/non class\u00e9\/worldmaster-art-deco-mechanical-bico-silver-dial\/"},"modified":"2020-11-14T06:40:28","modified_gmt":"2020-11-14T05:40:28","slug":"worldmaster-art-deco-mechanical-bico-silver-dial","status":"publish","type":"product","link":"https:\/\/atlanticwatches.ch\/fr\/shop\/montres-pour-hommes\/worldmaster\/worldmaster-art-deco-fr\/worldmaster-art-deco-mechanical-bico-silver-dial\/","title":{"rendered":"Worldmaster Art Deco Mechanical | Bico\/Silver Dial"},"content":{"rendered":"","protected":false},"excerpt":{"rendered":"<p><strong>Montre m\u00e9canique suisse fiable et durable  <\/strong><\/p>\n<p>Refl\u00e9tant le style des ann\u00e9es 50, l&rsquo;Atlantic Worldmaster Art Deco se pr\u00e9sente comme un compagnon parfait et toujours fiable. Le magnifique cadran au motif ensoleill\u00e9 est bas\u00e9 sur la Worldmaster originale, pr\u00e9sent\u00e9e pour la premi\u00e8re fois en 1955. <\/p>\n<p>Le look vintage est \u00e9l\u00e9gant, les mat\u00e9riaux sont de la plus haute qualit\u00e9 et le fond transparent du bo\u00eetier laisse entrevoir le mouvement m\u00e9canique \u00e0 remontage manuel de fabrication suisse. Ce garde-temps est un ajout de grande classe \u00e0 la collection d&rsquo;un v\u00e9ritable amateur de montres. <\/p>\n","protected":false},"featured_media":11055,"template":"","meta":[],"product_brand":[],"product_cat":[1138,1249,1318,1331],"product_tag":[],"class_list":{"0":"post-11054","1":"product","2":"type-product","3":"status-publish","4":"has-post-thumbnail","6":"product_cat-montres-pour-hommes","7":"product_cat-worldmaster","8":"product_cat-worldmaster-art-deco-fr","9":"product_cat-montres-mecaniques-a-remontage-manuel","11":"first","12":"instock","13":"shipping-taxable","14":"purchasable","15":"product-type-simple"},"_links":{"self":[{"href":"https:\/\/atlanticwatches.ch\/fr\/wp-json\/wp\/v2\/product\/11054","targetHints":{"allow":["GET"]}}],"collection":[{"href":"https:\/\/atlanticwatches.ch\/fr\/wp-json\/wp\/v2\/product"}],"about":[{"href":"https:\/\/atlanticwatches.ch\/fr\/wp-json\/wp\/v2\/types\/product"}],"wp:featuredmedia":[{"embeddable":true,"href":"https:\/\/atlanticwatches.ch\/fr\/wp-json\/wp\/v2\/media\/11055"}],"wp:attachment":[{"href":"https:\/\/atlanticwatches.ch\/fr\/wp-json\/wp\/v2\/media?parent=11054"}],"wp:term":[{"taxonomy":"product_brand","embeddable":true,"href":"https:\/\/atlanticwatches.ch\/fr\/wp-json\/wp\/v2\/product_brand?post=11054"},{"taxonomy":"product_cat","embeddable":true,"href":"https:\/\/atlanticwatches.ch\/fr\/wp-json\/wp\/v2\/product_cat?post=11054"},{"taxonomy":"product_tag","embeddable":true,"href":"https:\/\/atlanticwatches.ch\/fr\/wp-json\/wp\/v2\/product_tag?post=11054"}],"curies":[{"name":"wp","href":"https:\/\/api.w.org\/{rel}","templated":true}]}}