{"id":11044,"date":"2024-04-08T07:19:42","date_gmt":"2024-04-08T05:19:42","guid":{"rendered":"https:\/\/atlanticwatches.ch\/shop\/non class\u00e9\/seahunter-330-cuir-bleu\/"},"modified":"2024-04-08T07:19:42","modified_gmt":"2024-04-08T05:19:42","slug":"seahunter-330-cuir-bleu","status":"publish","type":"product","link":"https:\/\/atlanticwatches.ch\/fr\/shop\/montres-pour-hommes\/seahunter\/seahunter-330-cuir-bleu\/","title":{"rendered":"Seahunter 330 Cuir bleu"},"content":{"rendered":"","protected":false},"excerpt":{"rendered":"<p>La collection Atlantic Seahunter 330 est synonyme de robustesse, d&rsquo;\u00e9l\u00e9gance et de design moderne.<\/p>\n<p>Un bo\u00eetier en acier inoxydable avec verre saphir prot\u00e8ge le mouvement Ronda R.715 avec une \u00e9tanch\u00e9it\u00e9 jusqu&rsquo;\u00e0 100m.<\/p>\n","protected":false},"featured_media":11047,"template":"","meta":[],"product_brand":[],"product_cat":[1138,1306,1150],"product_tag":[],"class_list":{"0":"post-11044","1":"product","2":"type-product","3":"status-publish","4":"has-post-thumbnail","6":"product_cat-montres-pour-hommes","7":"product_cat-seahunter","8":"product_cat-montres-a-quartz","10":"first","11":"instock","12":"shipping-taxable","13":"purchasable","14":"product-type-simple"},"_links":{"self":[{"href":"https:\/\/atlanticwatches.ch\/fr\/wp-json\/wp\/v2\/product\/11044","targetHints":{"allow":["GET"]}}],"collection":[{"href":"https:\/\/atlanticwatches.ch\/fr\/wp-json\/wp\/v2\/product"}],"about":[{"href":"https:\/\/atlanticwatches.ch\/fr\/wp-json\/wp\/v2\/types\/product"}],"wp:featuredmedia":[{"embeddable":true,"href":"https:\/\/atlanticwatches.ch\/fr\/wp-json\/wp\/v2\/media\/11047"}],"wp:attachment":[{"href":"https:\/\/atlanticwatches.ch\/fr\/wp-json\/wp\/v2\/media?parent=11044"}],"wp:term":[{"taxonomy":"product_brand","embeddable":true,"href":"https:\/\/atlanticwatches.ch\/fr\/wp-json\/wp\/v2\/product_brand?post=11044"},{"taxonomy":"product_cat","embeddable":true,"href":"https:\/\/atlanticwatches.ch\/fr\/wp-json\/wp\/v2\/product_cat?post=11044"},{"taxonomy":"product_tag","embeddable":true,"href":"https:\/\/atlanticwatches.ch\/fr\/wp-json\/wp\/v2\/product_tag?post=11044"}],"curies":[{"name":"wp","href":"https:\/\/api.w.org\/{rel}","templated":true}]}}