{"id":11034,"date":"2024-04-08T07:51:02","date_gmt":"2024-04-08T05:51:02","guid":{"rendered":"https:\/\/atlanticwatches.ch\/shop\/non%20class\u00e9\/seapair-gents-nv-argent-acier-inoxydable\/"},"modified":"2025-11-17T03:55:52","modified_gmt":"2025-11-17T02:55:52","slug":"seapair-gents-nv-silver-stainless-steel","status":"publish","type":"product","link":"https:\/\/atlanticwatches.ch\/fr\/shop\/montres-pour-hommes\/seapair-gents-fr\/seapair-gents-nv-silver-stainless-steel\/","title":{"rendered":"Seapair Quartz Homme | Acier Inoxydable Argent\u00e9"},"content":{"rendered":"","protected":false},"excerpt":{"rendered":"<p>Notre nouvelle gamme pr\u00e9sente des cadrans \u00e9tonnamment rafra\u00eechis, con\u00e7us pour capturer l&rsquo;essence de l&rsquo;h\u00e9ritage atlantique avec une touche contemporaine.<\/p>\n<p>Chaque pi\u00e8ce est m\u00e9ticuleusement assembl\u00e9e \u00e0 l&rsquo;aide des mat\u00e9riaux les plus nobles, affirmant ainsi notre engagement en faveur d&rsquo;une qualit\u00e9 in\u00e9gal\u00e9e. Fabriqu\u00e9es en Suisse et dot\u00e9es d&rsquo;un mouvement \u00e0 quartz pr\u00e9cis, ces montres allient fiabilit\u00e9 et \u00e9l\u00e9gance. <\/p>\n<p>Embrassez le m\u00e9lange parfait de tradition et d&rsquo;innovation avec la collection Atlantic Seapair NV &#8211; un v\u00e9ritable chef-d&rsquo;\u0153uvre pour les plus exigeants.<\/p>\n","protected":false},"featured_media":11037,"template":"","meta":[],"product_brand":[],"product_cat":[1138,1303,1150],"product_tag":[],"class_list":{"0":"post-11034","1":"product","2":"type-product","3":"status-publish","4":"has-post-thumbnail","6":"product_cat-montres-pour-hommes","7":"product_cat-seapair-gents-fr","8":"product_cat-montres-a-quartz","10":"first","11":"instock","12":"shipping-taxable","13":"purchasable","14":"product-type-simple"},"_links":{"self":[{"href":"https:\/\/atlanticwatches.ch\/fr\/wp-json\/wp\/v2\/product\/11034","targetHints":{"allow":["GET"]}}],"collection":[{"href":"https:\/\/atlanticwatches.ch\/fr\/wp-json\/wp\/v2\/product"}],"about":[{"href":"https:\/\/atlanticwatches.ch\/fr\/wp-json\/wp\/v2\/types\/product"}],"wp:featuredmedia":[{"embeddable":true,"href":"https:\/\/atlanticwatches.ch\/fr\/wp-json\/wp\/v2\/media\/11037"}],"wp:attachment":[{"href":"https:\/\/atlanticwatches.ch\/fr\/wp-json\/wp\/v2\/media?parent=11034"}],"wp:term":[{"taxonomy":"product_brand","embeddable":true,"href":"https:\/\/atlanticwatches.ch\/fr\/wp-json\/wp\/v2\/product_brand?post=11034"},{"taxonomy":"product_cat","embeddable":true,"href":"https:\/\/atlanticwatches.ch\/fr\/wp-json\/wp\/v2\/product_cat?post=11034"},{"taxonomy":"product_tag","embeddable":true,"href":"https:\/\/atlanticwatches.ch\/fr\/wp-json\/wp\/v2\/product_tag?post=11034"}],"curies":[{"name":"wp","href":"https:\/\/api.w.org\/{rel}","templated":true}]}}