{"id":11022,"date":"2021-06-02T09:12:57","date_gmt":"2021-06-02T07:12:57","guid":{"rendered":"https:\/\/atlanticwatches.ch\/shop\/non class\u00e9\/timeroy-cs-chrono-bleu-acier\/"},"modified":"2021-06-02T09:12:57","modified_gmt":"2021-06-02T07:12:57","slug":"timeroy-cs-chrono-bleu-acier","status":"publish","type":"product","link":"https:\/\/atlanticwatches.ch\/fr\/shop\/montres-pour-hommes\/timeroy-fr\/timeroy-cs-chrono-bleu-acier\/","title":{"rendered":"Timeroy CS Chrono Bleu Acier"},"content":{"rendered":"","protected":false},"excerpt":{"rendered":"<p>Ce remake convaincant du c\u00e9l\u00e8bre Atlantic Timeroy est un garde-temps color\u00e9 et robuste dot\u00e9 d&rsquo;un mouvement chrono \u00e0 quartz de fabrication suisse \u00e0 un prix tr\u00e8s attractif.<\/p>\n<p>Il s&rsquo;agit d&rsquo;un chronographe \u00e0 quartz de style vintage impressionnant et \u00e0 la mode pour un usage quotidien.<\/p>\n","protected":false},"featured_media":11023,"template":"","meta":[],"product_brand":[],"product_cat":[1138,1262,1150,1193],"product_tag":[],"class_list":{"0":"post-11022","1":"product","2":"type-product","3":"status-publish","4":"has-post-thumbnail","6":"product_cat-montres-pour-hommes","7":"product_cat-timeroy-fr","8":"product_cat-montres-a-quartz","9":"product_cat-offres-speciales-et-soldes","11":"first","12":"instock","13":"sale","14":"shipping-taxable","15":"purchasable","16":"product-type-simple"},"_links":{"self":[{"href":"https:\/\/atlanticwatches.ch\/fr\/wp-json\/wp\/v2\/product\/11022","targetHints":{"allow":["GET"]}}],"collection":[{"href":"https:\/\/atlanticwatches.ch\/fr\/wp-json\/wp\/v2\/product"}],"about":[{"href":"https:\/\/atlanticwatches.ch\/fr\/wp-json\/wp\/v2\/types\/product"}],"wp:featuredmedia":[{"embeddable":true,"href":"https:\/\/atlanticwatches.ch\/fr\/wp-json\/wp\/v2\/media\/11023"}],"wp:attachment":[{"href":"https:\/\/atlanticwatches.ch\/fr\/wp-json\/wp\/v2\/media?parent=11022"}],"wp:term":[{"taxonomy":"product_brand","embeddable":true,"href":"https:\/\/atlanticwatches.ch\/fr\/wp-json\/wp\/v2\/product_brand?post=11022"},{"taxonomy":"product_cat","embeddable":true,"href":"https:\/\/atlanticwatches.ch\/fr\/wp-json\/wp\/v2\/product_cat?post=11022"},{"taxonomy":"product_tag","embeddable":true,"href":"https:\/\/atlanticwatches.ch\/fr\/wp-json\/wp\/v2\/product_tag?post=11022"}],"curies":[{"name":"wp","href":"https:\/\/api.w.org\/{rel}","templated":true}]}}