{"id":10997,"date":"2021-06-02T09:28:32","date_gmt":"2021-06-02T07:28:32","guid":{"rendered":"https:\/\/atlanticwatches.ch\/shop\/non class\u00e9\/seasport-nd-chronographe-bleu-cuir\/"},"modified":"2021-06-02T09:28:32","modified_gmt":"2021-06-02T07:28:32","slug":"seasport-nd-chronographe-bleu-cuir","status":"publish","type":"product","link":"https:\/\/atlanticwatches.ch\/fr\/shop\/montres-pour-hommes\/seasport-chronograph\/seasport-nd-chronographe-bleu-cuir\/","title":{"rendered":"Seasport ND Chronographe Bleu\/cuir"},"content":{"rendered":"","protected":false},"excerpt":{"rendered":"<p>Le chronographe Seasport ND est le compagnon id\u00e9al pour tous les sports.<\/p>\n<p>Le robuste bo\u00eetier en acier inoxydable et le verre saphir sont \u00e9tanches jusqu&rsquo;\u00e0 100 m &#8211; 10 bars. Le mouvement \u00e0 quartz ETA G10.212 offre un chronom\u00e9trage pr\u00e9cis et sophistiqu\u00e9. <\/p>\n","protected":false},"featured_media":10998,"template":"","meta":[],"product_brand":[],"product_cat":[1138,1139,1150],"product_tag":[],"class_list":{"0":"post-10997","1":"product","2":"type-product","3":"status-publish","4":"has-post-thumbnail","6":"product_cat-montres-pour-hommes","7":"product_cat-seasport-chronograph","8":"product_cat-montres-a-quartz","10":"first","11":"instock","12":"shipping-taxable","13":"purchasable","14":"product-type-simple"},"_links":{"self":[{"href":"https:\/\/atlanticwatches.ch\/fr\/wp-json\/wp\/v2\/product\/10997","targetHints":{"allow":["GET"]}}],"collection":[{"href":"https:\/\/atlanticwatches.ch\/fr\/wp-json\/wp\/v2\/product"}],"about":[{"href":"https:\/\/atlanticwatches.ch\/fr\/wp-json\/wp\/v2\/types\/product"}],"wp:featuredmedia":[{"embeddable":true,"href":"https:\/\/atlanticwatches.ch\/fr\/wp-json\/wp\/v2\/media\/10998"}],"wp:attachment":[{"href":"https:\/\/atlanticwatches.ch\/fr\/wp-json\/wp\/v2\/media?parent=10997"}],"wp:term":[{"taxonomy":"product_brand","embeddable":true,"href":"https:\/\/atlanticwatches.ch\/fr\/wp-json\/wp\/v2\/product_brand?post=10997"},{"taxonomy":"product_cat","embeddable":true,"href":"https:\/\/atlanticwatches.ch\/fr\/wp-json\/wp\/v2\/product_cat?post=10997"},{"taxonomy":"product_tag","embeddable":true,"href":"https:\/\/atlanticwatches.ch\/fr\/wp-json\/wp\/v2\/product_tag?post=10997"}],"curies":[{"name":"wp","href":"https:\/\/api.w.org\/{rel}","templated":true}]}}