{"id":10994,"date":"2021-06-02T09:24:43","date_gmt":"2021-06-02T07:24:43","guid":{"rendered":"https:\/\/atlanticwatches.ch\/shop\/non class\u00e9\/worldmaster-cosc-chronometre-edition-noir\/"},"modified":"2021-06-02T09:24:43","modified_gmt":"2021-06-02T07:24:43","slug":"worldmaster-cosc-chronometre-edition-noir","status":"publish","type":"product","link":"https:\/\/atlanticwatches.ch\/fr\/shop\/montres-pour-hommes\/worldmaster\/worldmaster-chronometre-cosc\/worldmaster-cosc-chronometre-edition-noir\/","title":{"rendered":"Worldmaster COSC Chronom\u00e8tre Edition | Noir"},"content":{"rendered":"<p><strong>Collection Atlantic Worldmaster COSC : El\u00e9gance intemporelle, pr\u00e9cision certifi\u00e9e<\/strong><\/p>\n<p><strong>Pr\u00e9cision et qualit\u00e9 in\u00e9gal\u00e9es<\/strong><br \/>\nD\u00e9couvrez le summum de l&rsquo;excellence en mati\u00e8re de chronom\u00e9trage avec la collection Atlantic Worldmaster COSC. Chaque montre est m\u00e9ticuleusement certifi\u00e9e par le Contr\u00f4le officiel suisse des chronom\u00e8tres, ce qui t\u00e9moigne de sa pr\u00e9cision et de sa fiabilit\u00e9 in\u00e9gal\u00e9es. Fabriqu\u00e9s \u00e0 partir des mat\u00e9riaux les plus nobles, ces garde-temps sont con\u00e7us pour offrir \u00e0 la fois durabilit\u00e9 et esth\u00e9tique luxueuse. Qu&rsquo;il s&rsquo;agisse d&rsquo;un usage quotidien ou d&rsquo;une occasion sp\u00e9ciale, la collection Worldmaster COSC garantit une pr\u00e9cision au plus haut niveau, faisant en sorte que chaque seconde compte.   <\/p>\n<p><strong>Design \u00e9l\u00e9gant et style polyvalent<\/strong><br \/>\nLa collection Atlantic Worldmaster COSC se distingue par son design intemporel, disponible en trois couleurs \u00e9l\u00e9gantes pour compl\u00e9ter n&rsquo;importe quelle garde-robe. Du look professionnel \u00e9l\u00e9gant au style plus d\u00e9contract\u00e9, ces montres s&rsquo;adaptent parfaitement. Le soin apport\u00e9 \u00e0 la fabrication est \u00e9vident dans chaque d\u00e9tail, de la finition polie \u00e0 la tenue confortable sur votre poignet. Cette collection n&rsquo;est pas un simple achat, mais un investissement dans une \u0153uvre d&rsquo;art qui offre \u00e0 la fois fonction et mode, ce qui en fait un accessoire parfait pour ceux qui appr\u00e9cient le luxe et la performance.   <\/p>\n<hr>\n<p><img loading=\"lazy\" decoding=\"async\" class=\"aligncenter wp-image-9417 size-full\" src=\"https:\/\/atlanticwatches.ch\/wp-content\/uploads\/2021\/06\/Worldmaster-COSC-Collection.jpg\" alt=\"\" width=\"1900\" height=\"800\" srcset=\"https:\/\/atlanticwatches.ch\/wp-content\/uploads\/2021\/06\/Worldmaster-COSC-Collection.jpg 1900w, https:\/\/atlanticwatches.ch\/wp-content\/uploads\/2021\/06\/Worldmaster-COSC-Collection-1024x431.jpg 1024w, https:\/\/atlanticwatches.ch\/wp-content\/uploads\/2021\/06\/Worldmaster-COSC-Collection-768x323.jpg 768w, https:\/\/atlanticwatches.ch\/wp-content\/uploads\/2021\/06\/Worldmaster-COSC-Collection-1536x647.jpg 1536w, https:\/\/atlanticwatches.ch\/wp-content\/uploads\/2021\/06\/Worldmaster-COSC-Collection-640x269.jpg 640w, https:\/\/atlanticwatches.ch\/wp-content\/uploads\/2021\/06\/Worldmaster-COSC-Collection-400x168.jpg 400w, https:\/\/atlanticwatches.ch\/wp-content\/uploads\/2021\/06\/Worldmaster-COSC-Collection-600x253.jpg 600w\" sizes=\"auto, (max-width: 1900px) 100vw, 1900px\" \/><\/p>\n","protected":false},"excerpt":{"rendered":"<p><strong>Chronom\u00e8tre COSC Certifi\u00e9 par l&rsquo;Institut officiel suisse de contr\u00f4le des chronom\u00e8tres  <\/strong><\/p>\n<p>Faites l&rsquo;exp\u00e9rience d&rsquo;une pr\u00e9cision in\u00e9gal\u00e9e avec la collection Atlantic Worldmaster COSC, certifi\u00e9e par l&rsquo;Institut officiel suisse de contr\u00f4le des chronom\u00e8tres.<\/p>\n<p>Chaque pi\u00e8ce de cette s\u00e9rie allie un savoir-faire exquis et des mat\u00e9riaux de haute qualit\u00e9 dans un design intemporel. Disponibles en trois couleurs \u00e9l\u00e9gantes, ces montres apportent une touche luxueuse \u00e0 votre style, garantissant pr\u00e9cision et sophistication \u00e0 votre poignet. <\/p>\n","protected":false},"featured_media":10995,"template":"","meta":[],"product_brand":[],"product_cat":[1138,1249,1399,1188],"product_tag":[],"class_list":{"0":"post-10994","1":"product","2":"type-product","3":"status-publish","4":"has-post-thumbnail","6":"product_cat-montres-pour-hommes","7":"product_cat-worldmaster","8":"product_cat-worldmaster-chronometre-cosc","9":"product_cat-montres-automatiques","11":"first","12":"instock","13":"shipping-taxable","14":"purchasable","15":"product-type-simple"},"_links":{"self":[{"href":"https:\/\/atlanticwatches.ch\/fr\/wp-json\/wp\/v2\/product\/10994","targetHints":{"allow":["GET"]}}],"collection":[{"href":"https:\/\/atlanticwatches.ch\/fr\/wp-json\/wp\/v2\/product"}],"about":[{"href":"https:\/\/atlanticwatches.ch\/fr\/wp-json\/wp\/v2\/types\/product"}],"wp:featuredmedia":[{"embeddable":true,"href":"https:\/\/atlanticwatches.ch\/fr\/wp-json\/wp\/v2\/media\/10995"}],"wp:attachment":[{"href":"https:\/\/atlanticwatches.ch\/fr\/wp-json\/wp\/v2\/media?parent=10994"}],"wp:term":[{"taxonomy":"product_brand","embeddable":true,"href":"https:\/\/atlanticwatches.ch\/fr\/wp-json\/wp\/v2\/product_brand?post=10994"},{"taxonomy":"product_cat","embeddable":true,"href":"https:\/\/atlanticwatches.ch\/fr\/wp-json\/wp\/v2\/product_cat?post=10994"},{"taxonomy":"product_tag","embeddable":true,"href":"https:\/\/atlanticwatches.ch\/fr\/wp-json\/wp\/v2\/product_tag?post=10994"}],"curies":[{"name":"wp","href":"https:\/\/api.w.org\/{rel}","templated":true}]}}