{"id":10982,"date":"2021-06-03T17:27:18","date_gmt":"2021-06-03T15:27:18","guid":{"rendered":"https:\/\/atlanticwatches.ch\/shop\/non class\u00e9\/worldmaster-original-automatic-cream-black\/"},"modified":"2021-06-03T17:27:18","modified_gmt":"2021-06-03T15:27:18","slug":"worldmaster-original-automatic-cream-black","status":"publish","type":"product","link":"https:\/\/atlanticwatches.ch\/fr\/shop\/montres-pour-hommes\/worldmaster\/worldmaster-original-fr\/worldmaster-original-automatic-cream-black\/","title":{"rendered":"Worldmaster Original Automatic | Cream Black"},"content":{"rendered":"","protected":false},"excerpt":{"rendered":"<p><strong>NOUVELLE VERSION DU CADRAN CR\u00c8ME ET NOIR  <\/strong><\/p>\n<p>Avec l&rsquo;Atlantic Worldmaster Original, un v\u00e9ritable original se retrouve aujourd&rsquo;hui. Un cadran inspir\u00e9 du style des ann\u00e9es 50, un bo\u00eetier typique et un verre saphir bomb\u00e9 font revivre l&rsquo;esprit d&rsquo;une \u00e9poque r\u00e9volue. <\/p>\n<p>La nouvelle \u00e9dition de la Worldmaster Original est une montre classique, belle et authentique, un compl\u00e9ment pr\u00e9cieux \u00e0 toute collection de montres et une attraction pour tous les poignets.<\/p>\n","protected":false},"featured_media":10985,"template":"","meta":[],"product_brand":[],"product_cat":[1138,1249,1250,1188],"product_tag":[],"class_list":{"0":"post-10982","1":"product","2":"type-product","3":"status-publish","4":"has-post-thumbnail","6":"product_cat-montres-pour-hommes","7":"product_cat-worldmaster","8":"product_cat-worldmaster-original-fr","9":"product_cat-montres-automatiques","11":"first","12":"instock","13":"shipping-taxable","14":"purchasable","15":"product-type-simple"},"_links":{"self":[{"href":"https:\/\/atlanticwatches.ch\/fr\/wp-json\/wp\/v2\/product\/10982","targetHints":{"allow":["GET"]}}],"collection":[{"href":"https:\/\/atlanticwatches.ch\/fr\/wp-json\/wp\/v2\/product"}],"about":[{"href":"https:\/\/atlanticwatches.ch\/fr\/wp-json\/wp\/v2\/types\/product"}],"wp:featuredmedia":[{"embeddable":true,"href":"https:\/\/atlanticwatches.ch\/fr\/wp-json\/wp\/v2\/media\/10985"}],"wp:attachment":[{"href":"https:\/\/atlanticwatches.ch\/fr\/wp-json\/wp\/v2\/media?parent=10982"}],"wp:term":[{"taxonomy":"product_brand","embeddable":true,"href":"https:\/\/atlanticwatches.ch\/fr\/wp-json\/wp\/v2\/product_brand?post=10982"},{"taxonomy":"product_cat","embeddable":true,"href":"https:\/\/atlanticwatches.ch\/fr\/wp-json\/wp\/v2\/product_cat?post=10982"},{"taxonomy":"product_tag","embeddable":true,"href":"https:\/\/atlanticwatches.ch\/fr\/wp-json\/wp\/v2\/product_tag?post=10982"}],"curies":[{"name":"wp","href":"https:\/\/api.w.org\/{rel}","templated":true}]}}