{"id":10975,"date":"2021-11-12T16:20:09","date_gmt":"2021-11-12T15:20:09","guid":{"rendered":"https:\/\/atlanticwatches.ch\/shop\/non class\u00e9\/seabase-gents-cadran-noir-2\/"},"modified":"2021-11-12T16:20:09","modified_gmt":"2021-11-12T15:20:09","slug":"seabase-gents-cadran-noir-2","status":"publish","type":"product","link":"https:\/\/atlanticwatches.ch\/fr\/shop\/montres-pour-hommes\/seabase-fr\/seabase-gents-fr\/seabase-gents-cadran-noir-2\/","title":{"rendered":"Seabase Gents Cadran noir"},"content":{"rendered":"","protected":false},"excerpt":{"rendered":"<p>La collection Atlantic Seabase Gents comprend des montres \u00e9l\u00e9gantes qui conviennent \u00e0 tous les styles. Le bo\u00eetier en acier inoxydable de 40 mm abrite un mouvement \u00e0 quartz pr\u00e9cis de fabrication suisse et est dot\u00e9 d&rsquo;un verre saphir inrayable. De plus, il est \u00e9tanche jusqu&rsquo;\u00e0 50 m\u00e8tres. Cette montre est le compagnon id\u00e9al de l&rsquo;homme moderne pour tous les jours et toutes les occasions.   <\/p>\n","protected":false},"featured_media":10977,"template":"","meta":[],"product_brand":[],"product_cat":[1138,1275,1382,1150],"product_tag":[],"class_list":{"0":"post-10975","1":"product","2":"type-product","3":"status-publish","4":"has-post-thumbnail","6":"product_cat-montres-pour-hommes","7":"product_cat-seabase-fr","8":"product_cat-seabase-gents-fr","9":"product_cat-montres-a-quartz","11":"first","12":"instock","13":"shipping-taxable","14":"purchasable","15":"product-type-simple"},"_links":{"self":[{"href":"https:\/\/atlanticwatches.ch\/fr\/wp-json\/wp\/v2\/product\/10975","targetHints":{"allow":["GET"]}}],"collection":[{"href":"https:\/\/atlanticwatches.ch\/fr\/wp-json\/wp\/v2\/product"}],"about":[{"href":"https:\/\/atlanticwatches.ch\/fr\/wp-json\/wp\/v2\/types\/product"}],"wp:featuredmedia":[{"embeddable":true,"href":"https:\/\/atlanticwatches.ch\/fr\/wp-json\/wp\/v2\/media\/10977"}],"wp:attachment":[{"href":"https:\/\/atlanticwatches.ch\/fr\/wp-json\/wp\/v2\/media?parent=10975"}],"wp:term":[{"taxonomy":"product_brand","embeddable":true,"href":"https:\/\/atlanticwatches.ch\/fr\/wp-json\/wp\/v2\/product_brand?post=10975"},{"taxonomy":"product_cat","embeddable":true,"href":"https:\/\/atlanticwatches.ch\/fr\/wp-json\/wp\/v2\/product_cat?post=10975"},{"taxonomy":"product_tag","embeddable":true,"href":"https:\/\/atlanticwatches.ch\/fr\/wp-json\/wp\/v2\/product_tag?post=10975"}],"curies":[{"name":"wp","href":"https:\/\/api.w.org\/{rel}","templated":true}]}}