{"id":10972,"date":"2021-11-12T16:24:10","date_gmt":"2021-11-12T15:24:10","guid":{"rendered":"https:\/\/atlanticwatches.ch\/shop\/non class\u00e9\/seabase-gents-quartz-bico-white\/"},"modified":"2021-11-12T16:24:10","modified_gmt":"2021-11-12T15:24:10","slug":"seabase-gents-quartz-bico-white","status":"publish","type":"product","link":"https:\/\/atlanticwatches.ch\/fr\/shop\/montres-pour-hommes\/seabase-fr\/seabase-gents-fr\/seabase-gents-quartz-bico-white\/","title":{"rendered":"Seabase Gents Quartz | Bico\/White"},"content":{"rendered":"<p><strong>La collection Atlantic Seabase Gents est une symphonie d&rsquo;\u00e9l\u00e9gance et de fonctionnalit\u00e9 qui r\u00e9pond aux go\u00fbts des hommes exigeants. Impeccablement assembl\u00e9s, ces garde-temps allient le charme ancien du design classique \u00e0 la finesse technologique de l&rsquo;\u00e8re moderne. <\/strong><\/p>\n<p>Chaque montre est m\u00e9ticuleusement fabriqu\u00e9e dans un robuste bo\u00eetier en acier inoxydable de 40 mm, con\u00e7u non seulement pour l&rsquo;esth\u00e9tique mais aussi pour la durabilit\u00e9. Le bo\u00eetier abrite un mouvement \u00e0 quartz suisse de haute pr\u00e9cision, incarnation de la finesse artistique et de la pr\u00e9cision implacable qui font la renomm\u00e9e des horlogers suisses dans le monde entier. <\/p>\n<p>Chaque cadran est plac\u00e9 sous un verre saphir inrayable, qui t\u00e9moigne de la long\u00e9vit\u00e9 de la montre. Cette caract\u00e9ristique offre l&rsquo;assurance d&rsquo;une \u00e9l\u00e9gance perp\u00e9tuelle, \u00e0 l&rsquo;abri du temps qui passe et des rigueurs de l&rsquo;usage quotidien. <\/p>\n<p>Remarquablement, malgr\u00e9 leur fabrication d\u00e9licate, ces montres sont \u00e9tanches jusqu&rsquo;\u00e0 50 m\u00e8tres. Cette caract\u00e9ristique permet au gentleman moderne de disposer d&rsquo;un garde-temps aussi adaptable que lui, capable de passer sans probl\u00e8me de la salle de conf\u00e9rence \u00e0 la plage. <\/p>\n<p>La collection Atlantic Seabase Gents n&rsquo;est pas seulement une gamme de montres. C&rsquo;est un partenaire fid\u00e8le pour chaque moment et chaque occasion de la vie d&rsquo;un homme, du plus banal au plus extraordinaire. Ce sont des garde-temps qui ne se contentent pas de donner l&rsquo;heure, mais qui en \u00e9l\u00e8vent l&rsquo;essence m\u00eame, rehaussant chaque seconde du parcours quotidien de l&rsquo;homme moderne.  <\/p>\n","protected":false},"excerpt":{"rendered":"<p><strong>Montre pour hommes &#8211; 40mm Quartz<\/strong><\/p>\n<p>La collection Atlantic Seabase Gents comprend des montres \u00e9l\u00e9gantes qui s&rsquo;adaptent \u00e0 tous les styles.<\/p>\n<p>Le bo\u00eetier en acier inoxydable de 40 mm abrite un mouvement \u00e0 quartz pr\u00e9cis de fabrication suisse et est dot\u00e9 d&rsquo;un verre saphir inrayable. De plus, il est \u00e9tanche jusqu&rsquo;\u00e0 50 m\u00e8tres. <\/p>\n<p>Cette montre est le compagnon id\u00e9al de l&rsquo;homme moderne pour tous les jours et toutes les occasions.<\/p>\n","protected":false},"featured_media":10973,"template":"","meta":[],"product_brand":[],"product_cat":[1138,1275,1382,1150],"product_tag":[],"class_list":{"0":"post-10972","1":"product","2":"type-product","3":"status-publish","4":"has-post-thumbnail","6":"product_cat-montres-pour-hommes","7":"product_cat-seabase-fr","8":"product_cat-seabase-gents-fr","9":"product_cat-montres-a-quartz","11":"first","12":"instock","13":"shipping-taxable","14":"purchasable","15":"product-type-simple"},"_links":{"self":[{"href":"https:\/\/atlanticwatches.ch\/fr\/wp-json\/wp\/v2\/product\/10972","targetHints":{"allow":["GET"]}}],"collection":[{"href":"https:\/\/atlanticwatches.ch\/fr\/wp-json\/wp\/v2\/product"}],"about":[{"href":"https:\/\/atlanticwatches.ch\/fr\/wp-json\/wp\/v2\/types\/product"}],"wp:featuredmedia":[{"embeddable":true,"href":"https:\/\/atlanticwatches.ch\/fr\/wp-json\/wp\/v2\/media\/10973"}],"wp:attachment":[{"href":"https:\/\/atlanticwatches.ch\/fr\/wp-json\/wp\/v2\/media?parent=10972"}],"wp:term":[{"taxonomy":"product_brand","embeddable":true,"href":"https:\/\/atlanticwatches.ch\/fr\/wp-json\/wp\/v2\/product_brand?post=10972"},{"taxonomy":"product_cat","embeddable":true,"href":"https:\/\/atlanticwatches.ch\/fr\/wp-json\/wp\/v2\/product_cat?post=10972"},{"taxonomy":"product_tag","embeddable":true,"href":"https:\/\/atlanticwatches.ch\/fr\/wp-json\/wp\/v2\/product_tag?post=10972"}],"curies":[{"name":"wp","href":"https:\/\/api.w.org\/{rel}","templated":true}]}}