{"id":10958,"date":"2021-12-14T17:53:51","date_gmt":"2021-12-14T16:53:51","guid":{"rendered":"https:\/\/atlanticwatches.ch\/shop\/non class\u00e9\/edition-super-de-luxe-diamonds-2\/"},"modified":"2021-12-14T17:53:51","modified_gmt":"2021-12-14T16:53:51","slug":"edition-super-de-luxe-diamonds-2","status":"publish","type":"product","link":"https:\/\/atlanticwatches.ch\/fr\/shop\/montres-pour-dames\/super-de-luxe-fr\/edition-super-de-luxe-diamonds-2\/","title":{"rendered":"Edition Super De Luxe Diamonds"},"content":{"rendered":"","protected":false},"excerpt":{"rendered":"<p><strong><span style=\"font-size: 18px;\">Les diamants sont \u00e9ternels.<\/span><\/strong><\/p>\n<p>La nouvelle \u00e9dition Atlantic Super De Luxe Diamonds est la combinaison parfaite entre une montre et un bijou \u00e9l\u00e9gant.<\/p>\n<p>L&rsquo;aspect \u00e9l\u00e9gant, le design intemporel avec 8 diamants authentiques et les mat\u00e9riaux de haute qualit\u00e9 font de ce mod\u00e8le un accessoire gracieux pour la femme moderne d&rsquo;aujourd&rsquo;hui. Une id\u00e9e de cadeau parfaite pour vous-m\u00eame ou pour une personne sp\u00e9ciale afin de c\u00e9l\u00e9brer n&rsquo;importe quelle occasion. <\/p>\n<p>Ce pr\u00e9cieux garde-temps est disponible en trois variantes. D\u00e9couvrez-les d\u00e8s maintenant. <\/p>\n<p>&nbsp;<\/p>\n","protected":false},"featured_media":10959,"template":"","meta":[],"product_brand":[],"product_cat":[1168,1313,1150,1317],"product_tag":[],"class_list":{"0":"post-10958","1":"product","2":"type-product","3":"status-publish","4":"has-post-thumbnail","6":"product_cat-montres-pour-dames","7":"product_cat-super-de-luxe-fr","8":"product_cat-montres-a-quartz","9":"product_cat-choisis-pour-vous","11":"first","12":"instock","13":"shipping-taxable","14":"purchasable","15":"product-type-simple"},"_links":{"self":[{"href":"https:\/\/atlanticwatches.ch\/fr\/wp-json\/wp\/v2\/product\/10958","targetHints":{"allow":["GET"]}}],"collection":[{"href":"https:\/\/atlanticwatches.ch\/fr\/wp-json\/wp\/v2\/product"}],"about":[{"href":"https:\/\/atlanticwatches.ch\/fr\/wp-json\/wp\/v2\/types\/product"}],"wp:featuredmedia":[{"embeddable":true,"href":"https:\/\/atlanticwatches.ch\/fr\/wp-json\/wp\/v2\/media\/10959"}],"wp:attachment":[{"href":"https:\/\/atlanticwatches.ch\/fr\/wp-json\/wp\/v2\/media?parent=10958"}],"wp:term":[{"taxonomy":"product_brand","embeddable":true,"href":"https:\/\/atlanticwatches.ch\/fr\/wp-json\/wp\/v2\/product_brand?post=10958"},{"taxonomy":"product_cat","embeddable":true,"href":"https:\/\/atlanticwatches.ch\/fr\/wp-json\/wp\/v2\/product_cat?post=10958"},{"taxonomy":"product_tag","embeddable":true,"href":"https:\/\/atlanticwatches.ch\/fr\/wp-json\/wp\/v2\/product_tag?post=10958"}],"curies":[{"name":"wp","href":"https:\/\/api.w.org\/{rel}","templated":true}]}}