{"id":10908,"date":"2021-12-27T10:22:15","date_gmt":"2021-12-27T09:22:15","guid":{"rendered":"https:\/\/atlanticwatches.ch\/shop\/non class\u00e9\/seabase-ladies-argent-pvd\/"},"modified":"2021-12-27T10:22:15","modified_gmt":"2021-12-27T09:22:15","slug":"seabase-ladies-argent-pvd","status":"publish","type":"product","link":"https:\/\/atlanticwatches.ch\/fr\/shop\/montres-pour-dames\/seabase-ladies-fr\/seabase-ladies-argent-pvd\/","title":{"rendered":"Seabase Ladies Argent PVD"},"content":{"rendered":"","protected":false},"excerpt":{"rendered":"<p>La collection Atlantic Seabase Ladies comprend des montres \u00e9l\u00e9gantes qui s&rsquo;adaptent \u00e0 tous les styles.<\/p>\n<p>Le d\u00e9licat bo\u00eetier en acier inoxydable abrite un mouvement \u00e0 quartz pr\u00e9cis de fabrication suisse et est dot\u00e9 d&rsquo;un verre saphir inrayable. De plus, il est \u00e9tanche jusqu&rsquo;\u00e0 50 m\u00e8tres. <\/p>\n<p>Cette montre est le compagnon id\u00e9al de la femme moderne, pour tous les jours et toutes les occasions.<\/p>\n","protected":false},"featured_media":10909,"template":"","meta":[],"product_brand":[],"product_cat":[1168,1376,1150],"product_tag":[],"class_list":{"0":"post-10908","1":"product","2":"type-product","3":"status-publish","4":"has-post-thumbnail","6":"product_cat-montres-pour-dames","7":"product_cat-seabase-ladies-fr","8":"product_cat-montres-a-quartz","10":"first","11":"instock","12":"shipping-taxable","13":"purchasable","14":"product-type-simple"},"_links":{"self":[{"href":"https:\/\/atlanticwatches.ch\/fr\/wp-json\/wp\/v2\/product\/10908","targetHints":{"allow":["GET"]}}],"collection":[{"href":"https:\/\/atlanticwatches.ch\/fr\/wp-json\/wp\/v2\/product"}],"about":[{"href":"https:\/\/atlanticwatches.ch\/fr\/wp-json\/wp\/v2\/types\/product"}],"wp:featuredmedia":[{"embeddable":true,"href":"https:\/\/atlanticwatches.ch\/fr\/wp-json\/wp\/v2\/media\/10909"}],"wp:attachment":[{"href":"https:\/\/atlanticwatches.ch\/fr\/wp-json\/wp\/v2\/media?parent=10908"}],"wp:term":[{"taxonomy":"product_brand","embeddable":true,"href":"https:\/\/atlanticwatches.ch\/fr\/wp-json\/wp\/v2\/product_brand?post=10908"},{"taxonomy":"product_cat","embeddable":true,"href":"https:\/\/atlanticwatches.ch\/fr\/wp-json\/wp\/v2\/product_cat?post=10908"},{"taxonomy":"product_tag","embeddable":true,"href":"https:\/\/atlanticwatches.ch\/fr\/wp-json\/wp\/v2\/product_tag?post=10908"}],"curies":[{"name":"wp","href":"https:\/\/api.w.org\/{rel}","templated":true}]}}