{"id":10903,"date":"2022-09-15T16:04:04","date_gmt":"2022-09-15T14:04:04","guid":{"rendered":"https:\/\/atlanticwatches.ch\/shop\/non class\u00e9\/worldmaster-limited-edition-mechanical-manufacture-calibre-atl-1\/"},"modified":"2022-09-15T16:04:04","modified_gmt":"2022-09-15T14:04:04","slug":"worldmaster-limited-edition-mechanical-manufacture-calibre-atl-1","status":"publish","type":"product","link":"https:\/\/atlanticwatches.ch\/fr\/shop\/montres-pour-hommes\/worldmaster\/manufacture-calibre-fr\/worldmaster-limited-edition-mechanical-manufacture-calibre-atl-1\/","title":{"rendered":"Worldmaster Limited Edition Mechanical Manufacture Calibre ATL-1"},"content":{"rendered":"<p><strong>LE NOUVEAU CALIBRE M\u00c9CANIQUE DE MANUFACTURE DE L&rsquo;ATLANTIC WORLDMASTER EN \u00c9DITION LIMIT\u00c9E<\/strong><\/p>\n<p><strong>D\u00e9couvrez l&rsquo;\u00e9tonnante nouvelle Worldmaster en \u00e9dition limit\u00e9e \u00e0 188 exemplaires, dot\u00e9e du nouveau calibre de manufacture m\u00e9canique \u00e0 remontage manuel ATL-1.<\/strong><\/p>\n<p>Ce nouveau mod\u00e8le est \u00e9quip\u00e9 du nouveau mouvement maison Atlantic, d\u00e9velopp\u00e9 selon les normes les plus \u00e9lev\u00e9es de la tradition horlog\u00e8re. Le calibre m\u00e9canique de manufacture ATL-1 a \u00e9t\u00e9 cr\u00e9\u00e9 avec beaucoup d&rsquo;amour du d\u00e9tail et peut \u00eatre vu et admir\u00e9 \u00e0 travers le fond de bo\u00eetier transparent de grande taille. <\/p>\n<p>Le bo\u00eetier est en acier inoxydable de haute qualit\u00e9 et a \u00e9t\u00e9 rev\u00eatu d&rsquo;un traitement PVD afin de le rendre r\u00e9sistant aux rayures et de lui conf\u00e9rer une grande brillance. Le design nettement contemporain avec une touche vintage est mis en valeur par deux bracelets diff\u00e9rents en cuir v\u00e9ritable &#8211; tous deux \u00e9quip\u00e9s d&rsquo;une goupille \u00e0 d\u00e9gagement rapide pour faciliter le changement. <\/p>\n<p><strong>D\u00e9p\u00eachez-vous de vous procurer votre \u00e9dition limit\u00e9e de la Worldmaster Manufacture Calibre.<\/strong><\/p>\n<hr>\n<p><img loading=\"lazy\" decoding=\"async\" class=\"alignnone wp-image-6381\" src=\"https:\/\/atlanticwatches.ch\/wp-content\/uploads\/2022\/09\/52952.46.63.R_2-1-300x200.jpg\" alt=\"\" width=\"500\" height=\"333\">  <img loading=\"lazy\" decoding=\"async\" class=\"alignnone wp-image-6383\" src=\"https:\/\/atlanticwatches.ch\/wp-content\/uploads\/2022\/09\/52952.46.63.R_3-300x200.jpg\" alt=\"\" width=\"500\" height=\"333\"><\/p>\n<p><img loading=\"lazy\" decoding=\"async\" class=\"alignnone wp-image-6385\" src=\"https:\/\/atlanticwatches.ch\/wp-content\/uploads\/2022\/09\/52952.46.63.R_4-300x200.jpg\" alt=\"\" width=\"500\" height=\"333\">  <img loading=\"lazy\" decoding=\"async\" class=\"alignnone wp-image-6379\" src=\"https:\/\/atlanticwatches.ch\/wp-content\/uploads\/2022\/09\/52952.46.63.R_1-300x200.jpg\" alt=\"\" width=\"500\" height=\"333\"><\/p>\n","protected":false},"excerpt":{"rendered":"<p><strong>Edition limit\u00e9e | Manufacture \u00e0 remontage manuel Calibre ATL-1<\/strong><\/p>\n<p>Ce nouveau mod\u00e8le est \u00e9quip\u00e9 du nouveau mouvement maison Atlantic d\u00e9velopp\u00e9 selon les normes les plus \u00e9lev\u00e9es de la tradition horlog\u00e8re.<\/p>\n<p>Le calibre m\u00e9canique de manufacture ATL-1 a \u00e9t\u00e9 cr\u00e9\u00e9 avec beaucoup d&rsquo;amour du d\u00e9tail et peut \u00eatre vu et admir\u00e9 \u00e0 travers le fond de bo\u00eetier transparent de grande taille.<\/p>\n<p><strong>D\u00e9p\u00eachez-vous de vous procurer votre \u00e9dition limit\u00e9e du calibre de manufacture de la Worldmaster<\/strong>.<\/p>\n<p>&nbsp;<\/p>\n","protected":false},"featured_media":10904,"template":"","meta":[],"product_brand":[],"product_cat":[1138,1249,1346,1353,1331,1317],"product_tag":[],"class_list":{"0":"post-10903","1":"product","2":"type-product","3":"status-publish","4":"has-post-thumbnail","6":"product_cat-montres-pour-hommes","7":"product_cat-worldmaster","8":"product_cat-manufacture-calibre-fr","9":"product_cat-editions-limitees","10":"product_cat-montres-mecaniques-a-remontage-manuel","11":"product_cat-choisis-pour-vous","13":"first","14":"instock","15":"shipping-taxable","16":"purchasable","17":"product-type-simple"},"_links":{"self":[{"href":"https:\/\/atlanticwatches.ch\/fr\/wp-json\/wp\/v2\/product\/10903","targetHints":{"allow":["GET"]}}],"collection":[{"href":"https:\/\/atlanticwatches.ch\/fr\/wp-json\/wp\/v2\/product"}],"about":[{"href":"https:\/\/atlanticwatches.ch\/fr\/wp-json\/wp\/v2\/types\/product"}],"wp:featuredmedia":[{"embeddable":true,"href":"https:\/\/atlanticwatches.ch\/fr\/wp-json\/wp\/v2\/media\/10904"}],"wp:attachment":[{"href":"https:\/\/atlanticwatches.ch\/fr\/wp-json\/wp\/v2\/media?parent=10903"}],"wp:term":[{"taxonomy":"product_brand","embeddable":true,"href":"https:\/\/atlanticwatches.ch\/fr\/wp-json\/wp\/v2\/product_brand?post=10903"},{"taxonomy":"product_cat","embeddable":true,"href":"https:\/\/atlanticwatches.ch\/fr\/wp-json\/wp\/v2\/product_cat?post=10903"},{"taxonomy":"product_tag","embeddable":true,"href":"https:\/\/atlanticwatches.ch\/fr\/wp-json\/wp\/v2\/product_tag?post=10903"}],"curies":[{"name":"wp","href":"https:\/\/api.w.org\/{rel}","templated":true}]}}