{"id":10898,"date":"2022-09-19T17:00:14","date_gmt":"2022-09-19T15:00:14","guid":{"rendered":"https:\/\/atlanticwatches.ch\/shop\/non class\u00e9\/worldmaster-mechanical-manufacture-calibre-atl-2-cream\/"},"modified":"2022-09-19T17:00:14","modified_gmt":"2022-09-19T15:00:14","slug":"worldmaster-mechanical-manufacture-calibre-atl-2-cream","status":"publish","type":"product","link":"https:\/\/atlanticwatches.ch\/fr\/shop\/montres-pour-hommes\/worldmaster\/manufacture-calibre-fr\/worldmaster-mechanical-manufacture-calibre-atl-2-cream\/","title":{"rendered":"Worldmaster Mechanical Manufacture Calibre ATL-2 | Cream"},"content":{"rendered":"<p><strong>D\u00e9couvrez l&rsquo;\u00e9tonnante nouvelle Worldmaster dot\u00e9e du nouveau calibre m\u00e9canique de manufacture ATL-2.<\/strong><\/p>\n<p>Ce nouveau mod\u00e8le est dot\u00e9 du nouveau mouvement maison Atlantic, d\u00e9velopp\u00e9 selon les normes les plus \u00e9lev\u00e9es de la tradition horlog\u00e8re. Le calibre m\u00e9canique de manufacture ATL-2 a \u00e9t\u00e9 cr\u00e9\u00e9 avec beaucoup d&rsquo;amour du d\u00e9tail et peut \u00eatre vu et admir\u00e9 \u00e0 travers le fond de bo\u00eetier transparent de grande taille. <\/p>\n<p>Le bo\u00eetier est fabriqu\u00e9 en acier inoxydable de haute qualit\u00e9 et est \u00e9tanche jusqu&rsquo;\u00e0 50 m\u00e8tres\/5 bars. Le magnifique cadran avec indication de la petite seconde et le verre saphir \u00e0 double d\u00f4me mettent en valeur le design nettement contemporain avec une touche vintage. <\/p>\n<p>Disponible en trois styles diff\u00e9rents. D\u00e9couvrez la collection compl\u00e8te d\u00e8s maintenant. <\/p>\n<hr>\n<p><a href=\"https:\/\/atlanticwatches.ch\/fr\/categorie-produit\/montres-pour-hommes\/maitre-du-monde\/manufacture-calibre-fr\/\"><img loading=\"lazy\" decoding=\"async\" class=\"aligncenter wp-image-6388 size-large\" src=\"https:\/\/atlanticwatches.ch\/wp-content\/uploads\/2022\/09\/52952.41.93-52952.41.63-52952.41.73-1024x682.jpg\" alt=\"\" width=\"1024\" height=\"682\" srcset=\"https:\/\/atlanticwatches.ch\/wp-content\/uploads\/2022\/09\/52952.41.93-52952.41.63-52952.41.73-1024x682.jpg 1024w, https:\/\/atlanticwatches.ch\/wp-content\/uploads\/2022\/09\/52952.41.93-52952.41.63-52952.41.73-600x400.jpg 600w, https:\/\/atlanticwatches.ch\/wp-content\/uploads\/2022\/09\/52952.41.93-52952.41.63-52952.41.73-768x512.jpg 768w, https:\/\/atlanticwatches.ch\/wp-content\/uploads\/2022\/09\/52952.41.93-52952.41.63-52952.41.73-640x426.jpg 640w, https:\/\/atlanticwatches.ch\/wp-content\/uploads\/2022\/09\/52952.41.93-52952.41.63-52952.41.73-400x267.jpg 400w\" sizes=\"auto, (max-width: 1024px) 100vw, 1024px\" \/><\/a><\/p>\n","protected":false},"excerpt":{"rendered":"<p><strong>M\u00e9canique Manufacture Calibre ATL-2<\/strong><\/p>\n<p>Ce nouveau mod\u00e8le est \u00e9quip\u00e9 du nouveau mouvement maison Atlantic, d\u00e9velopp\u00e9 selon les plus hauts standards de la tradition horlog\u00e8re.<\/p>\n<p>Le calibre m\u00e9canique ATL-2 a \u00e9t\u00e9 cr\u00e9\u00e9 avec beaucoup d&rsquo;amour du d\u00e9tail et peut \u00eatre vu et admir\u00e9 \u00e0 travers le fond de bo\u00eetier transparent de grande taille.<\/p>\n<p>Disponible en trois styles diff\u00e9rents. D\u00e9couvrez la collection compl\u00e8te d\u00e8s maintenant. <\/p>\n","protected":false},"featured_media":10899,"template":"","meta":[],"product_brand":[],"product_cat":[1138,1249,1346,1331],"product_tag":[],"class_list":{"0":"post-10898","1":"product","2":"type-product","3":"status-publish","4":"has-post-thumbnail","6":"product_cat-montres-pour-hommes","7":"product_cat-worldmaster","8":"product_cat-manufacture-calibre-fr","9":"product_cat-montres-mecaniques-a-remontage-manuel","11":"first","12":"instock","13":"shipping-taxable","14":"purchasable","15":"product-type-simple"},"_links":{"self":[{"href":"https:\/\/atlanticwatches.ch\/fr\/wp-json\/wp\/v2\/product\/10898","targetHints":{"allow":["GET"]}}],"collection":[{"href":"https:\/\/atlanticwatches.ch\/fr\/wp-json\/wp\/v2\/product"}],"about":[{"href":"https:\/\/atlanticwatches.ch\/fr\/wp-json\/wp\/v2\/types\/product"}],"wp:featuredmedia":[{"embeddable":true,"href":"https:\/\/atlanticwatches.ch\/fr\/wp-json\/wp\/v2\/media\/10899"}],"wp:attachment":[{"href":"https:\/\/atlanticwatches.ch\/fr\/wp-json\/wp\/v2\/media?parent=10898"}],"wp:term":[{"taxonomy":"product_brand","embeddable":true,"href":"https:\/\/atlanticwatches.ch\/fr\/wp-json\/wp\/v2\/product_brand?post=10898"},{"taxonomy":"product_cat","embeddable":true,"href":"https:\/\/atlanticwatches.ch\/fr\/wp-json\/wp\/v2\/product_cat?post=10898"},{"taxonomy":"product_tag","embeddable":true,"href":"https:\/\/atlanticwatches.ch\/fr\/wp-json\/wp\/v2\/product_tag?post=10898"}],"curies":[{"name":"wp","href":"https:\/\/api.w.org\/{rel}","templated":true}]}}