{"id":10893,"date":"2022-10-11T15:55:28","date_gmt":"2022-10-11T13:55:28","guid":{"rendered":"https:\/\/atlanticwatches.ch\/shop\/non class\u00e9\/worldmaster-open-heart-edition-limitee-chocolat\/"},"modified":"2022-10-11T15:55:28","modified_gmt":"2022-10-11T13:55:28","slug":"worldmaster-open-heart-edition-limitee-chocolat","status":"publish","type":"product","link":"https:\/\/atlanticwatches.ch\/fr\/shop\/montres-pour-hommes\/worldmaster\/open-heart-edition-limitee\/worldmaster-open-heart-edition-limitee-chocolat\/","title":{"rendered":"Worldmaster Open Heart Edition Limit\u00e9e | Chocolat"},"content":{"rendered":"<p><strong>Worldmaster Montre habill\u00e9e automatique Open Heart : La pi\u00e8ce de luxe parfaite pour votre poignet<\/strong><\/p>\n<p>Cette nouvelle Atlantic Worldmaster a un c\u0153ur ouvert sur le cadran et un fond de bo\u00eetier transparent pour exposer la beaut\u00e9 et la complication du mouvement automatique. Ce garde-temps est fabriqu\u00e9 avec des mat\u00e9riaux de haute qualit\u00e9 et brille par sa sophistication et sa beaut\u00e9 ultime.  \u00c9dition limit\u00e9e \u00e0 seulement 888 pces.<\/p>\n<hr>\n<p><img loading=\"lazy\" decoding=\"async\" class=\"aligncenter wp-image-6204 size-large\" src=\"https:\/\/atlanticwatches.ch\/wp-content\/uploads\/2022\/10\/Atlantic-Worldmaster-Open-Heart-Automatic-Limited-Edition-1024x682.jpg\" alt=\"\" width=\"1024\" height=\"682\" srcset=\"https:\/\/atlanticwatches.ch\/wp-content\/uploads\/2022\/10\/Atlantic-Worldmaster-Open-Heart-Automatic-Limited-Edition-1024x682.jpg 1024w, https:\/\/atlanticwatches.ch\/wp-content\/uploads\/2022\/10\/Atlantic-Worldmaster-Open-Heart-Automatic-Limited-Edition-600x400.jpg 600w, https:\/\/atlanticwatches.ch\/wp-content\/uploads\/2022\/10\/Atlantic-Worldmaster-Open-Heart-Automatic-Limited-Edition-768x512.jpg 768w, https:\/\/atlanticwatches.ch\/wp-content\/uploads\/2022\/10\/Atlantic-Worldmaster-Open-Heart-Automatic-Limited-Edition-640x426.jpg 640w, https:\/\/atlanticwatches.ch\/wp-content\/uploads\/2022\/10\/Atlantic-Worldmaster-Open-Heart-Automatic-Limited-Edition-400x267.jpg 400w\" sizes=\"auto, (max-width: 1024px) 100vw, 1024px\" \/><\/p>\n","protected":false},"excerpt":{"rendered":"<p><strong>AUTOMATIQUE | \u00c9DITION LIMIT\u00c9E  <\/strong><\/p>\n<p>Une montre classique est un accessoire dont tout le monde a besoin. Elle n&rsquo;est pas seulement votre montre de tous les jours, mais la touche finale sophistiqu\u00e9e de votre tenue et vous permet d&rsquo;am\u00e9liorer votre look \u00e0 chaque fois que vous la portez. <\/p>\n","protected":false},"featured_media":10895,"template":"","meta":[],"product_brand":[],"product_cat":[1138,1249,1359,1353,1188,1317],"product_tag":[],"class_list":{"0":"post-10893","1":"product","2":"type-product","3":"status-publish","4":"has-post-thumbnail","6":"product_cat-montres-pour-hommes","7":"product_cat-worldmaster","8":"product_cat-open-heart-edition-limitee","9":"product_cat-editions-limitees","10":"product_cat-montres-automatiques","11":"product_cat-choisis-pour-vous","13":"first","14":"instock","15":"shipping-taxable","16":"purchasable","17":"product-type-simple"},"_links":{"self":[{"href":"https:\/\/atlanticwatches.ch\/fr\/wp-json\/wp\/v2\/product\/10893","targetHints":{"allow":["GET"]}}],"collection":[{"href":"https:\/\/atlanticwatches.ch\/fr\/wp-json\/wp\/v2\/product"}],"about":[{"href":"https:\/\/atlanticwatches.ch\/fr\/wp-json\/wp\/v2\/types\/product"}],"wp:featuredmedia":[{"embeddable":true,"href":"https:\/\/atlanticwatches.ch\/fr\/wp-json\/wp\/v2\/media\/10895"}],"wp:attachment":[{"href":"https:\/\/atlanticwatches.ch\/fr\/wp-json\/wp\/v2\/media?parent=10893"}],"wp:term":[{"taxonomy":"product_brand","embeddable":true,"href":"https:\/\/atlanticwatches.ch\/fr\/wp-json\/wp\/v2\/product_brand?post=10893"},{"taxonomy":"product_cat","embeddable":true,"href":"https:\/\/atlanticwatches.ch\/fr\/wp-json\/wp\/v2\/product_cat?post=10893"},{"taxonomy":"product_tag","embeddable":true,"href":"https:\/\/atlanticwatches.ch\/fr\/wp-json\/wp\/v2\/product_tag?post=10893"}],"curies":[{"name":"wp","href":"https:\/\/api.w.org\/{rel}","templated":true}]}}