{"id":10888,"date":"2022-10-11T18:09:36","date_gmt":"2022-10-11T16:09:36","guid":{"rendered":"https:\/\/atlanticwatches.ch\/shop\/non class\u00e9\/seaflight-new-edition-gents-blue-steel\/"},"modified":"2022-10-11T18:09:36","modified_gmt":"2022-10-11T16:09:36","slug":"seaflight-new-edition-gents-blue-steel","status":"publish","type":"product","link":"https:\/\/atlanticwatches.ch\/fr\/shop\/montres-pour-hommes\/seaflight\/seaflight-new-edition-gents-blue-steel\/","title":{"rendered":"Seaflight New Edition Gents Blue Steel"},"content":{"rendered":"<p><strong>Collection Atlantic Seaflight : Un compagnon solide<\/strong><\/p>\n<p>Le design moderne et les mat\u00e9riaux de haute qualit\u00e9 sont le point central des nouveaux mod\u00e8les Seaflight. Le bo\u00eetier en acier inoxydable et le bracelet int\u00e9gr\u00e9 sont bross\u00e9s pour minimiser les reflets. <\/p>\n<p>Le cadran a \u00e9t\u00e9 con\u00e7u dans un souci de lisibilit\u00e9 et comporte donc des chiffres et des index en Super-LumiNova, le mat\u00e9riau qui brille le plus dans l&rsquo;obscurit\u00e9.<\/p>\n<p>La nouvelle \u00e9dition se compose de quatre mod\u00e8les : cadran noir et bleu, bracelet en cuir ou bracelet int\u00e9gr\u00e9 bross\u00e9. D\u00e9couvrez la <a href=\"https:\/\/atlanticwatches.ch\/fr\/categorie-produit\/montres-pour-hommes\/vol-a-voile\/\">collection Seaflight<\/a> d\u00e8s maintenant. <\/p>\n<hr>\n<p><img loading=\"lazy\" decoding=\"async\" class=\"aligncenter wp-image-6208 size-large\" src=\"https:\/\/atlanticwatches.ch\/wp-content\/uploads\/2022\/10\/Atlantic-Seaflight-New-Edition-1024x682.jpg\" alt=\"\" width=\"1024\" height=\"682\" srcset=\"https:\/\/atlanticwatches.ch\/wp-content\/uploads\/2022\/10\/Atlantic-Seaflight-New-Edition-1024x682.jpg 1024w, https:\/\/atlanticwatches.ch\/wp-content\/uploads\/2022\/10\/Atlantic-Seaflight-New-Edition-600x400.jpg 600w, https:\/\/atlanticwatches.ch\/wp-content\/uploads\/2022\/10\/Atlantic-Seaflight-New-Edition-768x512.jpg 768w, https:\/\/atlanticwatches.ch\/wp-content\/uploads\/2022\/10\/Atlantic-Seaflight-New-Edition-640x426.jpg 640w, https:\/\/atlanticwatches.ch\/wp-content\/uploads\/2022\/10\/Atlantic-Seaflight-New-Edition-400x267.jpg 400w\" sizes=\"auto, (max-width: 1024px) 100vw, 1024px\" \/><\/p>\n","protected":false},"excerpt":{"rendered":"<p><strong>QUARTZ | NOUVELLE \u00c9DITION<\/strong><\/p>\n<p>Robuste, sportive et intemporelle. La collection Atlantic Seaflight est faite pour l&rsquo;action. C&rsquo;est le compagnon id\u00e9al pour ceux qui m\u00e8nent un style de vie actif.  <\/p>\n<p>C&rsquo;est le garde-temps id\u00e9al pour ceux qui recherchent une montre robuste, sportive et tr\u00e8s pr\u00e9cise pour les accompagner de jour comme de nuit.<\/p>\n","protected":false},"featured_media":10890,"template":"","meta":[],"product_brand":[],"product_cat":[1138,1142,1150,1317],"product_tag":[],"class_list":{"0":"post-10888","1":"product","2":"type-product","3":"status-publish","4":"has-post-thumbnail","6":"product_cat-montres-pour-hommes","7":"product_cat-seaflight","8":"product_cat-montres-a-quartz","9":"product_cat-choisis-pour-vous","11":"first","12":"instock","13":"shipping-taxable","14":"purchasable","15":"product-type-simple"},"_links":{"self":[{"href":"https:\/\/atlanticwatches.ch\/fr\/wp-json\/wp\/v2\/product\/10888","targetHints":{"allow":["GET"]}}],"collection":[{"href":"https:\/\/atlanticwatches.ch\/fr\/wp-json\/wp\/v2\/product"}],"about":[{"href":"https:\/\/atlanticwatches.ch\/fr\/wp-json\/wp\/v2\/types\/product"}],"wp:featuredmedia":[{"embeddable":true,"href":"https:\/\/atlanticwatches.ch\/fr\/wp-json\/wp\/v2\/media\/10890"}],"wp:attachment":[{"href":"https:\/\/atlanticwatches.ch\/fr\/wp-json\/wp\/v2\/media?parent=10888"}],"wp:term":[{"taxonomy":"product_brand","embeddable":true,"href":"https:\/\/atlanticwatches.ch\/fr\/wp-json\/wp\/v2\/product_brand?post=10888"},{"taxonomy":"product_cat","embeddable":true,"href":"https:\/\/atlanticwatches.ch\/fr\/wp-json\/wp\/v2\/product_cat?post=10888"},{"taxonomy":"product_tag","embeddable":true,"href":"https:\/\/atlanticwatches.ch\/fr\/wp-json\/wp\/v2\/product_tag?post=10888"}],"curies":[{"name":"wp","href":"https:\/\/api.w.org\/{rel}","templated":true}]}}