{"id":10875,"date":"2022-10-13T07:19:15","date_gmt":"2022-10-13T05:19:15","guid":{"rendered":"https:\/\/atlanticwatches.ch\/shop\/non class\u00e9\/worldmaster-original-mechanical-cream\/"},"modified":"2022-10-13T07:19:15","modified_gmt":"2022-10-13T05:19:15","slug":"worldmaster-original-mechanical-cream","status":"publish","type":"product","link":"https:\/\/atlanticwatches.ch\/fr\/shop\/montres-pour-hommes\/worldmaster\/worldmaster-original-fr\/worldmaster-original-mechanical-cream\/","title":{"rendered":"Worldmaster Original Mechanical | Cream"},"content":{"rendered":"<p><strong>La nouvelle Worldmaster Original : une \u00e9tonnante montre m\u00e9canique suisse<\/strong><\/p>\n<p>Cette Worldmaster Original est une montre suisse classique, magnifique et authentique, dot\u00e9e d&rsquo;un mouvement \u00e0 remontage manuel. Elle constitue un ajout pr\u00e9cieux \u00e0 toute collection de montres et attire tous les regards. <\/p>\n<p>Le mouvement m\u00e9canique suisse Sellita SW210-1, qui est le c\u0153ur battant de ce garde-temps, peut \u00eatre admir\u00e9 \u00e0 travers le fond transparent du bo\u00eetier. L&rsquo;aspect vintage de ce mod\u00e8le intemporel est renforc\u00e9 par le verre saphir bomb\u00e9, le bo\u00eetier en acier inoxydable poli de 39 mm et l&rsquo;aspect typique des ann\u00e9es 50 du cadran. <\/p>\n<p>La collection Worldmaster Original se compose d&rsquo;une vari\u00e9t\u00e9 de montres automatiques et m\u00e9caniques \/ \u00e0 remontage manuel. D\u00e9couvrez-les dans notre boutique en ligne. <\/p>\n<hr>\n<p><a href=\"https:\/\/atlanticwatches.ch\/fr\/categorie-produit\/montres-pour-hommes\/maitre-du-monde\/worldmaster-original-fr\/\"><img loading=\"lazy\" decoding=\"async\" class=\"aligncenter wp-image-6231 size-large\" src=\"https:\/\/atlanticwatches.ch\/wp-content\/uploads\/2022\/10\/Worldmaster-Original-Mechanical-Swiss-Watch-1024x682.jpg\" alt=\"\" width=\"1024\" height=\"682\" srcset=\"https:\/\/atlanticwatches.ch\/wp-content\/uploads\/2022\/10\/Worldmaster-Original-Mechanical-Swiss-Watch-1024x682.jpg 1024w, https:\/\/atlanticwatches.ch\/wp-content\/uploads\/2022\/10\/Worldmaster-Original-Mechanical-Swiss-Watch-600x400.jpg 600w, https:\/\/atlanticwatches.ch\/wp-content\/uploads\/2022\/10\/Worldmaster-Original-Mechanical-Swiss-Watch-768x512.jpg 768w, https:\/\/atlanticwatches.ch\/wp-content\/uploads\/2022\/10\/Worldmaster-Original-Mechanical-Swiss-Watch-640x426.jpg 640w, https:\/\/atlanticwatches.ch\/wp-content\/uploads\/2022\/10\/Worldmaster-Original-Mechanical-Swiss-Watch-400x267.jpg 400w\" sizes=\"auto, (max-width: 1024px) 100vw, 1024px\" \/><\/a><\/p>\n","protected":false},"excerpt":{"rendered":"<p><strong>Nouvelle Taille : 39mm | Mouvement m\u00e9canique \/ \u00e0 remontage manuel<\/strong><\/p>\n<p>Avec l&rsquo;Atlantic Worldmaster Original, un v\u00e9ritable original trouve son chemin dans le pr\u00e9sent.<\/p>\n<p>Un cadran bas\u00e9 sur le style des ann\u00e9es 50, un bo\u00eetier typique et un verre saphir bomb\u00e9 &#8211; tout cela fait revivre l&rsquo;esprit d&rsquo;une \u00e9poque r\u00e9volue.<\/p>\n","protected":false},"featured_media":10876,"template":"","meta":[],"product_brand":[],"product_cat":[1138,1249,1250,1331,1317],"product_tag":[],"class_list":{"0":"post-10875","1":"product","2":"type-product","3":"status-publish","4":"has-post-thumbnail","6":"product_cat-montres-pour-hommes","7":"product_cat-worldmaster","8":"product_cat-worldmaster-original-fr","9":"product_cat-montres-mecaniques-a-remontage-manuel","10":"product_cat-choisis-pour-vous","12":"first","13":"instock","14":"shipping-taxable","15":"purchasable","16":"product-type-simple"},"_links":{"self":[{"href":"https:\/\/atlanticwatches.ch\/fr\/wp-json\/wp\/v2\/product\/10875","targetHints":{"allow":["GET"]}}],"collection":[{"href":"https:\/\/atlanticwatches.ch\/fr\/wp-json\/wp\/v2\/product"}],"about":[{"href":"https:\/\/atlanticwatches.ch\/fr\/wp-json\/wp\/v2\/types\/product"}],"wp:featuredmedia":[{"embeddable":true,"href":"https:\/\/atlanticwatches.ch\/fr\/wp-json\/wp\/v2\/media\/10876"}],"wp:attachment":[{"href":"https:\/\/atlanticwatches.ch\/fr\/wp-json\/wp\/v2\/media?parent=10875"}],"wp:term":[{"taxonomy":"product_brand","embeddable":true,"href":"https:\/\/atlanticwatches.ch\/fr\/wp-json\/wp\/v2\/product_brand?post=10875"},{"taxonomy":"product_cat","embeddable":true,"href":"https:\/\/atlanticwatches.ch\/fr\/wp-json\/wp\/v2\/product_cat?post=10875"},{"taxonomy":"product_tag","embeddable":true,"href":"https:\/\/atlanticwatches.ch\/fr\/wp-json\/wp\/v2\/product_tag?post=10875"}],"curies":[{"name":"wp","href":"https:\/\/api.w.org\/{rel}","templated":true}]}}