{"id":10873,"date":"2022-10-13T21:54:22","date_gmt":"2022-10-13T19:54:22","guid":{"rendered":"https:\/\/atlanticwatches.ch\/shop\/non class\u00e9\/worldmaster-original-39mm-automatic-black\/"},"modified":"2022-10-13T21:54:22","modified_gmt":"2022-10-13T19:54:22","slug":"worldmaster-original-39mm-automatic-black","status":"publish","type":"product","link":"https:\/\/atlanticwatches.ch\/fr\/shop\/montres-pour-hommes\/worldmaster\/worldmaster-original-fr\/worldmaster-original-39mm-automatic-black\/","title":{"rendered":"Worldmaster Original 39mm Automatic | Black"},"content":{"rendered":"<p><strong>La Worldmaster Original Automatic 2022 : la l\u00e9gende dans un nouveau design<\/strong><\/p>\n<p>Cette Atlantic Worldmaster Original est une montre suisse automatique de 39 mm. Fabriqu\u00e9e avec beaucoup d&rsquo;amour du d\u00e9tail et avec des mat\u00e9riaux de haute qualit\u00e9. <\/p>\n<p>Avec son bo\u00eetier en acier inoxydable poli, son verre bomb\u00e9 et son cadran magnifiquement bross\u00e9, ce garde-temps est un ajout intemporel \u00e0 la collection de tout amateur de montres. Le mouvement automatique Sellita SW200-1 promet une grande fiabilit\u00e9 et peut \u00eatre admir\u00e9 \u00e0 travers le fond transparent du bo\u00eetier. <\/p>\n<p>Vous cherchez une montre suisse automatique \u00e0 un prix avantageux ? D\u00e9couvrez d\u00e8s maintenant cette collection d&rsquo;inspiration vintage.<\/p>\n<hr>\n<p><a href=\"\/?product_cat=worldmaster-original-automatic\"><img loading=\"lazy\" decoding=\"async\" class=\"aligncenter wp-image-6239 size-large\" src=\"https:\/\/atlanticwatches.ch\/wp-content\/uploads\/2022\/10\/Worldmaster-Original-Automatic-Swiss-Watch-1024x682.jpg\" alt=\"\" width=\"1024\" height=\"682\" srcset=\"https:\/\/atlanticwatches.ch\/wp-content\/uploads\/2022\/10\/Worldmaster-Original-Automatic-Swiss-Watch-1024x682.jpg 1024w, https:\/\/atlanticwatches.ch\/wp-content\/uploads\/2022\/10\/Worldmaster-Original-Automatic-Swiss-Watch-600x400.jpg 600w, https:\/\/atlanticwatches.ch\/wp-content\/uploads\/2022\/10\/Worldmaster-Original-Automatic-Swiss-Watch-768x512.jpg 768w, https:\/\/atlanticwatches.ch\/wp-content\/uploads\/2022\/10\/Worldmaster-Original-Automatic-Swiss-Watch-640x426.jpg 640w, https:\/\/atlanticwatches.ch\/wp-content\/uploads\/2022\/10\/Worldmaster-Original-Automatic-Swiss-Watch-400x267.jpg 400w\" sizes=\"auto, (max-width: 1024px) 100vw, 1024px\" \/><\/a><\/p>\n","protected":false},"excerpt":{"rendered":"<p><strong>Mouvement automatique | 39mm<\/strong><\/p>\n<p>Cette Atlantic Worldmaster Original est une montre suisse automatique de 39 mm. Fabriqu\u00e9e avec beaucoup d&rsquo;amour du d\u00e9tail et avec des mat\u00e9riaux de haute qualit\u00e9. <\/p>\n<p>D\u00e9couvrez d\u00e8s maintenant cette collection d&rsquo;inspiration vintage.<\/p>\n","protected":false},"featured_media":10874,"template":"","meta":[],"product_brand":[],"product_cat":[1138,1249,1250,1188],"product_tag":[],"class_list":{"0":"post-10873","1":"product","2":"type-product","3":"status-publish","4":"has-post-thumbnail","6":"product_cat-montres-pour-hommes","7":"product_cat-worldmaster","8":"product_cat-worldmaster-original-fr","9":"product_cat-montres-automatiques","11":"first","12":"instock","13":"sold-individually","14":"shipping-taxable","15":"purchasable","16":"product-type-simple"},"_links":{"self":[{"href":"https:\/\/atlanticwatches.ch\/fr\/wp-json\/wp\/v2\/product\/10873","targetHints":{"allow":["GET"]}}],"collection":[{"href":"https:\/\/atlanticwatches.ch\/fr\/wp-json\/wp\/v2\/product"}],"about":[{"href":"https:\/\/atlanticwatches.ch\/fr\/wp-json\/wp\/v2\/types\/product"}],"wp:featuredmedia":[{"embeddable":true,"href":"https:\/\/atlanticwatches.ch\/fr\/wp-json\/wp\/v2\/media\/10874"}],"wp:attachment":[{"href":"https:\/\/atlanticwatches.ch\/fr\/wp-json\/wp\/v2\/media?parent=10873"}],"wp:term":[{"taxonomy":"product_brand","embeddable":true,"href":"https:\/\/atlanticwatches.ch\/fr\/wp-json\/wp\/v2\/product_brand?post=10873"},{"taxonomy":"product_cat","embeddable":true,"href":"https:\/\/atlanticwatches.ch\/fr\/wp-json\/wp\/v2\/product_cat?post=10873"},{"taxonomy":"product_tag","embeddable":true,"href":"https:\/\/atlanticwatches.ch\/fr\/wp-json\/wp\/v2\/product_tag?post=10873"}],"curies":[{"name":"wp","href":"https:\/\/api.w.org\/{rel}","templated":true}]}}