{"id":10862,"date":"2022-10-15T17:20:40","date_gmt":"2022-10-15T15:20:40","guid":{"rendered":"https:\/\/atlanticwatches.ch\/shop\/non class\u00e9\/worldmaster-art-deco-automatique-pvd-cuir-rouge\/"},"modified":"2022-10-15T17:20:40","modified_gmt":"2022-10-15T15:20:40","slug":"worldmaster-art-deco-automatique-pvd-cuir-rouge","status":"publish","type":"product","link":"https:\/\/atlanticwatches.ch\/fr\/shop\/montres-pour-hommes\/worldmaster\/worldmaster-art-deco-fr\/worldmaster-art-deco-automatique-pvd-cuir-rouge\/","title":{"rendered":"Worldmaster Art Deco Automatique | PVD\/Cuir Rouge"},"content":{"rendered":"<p><strong>La Worldmaster Art D\u00e9co Automatic 2022 : le vintage rencontre le contemporain<\/strong><\/p>\n<p>Refl\u00e9tant le style des ann\u00e9es 50, l&rsquo;Atlantic Worldmaster Art D\u00e9co se pr\u00e9sente comme un compagnon parfait et toujours fiable. Le magnifique design du cadran est bas\u00e9 sur la Worldmaster originale pr\u00e9sent\u00e9e pour la premi\u00e8re fois en 1955. <\/p>\n<p>Le look vintage est \u00e9l\u00e9gant, les mat\u00e9riaux sont de la plus haute qualit\u00e9 et le fond transparent du bo\u00eetier laisse entrevoir le mouvement automatique fiable de fabrication suisse. Ce garde-temps est un ajout audacieux \u00e0 la collection d&rsquo;un v\u00e9ritable amateur de montres. <\/p>\n<p>Vous recherchez une montre suisse automatique hors du commun \u00e0 un prix avantageux ? D\u00e9couvrez d\u00e8s maintenant la Worldmaster Art D\u00e9co Collection. <\/p>\n<hr>\n<p><a href=\"https:\/\/atlanticwatches.ch\/fr\/categorie-produit\/montres-pour-hommes\/maitre-du-monde\/worldmaster-art-deco-fr\/\"><img loading=\"lazy\" decoding=\"async\" class=\"aligncenter wp-image-6262 size-large\" src=\"https:\/\/atlanticwatches.ch\/wp-content\/uploads\/2022\/10\/Atlantic-Worldmaster-Art-Deco-51752-45-99G-51752-45-69GM-1024x682.jpg\" alt=\"\" width=\"1024\" height=\"682\" srcset=\"https:\/\/atlanticwatches.ch\/wp-content\/uploads\/2022\/10\/Atlantic-Worldmaster-Art-Deco-51752-45-99G-51752-45-69GM-1024x682.jpg 1024w, https:\/\/atlanticwatches.ch\/wp-content\/uploads\/2022\/10\/Atlantic-Worldmaster-Art-Deco-51752-45-99G-51752-45-69GM-600x400.jpg 600w, https:\/\/atlanticwatches.ch\/wp-content\/uploads\/2022\/10\/Atlantic-Worldmaster-Art-Deco-51752-45-99G-51752-45-69GM-768x512.jpg 768w, https:\/\/atlanticwatches.ch\/wp-content\/uploads\/2022\/10\/Atlantic-Worldmaster-Art-Deco-51752-45-99G-51752-45-69GM-640x426.jpg 640w, https:\/\/atlanticwatches.ch\/wp-content\/uploads\/2022\/10\/Atlantic-Worldmaster-Art-Deco-51752-45-99G-51752-45-69GM-400x267.jpg 400w\" sizes=\"auto, (max-width: 1024px) 100vw, 1024px\" \/><\/a><\/p>\n<p>&nbsp;<\/p>\n<p>&nbsp;<\/p>\n","protected":false},"excerpt":{"rendered":"<p><strong>Automatique | 40mm<\/strong><\/p>\n<p>Cette Atlantic Worldmaster Art D\u00e9co est une montre suisse automatique de 40 mm. Fabriqu\u00e9e avec beaucoup d&rsquo;amour du d\u00e9tail et des mat\u00e9riaux de haute qualit\u00e9. <\/p>\n<p>D\u00e9couvrez d\u00e8s maintenant cette collection audacieuse d&rsquo;inspiration vintage.<\/p>\n","protected":false},"featured_media":10864,"template":"","meta":[],"product_brand":[],"product_cat":[1138,1249,1318,1188],"product_tag":[],"class_list":{"0":"post-10862","1":"product","2":"type-product","3":"status-publish","4":"has-post-thumbnail","6":"product_cat-montres-pour-hommes","7":"product_cat-worldmaster","8":"product_cat-worldmaster-art-deco-fr","9":"product_cat-montres-automatiques","11":"first","12":"instock","13":"sold-individually","14":"shipping-taxable","15":"purchasable","16":"product-type-simple"},"_links":{"self":[{"href":"https:\/\/atlanticwatches.ch\/fr\/wp-json\/wp\/v2\/product\/10862","targetHints":{"allow":["GET"]}}],"collection":[{"href":"https:\/\/atlanticwatches.ch\/fr\/wp-json\/wp\/v2\/product"}],"about":[{"href":"https:\/\/atlanticwatches.ch\/fr\/wp-json\/wp\/v2\/types\/product"}],"wp:featuredmedia":[{"embeddable":true,"href":"https:\/\/atlanticwatches.ch\/fr\/wp-json\/wp\/v2\/media\/10864"}],"wp:attachment":[{"href":"https:\/\/atlanticwatches.ch\/fr\/wp-json\/wp\/v2\/media?parent=10862"}],"wp:term":[{"taxonomy":"product_brand","embeddable":true,"href":"https:\/\/atlanticwatches.ch\/fr\/wp-json\/wp\/v2\/product_brand?post=10862"},{"taxonomy":"product_cat","embeddable":true,"href":"https:\/\/atlanticwatches.ch\/fr\/wp-json\/wp\/v2\/product_cat?post=10862"},{"taxonomy":"product_tag","embeddable":true,"href":"https:\/\/atlanticwatches.ch\/fr\/wp-json\/wp\/v2\/product_tag?post=10862"}],"curies":[{"name":"wp","href":"https:\/\/api.w.org\/{rel}","templated":true}]}}