{"id":10850,"date":"2023-11-12T16:43:39","date_gmt":"2023-11-12T15:43:39","guid":{"rendered":"https:\/\/atlanticwatches.ch\/shop\/non class\u00e9\/super-de-luxe-pierres-precieuses-cuir-creme\/"},"modified":"2023-11-12T16:43:39","modified_gmt":"2023-11-12T15:43:39","slug":"super-de-luxe-pierres-precieuses-cuir-creme","status":"publish","type":"product","link":"https:\/\/atlanticwatches.ch\/fr\/shop\/montres-pour-dames\/super-de-luxe-fr\/super-de-luxe-pierres-precieuses-cuir-creme\/","title":{"rendered":"Super De Luxe Pierres Pr\u00e9cieuses | Cuir Cr\u00e8me"},"content":{"rendered":"<p><strong>D\u00e9couvrez les nouvelles montres Super De Luxe pour dames avec de v\u00e9ritables pierres pr\u00e9cieuses.  <\/strong><\/p>\n<p>Cette collection incarne la combinaison parfaite entre une montre et un bijou \u00e9l\u00e9gant. Le look \u00e9l\u00e9gant, le design intemporel avec 8 pierres pr\u00e9cieuses authentiques color\u00e9es et les mat\u00e9riaux de haute qualit\u00e9 font de ce mod\u00e8le un accessoire gracieux pour la femme moderne d&rsquo;aujourd&rsquo;hui. <\/p>\n<p>Un cadran unique avec une finition textur\u00e9e ajoute une couche de profondeur \u00e0 ce garde-temps de bon go\u00fbt, tandis que le bo\u00eetier en acier inoxydable poli de 36 mm, la vari\u00e9t\u00e9 de bracelets et le toucher luxueux offrent une touche de d\u00e9licatesse.<\/p>\n<p>Une id\u00e9e de cadeau parfaite pour vous-m\u00eame ou pour quelqu&rsquo;un de sp\u00e9cial pour c\u00e9l\u00e9brer toute occasion. D\u00e9couvrez les diff\u00e9rents mod\u00e8les. <\/p>\n<hr>\n<p><a href=\"https:\/\/atlanticwatches.ch\/fr\/categorie-produit\/montres-pour-dames\/super-de-luxe-fr\/\"><img loading=\"lazy\" decoding=\"async\" class=\"aligncenter wp-image-6335 size-large\" src=\"https:\/\/atlanticwatches.ch\/wp-content\/uploads\/2022\/10\/Super-De-Luxe-Precious-Stones-41-1024x682.jpg\" alt=\"\" width=\"1024\" height=\"682\" srcset=\"https:\/\/atlanticwatches.ch\/wp-content\/uploads\/2022\/10\/Super-De-Luxe-Precious-Stones-41-1024x682.jpg 1024w, https:\/\/atlanticwatches.ch\/wp-content\/uploads\/2022\/10\/Super-De-Luxe-Precious-Stones-41-600x400.jpg 600w, https:\/\/atlanticwatches.ch\/wp-content\/uploads\/2022\/10\/Super-De-Luxe-Precious-Stones-41-768x512.jpg 768w, https:\/\/atlanticwatches.ch\/wp-content\/uploads\/2022\/10\/Super-De-Luxe-Precious-Stones-41-640x426.jpg 640w, https:\/\/atlanticwatches.ch\/wp-content\/uploads\/2022\/10\/Super-De-Luxe-Precious-Stones-41-400x267.jpg 400w\" sizes=\"auto, (max-width: 1024px) 100vw, 1024px\" \/><\/a><\/p>\n","protected":false},"excerpt":{"rendered":"<p><span style=\"font-size: 16px;\"><strong>Pierres pr\u00e9cieuses authentiques | 36mm<\/strong><\/span><\/p>\n<p>La nouvelle \u00e9dition Atlantic Super De Luxe Precious Stones est la combinaison parfaite entre une montre et un bijou \u00e9l\u00e9gant.<\/p>\n<p>Le look \u00e9l\u00e9gant, le design intemporel avec 8 pierres pr\u00e9cieuses authentiques color\u00e9es et les mat\u00e9riaux de haute qualit\u00e9 font de ce mod\u00e8le un accessoire gracieux pour la femme moderne d&rsquo;aujourd&rsquo;hui.<\/p>\n<p>Une id\u00e9e de cadeau parfaite pour vous-m\u00eame ou pour quelqu&rsquo;un de sp\u00e9cial pour c\u00e9l\u00e9brer toute occasion.<\/p>\n","protected":false},"featured_media":10851,"template":"","meta":[],"product_brand":[],"product_cat":[1168,1313,1150],"product_tag":[],"class_list":{"0":"post-10850","1":"product","2":"type-product","3":"status-publish","4":"has-post-thumbnail","6":"product_cat-montres-pour-dames","7":"product_cat-super-de-luxe-fr","8":"product_cat-montres-a-quartz","10":"first","11":"instock","12":"sold-individually","13":"shipping-taxable","14":"purchasable","15":"product-type-simple"},"_links":{"self":[{"href":"https:\/\/atlanticwatches.ch\/fr\/wp-json\/wp\/v2\/product\/10850","targetHints":{"allow":["GET"]}}],"collection":[{"href":"https:\/\/atlanticwatches.ch\/fr\/wp-json\/wp\/v2\/product"}],"about":[{"href":"https:\/\/atlanticwatches.ch\/fr\/wp-json\/wp\/v2\/types\/product"}],"wp:featuredmedia":[{"embeddable":true,"href":"https:\/\/atlanticwatches.ch\/fr\/wp-json\/wp\/v2\/media\/10851"}],"wp:attachment":[{"href":"https:\/\/atlanticwatches.ch\/fr\/wp-json\/wp\/v2\/media?parent=10850"}],"wp:term":[{"taxonomy":"product_brand","embeddable":true,"href":"https:\/\/atlanticwatches.ch\/fr\/wp-json\/wp\/v2\/product_brand?post=10850"},{"taxonomy":"product_cat","embeddable":true,"href":"https:\/\/atlanticwatches.ch\/fr\/wp-json\/wp\/v2\/product_cat?post=10850"},{"taxonomy":"product_tag","embeddable":true,"href":"https:\/\/atlanticwatches.ch\/fr\/wp-json\/wp\/v2\/product_tag?post=10850"}],"curies":[{"name":"wp","href":"https:\/\/api.w.org\/{rel}","templated":true}]}}