{"id":10829,"date":"2022-10-17T16:31:46","date_gmt":"2022-10-17T14:31:46","guid":{"rendered":"https:\/\/atlanticwatches.ch\/shop\/non class\u00e9\/elegance-royal-diamonds-edition-acier-inoxydable\/"},"modified":"2022-10-17T16:31:46","modified_gmt":"2022-10-17T14:31:46","slug":"elegance-royal-diamonds-edition-acier-inoxydable","status":"publish","type":"product","link":"https:\/\/atlanticwatches.ch\/fr\/shop\/montres-pour-dames\/elegance-fr\/elegance-royal\/elegance-royal-diamonds-edition-acier-inoxydable\/","title":{"rendered":"Elegance Royal Diamonds Edition | Acier inoxydable"},"content":{"rendered":"<p><strong>Une d\u00e9licate fusion de nacre et de diamants.  <\/strong><\/p>\n<p>Cette collection offre une touche de luxe pour chaque jour et chaque occasion. Un look \u00e9l\u00e9gant, un design intemporel et des mat\u00e9riaux de haute qualit\u00e9 font de l&rsquo;Elegance Royal Diamonds Edition un bijou gracieux. <\/p>\n<p>Le cadran d\u00e9licat est en nacre et comporte \u00e9galement quatre diamants v\u00e9ritables. En outre, ce garde-temps s\u00e9duit par son bo\u00eetier poli, son verre saphir et son mouvement \u00e0 quartz pr\u00e9cis. <\/p>\n<p>Une id\u00e9e de cadeau parfaite pour vous-m\u00eame ou pour une personne sp\u00e9ciale afin de c\u00e9l\u00e9brer n&rsquo;importe quelle occasion. Parcourez les diff\u00e9rents styles et d\u00e9couvrez votre montre pr\u00e9f\u00e9r\u00e9e ici. <\/p>\n<hr>\n<p><a href=\"https:\/\/atlanticwatches.ch\/fr\/categorie-produit\/montres-pour-dames\/elegance-fr\/elegance-royale\/\"><img loading=\"lazy\" decoding=\"async\" class=\"aligncenter wp-image-6407 size-large\" src=\"https:\/\/atlanticwatches.ch\/wp-content\/uploads\/2022\/10\/Elegance-Royal-Diamonds-41.07-1024x682.jpg\" alt=\"\" width=\"1024\" height=\"682\" srcset=\"https:\/\/atlanticwatches.ch\/wp-content\/uploads\/2022\/10\/Elegance-Royal-Diamonds-41.07-1024x682.jpg 1024w, https:\/\/atlanticwatches.ch\/wp-content\/uploads\/2022\/10\/Elegance-Royal-Diamonds-41.07-600x400.jpg 600w, https:\/\/atlanticwatches.ch\/wp-content\/uploads\/2022\/10\/Elegance-Royal-Diamonds-41.07-768x512.jpg 768w, https:\/\/atlanticwatches.ch\/wp-content\/uploads\/2022\/10\/Elegance-Royal-Diamonds-41.07-640x426.jpg 640w, https:\/\/atlanticwatches.ch\/wp-content\/uploads\/2022\/10\/Elegance-Royal-Diamonds-41.07-400x267.jpg 400w\" sizes=\"auto, (max-width: 1024px) 100vw, 1024px\" \/><\/a><\/p>\n","protected":false},"excerpt":{"rendered":"<p><span style=\"font-size: 16px;\"><strong>Cadran en nacre | Diamants v\u00e9ritables<\/strong><\/span><\/p>\n<p>Collection Elegance Royal Diamonds : Une touche de luxe pour tous les jours.<\/p>\n<p>Ce garde-temps tr\u00e8s \u00e9l\u00e9gant s\u00e9duit par sa d\u00e9licatesse et la qualit\u00e9 de ses mat\u00e9riaux. Intemporelle, pr\u00e9cieuse et belle. C&rsquo;est la collection Elegance Royal.  <\/p>\n<p>Une id\u00e9e de cadeau parfaite pour vous-m\u00eame ou pour quelqu&rsquo;un de sp\u00e9cial afin de c\u00e9l\u00e9brer toute occasion.<\/p>\n","protected":false},"featured_media":10830,"template":"","meta":[],"product_brand":[],"product_cat":[1168,1299,1150],"product_tag":[],"class_list":{"0":"post-10829","1":"product","2":"type-product","3":"status-publish","4":"has-post-thumbnail","6":"product_cat-montres-pour-dames","7":"product_cat-elegance-royal","8":"product_cat-montres-a-quartz","10":"first","11":"instock","12":"sold-individually","13":"shipping-taxable","14":"purchasable","15":"product-type-simple"},"_links":{"self":[{"href":"https:\/\/atlanticwatches.ch\/fr\/wp-json\/wp\/v2\/product\/10829","targetHints":{"allow":["GET"]}}],"collection":[{"href":"https:\/\/atlanticwatches.ch\/fr\/wp-json\/wp\/v2\/product"}],"about":[{"href":"https:\/\/atlanticwatches.ch\/fr\/wp-json\/wp\/v2\/types\/product"}],"wp:featuredmedia":[{"embeddable":true,"href":"https:\/\/atlanticwatches.ch\/fr\/wp-json\/wp\/v2\/media\/10830"}],"wp:attachment":[{"href":"https:\/\/atlanticwatches.ch\/fr\/wp-json\/wp\/v2\/media?parent=10829"}],"wp:term":[{"taxonomy":"product_brand","embeddable":true,"href":"https:\/\/atlanticwatches.ch\/fr\/wp-json\/wp\/v2\/product_brand?post=10829"},{"taxonomy":"product_cat","embeddable":true,"href":"https:\/\/atlanticwatches.ch\/fr\/wp-json\/wp\/v2\/product_cat?post=10829"},{"taxonomy":"product_tag","embeddable":true,"href":"https:\/\/atlanticwatches.ch\/fr\/wp-json\/wp\/v2\/product_tag?post=10829"}],"curies":[{"name":"wp","href":"https:\/\/api.w.org\/{rel}","templated":true}]}}