{"id":10815,"date":"2022-10-19T12:45:30","date_gmt":"2022-10-19T10:45:30","guid":{"rendered":"https:\/\/atlanticwatches.ch\/shop\/non class\u00e9\/elegance-royal-diamonds-pattern-edition-noir-cuir\/"},"modified":"2022-10-19T12:45:30","modified_gmt":"2022-10-19T10:45:30","slug":"elegance-royal-diamonds-pattern-edition-noir-cuir","status":"publish","type":"product","link":"https:\/\/atlanticwatches.ch\/fr\/shop\/montres-pour-dames\/elegance-fr\/elegance-royal\/elegance-royal-diamonds-pattern-edition-noir-cuir\/","title":{"rendered":"Elegance Royal Diamonds Pattern Edition | Noir\/cuir"},"content":{"rendered":"<p><strong>Un design \u00e9pur\u00e9 doubl\u00e9 d&rsquo;une sophistication intemporelle.  <\/strong><\/p>\n<p>Ajoutez une touche sophistiqu\u00e9e \u00e0 votre look avec la montre pour femmes Atlantic Elegance Royal Diamonds Pattern Edition. Le motif complexe du cadran conf\u00e8re \u00e0 cette montre un charme f\u00e9minin raffin\u00e9. <\/p>\n<p>Le cadran est magnifiquement compl\u00e9t\u00e9 par les \u00e9l\u00e9gants index et aiguilles ainsi que par les quatre diamants v\u00e9ritables, qui lui conf\u00e8rent une belle finition moderne. Le look luxueux est compl\u00e9t\u00e9 par un \u00e9l\u00e9gant bracelet milanais ou un bracelet en cuir v\u00e9ritable. En outre, ce garde-temps s\u00e9duit par son bo\u00eetier poli, son verre saphir et son mouvement \u00e0 quartz pr\u00e9cis.  <\/p>\n<p>Cette collection offre une touche de luxe pour tous les jours et toutes les occasions. Un look \u00e9l\u00e9gant, un design intemporel et des mat\u00e9riaux de haute qualit\u00e9 font de l&rsquo;Elegance Royal Diamonds Pattern Edition un bijou gracieux. <\/p>\n<p>Une id\u00e9e de cadeau parfaite pour vous-m\u00eame ou pour quelqu&rsquo;un de sp\u00e9cial afin de c\u00e9l\u00e9brer toute occasion. Parcourez les diff\u00e9rents styles et d\u00e9couvrez votre montre pr\u00e9f\u00e9r\u00e9e ici.<\/p>\n<hr>\n<p><a href=\"https:\/\/atlanticwatches.ch\/fr\/categorie-produit\/montres-pour-dames\/elegance-fr\/elegance-royale\/\"><img loading=\"lazy\" decoding=\"async\" class=\"aligncenter wp-image-6419 size-large\" src=\"https:\/\/atlanticwatches.ch\/wp-content\/uploads\/2022\/10\/Elegance-Royal-Diamonds-Pattern-1-1024x682.jpg\" alt=\"\" width=\"1024\" height=\"682\" srcset=\"https:\/\/atlanticwatches.ch\/wp-content\/uploads\/2022\/10\/Elegance-Royal-Diamonds-Pattern-1-1024x682.jpg 1024w, https:\/\/atlanticwatches.ch\/wp-content\/uploads\/2022\/10\/Elegance-Royal-Diamonds-Pattern-1-600x400.jpg 600w, https:\/\/atlanticwatches.ch\/wp-content\/uploads\/2022\/10\/Elegance-Royal-Diamonds-Pattern-1-768x512.jpg 768w, https:\/\/atlanticwatches.ch\/wp-content\/uploads\/2022\/10\/Elegance-Royal-Diamonds-Pattern-1-640x426.jpg 640w, https:\/\/atlanticwatches.ch\/wp-content\/uploads\/2022\/10\/Elegance-Royal-Diamonds-Pattern-1-400x267.jpg 400w\" sizes=\"auto, (max-width: 1024px) 100vw, 1024px\" \/><\/a><\/p>\n","protected":false},"excerpt":{"rendered":"<p><span style=\"font-size: 16px;\"><strong>Diamants v\u00e9ritables | Motif \u00e9pur\u00e9<\/strong><\/span><\/p>\n<p>Collection de motifs Elegance Royal Diamonds : Une touche de luxe pour tous les jours.<\/p>\n<p>Ce garde-temps tr\u00e8s \u00e9l\u00e9gant s\u00e9duit par sa d\u00e9licatesse et la qualit\u00e9 de ses mat\u00e9riaux. Intemporelle, pr\u00e9cieuse et belle. C&rsquo;est la collection Elegance Royal.  <\/p>\n<p>Une id\u00e9e de cadeau parfaite pour vous-m\u00eame ou pour quelqu&rsquo;un de sp\u00e9cial afin de c\u00e9l\u00e9brer toute occasion.<\/p>\n","protected":false},"featured_media":10816,"template":"","meta":[],"product_brand":[],"product_cat":[1168,1299,1150],"product_tag":[],"class_list":{"0":"post-10815","1":"product","2":"type-product","3":"status-publish","4":"has-post-thumbnail","6":"product_cat-montres-pour-dames","7":"product_cat-elegance-royal","8":"product_cat-montres-a-quartz","10":"first","11":"instock","12":"sold-individually","13":"shipping-taxable","14":"purchasable","15":"product-type-simple"},"_links":{"self":[{"href":"https:\/\/atlanticwatches.ch\/fr\/wp-json\/wp\/v2\/product\/10815","targetHints":{"allow":["GET"]}}],"collection":[{"href":"https:\/\/atlanticwatches.ch\/fr\/wp-json\/wp\/v2\/product"}],"about":[{"href":"https:\/\/atlanticwatches.ch\/fr\/wp-json\/wp\/v2\/types\/product"}],"wp:featuredmedia":[{"embeddable":true,"href":"https:\/\/atlanticwatches.ch\/fr\/wp-json\/wp\/v2\/media\/10816"}],"wp:attachment":[{"href":"https:\/\/atlanticwatches.ch\/fr\/wp-json\/wp\/v2\/media?parent=10815"}],"wp:term":[{"taxonomy":"product_brand","embeddable":true,"href":"https:\/\/atlanticwatches.ch\/fr\/wp-json\/wp\/v2\/product_brand?post=10815"},{"taxonomy":"product_cat","embeddable":true,"href":"https:\/\/atlanticwatches.ch\/fr\/wp-json\/wp\/v2\/product_cat?post=10815"},{"taxonomy":"product_tag","embeddable":true,"href":"https:\/\/atlanticwatches.ch\/fr\/wp-json\/wp\/v2\/product_tag?post=10815"}],"curies":[{"name":"wp","href":"https:\/\/api.w.org\/{rel}","templated":true}]}}