{"id":10785,"date":"2022-10-19T15:28:20","date_gmt":"2022-10-19T13:28:20","guid":{"rendered":"https:\/\/atlanticwatches.ch\/shop\/non class\u00e9\/elegance-royal-rubies-edition-acier-inoxydable\/"},"modified":"2022-10-19T15:28:20","modified_gmt":"2022-10-19T13:28:20","slug":"elegance-royal-rubies-edition-acier-inoxydable","status":"publish","type":"product","link":"https:\/\/atlanticwatches.ch\/fr\/shop\/montres-pour-dames\/elegance-fr\/elegance-royal\/elegance-royal-rubies-edition-acier-inoxydable\/","title":{"rendered":"Elegance Royal Rubies Edition | Acier inoxydable"},"content":{"rendered":"<p><strong>Une montre pour femme pleine de passion et d&rsquo;\u00e9nergie : Atlantic Elegance Edition Rubis<\/strong><\/p>\n<p>Ce garde-temps tr\u00e8s sophistiqu\u00e9 s\u00e9duit par son toucher pr\u00e9cieux et ses mat\u00e9riaux de qualit\u00e9 sup\u00e9rieure. Intemporelle, \u00e9nergique et belle. C&rsquo;est la collection Elegance Royal.  <\/p>\n<p>Le luxe pour tous les jours et toutes les occasions : l&rsquo;\u00e9l\u00e9gance, le design intemporel et les mat\u00e9riaux de haute qualit\u00e9 font de l&rsquo;Elegance Royal Rubies Edition un bijou gracieux.<\/p>\n<p>Une id\u00e9e de cadeau parfaite pour vous-m\u00eame ou pour quelqu&rsquo;un de sp\u00e9cial afin de c\u00e9l\u00e9brer toute occasion. Parcourez les deux styles disponibles et d\u00e9couvrez votre montre pr\u00e9f\u00e9r\u00e9e ici.<\/p>\n<hr>\n<p><a href=\"https:\/\/atlanticwatches.ch\/fr\/categorie-produit\/montres-pour-dames\/elegance-fr\/elegance-royale\/\"><img loading=\"lazy\" decoding=\"async\" class=\"aligncenter wp-image-6396 size-full\" src=\"https:\/\/atlanticwatches.ch\/wp-content\/uploads\/2022\/10\/Atlantic-Elegance-Royal-Rubies-Edition.jpg\" alt=\"\" width=\"1238\" height=\"825\" srcset=\"https:\/\/atlanticwatches.ch\/wp-content\/uploads\/2022\/10\/Atlantic-Elegance-Royal-Rubies-Edition.jpg 1238w, https:\/\/atlanticwatches.ch\/wp-content\/uploads\/2022\/10\/Atlantic-Elegance-Royal-Rubies-Edition-600x400.jpg 600w, https:\/\/atlanticwatches.ch\/wp-content\/uploads\/2022\/10\/Atlantic-Elegance-Royal-Rubies-Edition-1024x682.jpg 1024w, https:\/\/atlanticwatches.ch\/wp-content\/uploads\/2022\/10\/Atlantic-Elegance-Royal-Rubies-Edition-768x512.jpg 768w, https:\/\/atlanticwatches.ch\/wp-content\/uploads\/2022\/10\/Atlantic-Elegance-Royal-Rubies-Edition-640x426.jpg 640w, https:\/\/atlanticwatches.ch\/wp-content\/uploads\/2022\/10\/Atlantic-Elegance-Royal-Rubies-Edition-400x267.jpg 400w\" sizes=\"auto, (max-width: 1238px) 100vw, 1238px\" \/><\/a><\/p>\n","protected":false},"excerpt":{"rendered":"<p><span style=\"font-size: 16px;\"><strong>Nacre | Rubis v\u00e9ritables<\/strong><\/span><\/p>\n<p>Avec son cadran d\u00e9licat en nacre et ses quatre rubis v\u00e9ritables, la montre pour femmes Atlantic Elegance Royal Rubies Edition est la d\u00e9finition m\u00eame de l&rsquo;\u00e9l\u00e9gance.<\/p>\n<p>Une id\u00e9e de cadeau parfaite pour vous-m\u00eame ou pour quelqu&rsquo;un de sp\u00e9cial pour c\u00e9l\u00e9brer toute occasion.<\/p>\n","protected":false},"featured_media":10787,"template":"","meta":[],"product_brand":[],"product_cat":[1168,1299,1150],"product_tag":[],"class_list":{"0":"post-10785","1":"product","2":"type-product","3":"status-publish","4":"has-post-thumbnail","6":"product_cat-montres-pour-dames","7":"product_cat-elegance-royal","8":"product_cat-montres-a-quartz","10":"first","11":"instock","12":"sold-individually","13":"shipping-taxable","14":"purchasable","15":"product-type-simple"},"_links":{"self":[{"href":"https:\/\/atlanticwatches.ch\/fr\/wp-json\/wp\/v2\/product\/10785","targetHints":{"allow":["GET"]}}],"collection":[{"href":"https:\/\/atlanticwatches.ch\/fr\/wp-json\/wp\/v2\/product"}],"about":[{"href":"https:\/\/atlanticwatches.ch\/fr\/wp-json\/wp\/v2\/types\/product"}],"wp:featuredmedia":[{"embeddable":true,"href":"https:\/\/atlanticwatches.ch\/fr\/wp-json\/wp\/v2\/media\/10787"}],"wp:attachment":[{"href":"https:\/\/atlanticwatches.ch\/fr\/wp-json\/wp\/v2\/media?parent=10785"}],"wp:term":[{"taxonomy":"product_brand","embeddable":true,"href":"https:\/\/atlanticwatches.ch\/fr\/wp-json\/wp\/v2\/product_brand?post=10785"},{"taxonomy":"product_cat","embeddable":true,"href":"https:\/\/atlanticwatches.ch\/fr\/wp-json\/wp\/v2\/product_cat?post=10785"},{"taxonomy":"product_tag","embeddable":true,"href":"https:\/\/atlanticwatches.ch\/fr\/wp-json\/wp\/v2\/product_tag?post=10785"}],"curies":[{"name":"wp","href":"https:\/\/api.w.org\/{rel}","templated":true}]}}