{"id":10762,"date":"2022-10-20T09:34:42","date_gmt":"2022-10-20T07:34:42","guid":{"rendered":"https:\/\/atlanticwatches.ch\/shop\/non class\u00e9\/seapair-lady-acier-inoxydable-rose-bebe\/"},"modified":"2022-10-20T09:34:42","modified_gmt":"2022-10-20T07:34:42","slug":"seapair-lady-acier-inoxydable-rose-bebe","status":"publish","type":"product","link":"https:\/\/atlanticwatches.ch\/fr\/shop\/montres-pour-dames\/seapair-ladies-fr\/seapair-lady-acier-inoxydable-rose-bebe\/","title":{"rendered":"Seapair Lady | Acier inoxydable\/rose b\u00e9b\u00e9"},"content":{"rendered":"<p><strong>Seapair Lady : une collection de montres pour dames \u00e9l\u00e9gantes et sportives<\/strong><\/p>\n<p>Il s&rsquo;agit d&rsquo;un garde-temps sportif et \u00e9l\u00e9gant pour femmes, au look \u00e9lanc\u00e9. La teinte rose p\u00e2le du cadran attire le regard et rappelle doucement les fleurs d\u00e9licates et l&rsquo;\u00e9t\u00e9. <\/p>\n<p>Un verre saphir tr\u00e8s r\u00e9sistant offre une protection ultime lors de toute activit\u00e9. Avec son \u00e9tanch\u00e9it\u00e9 jusqu&rsquo;\u00e0 30 m\u00e8tres, cette montre est le partenaire sportif et \u00e9l\u00e9gant id\u00e9al pour tous les jours. <\/p>\n<p>Une id\u00e9e de cadeau parfaite pour vous-m\u00eame ou pour quelqu&rsquo;un de sp\u00e9cial afin de c\u00e9l\u00e9brer toute occasion.<\/p>\n<hr>\n<p><a href=\"https:\/\/atlanticwatches.ch\/fr\/categorie-produit\/montres-pour-dames\/seapair-ladies-fr\/\"><img loading=\"lazy\" decoding=\"async\" class=\"wp-image-6484 size-large aligncenter\" src=\"https:\/\/atlanticwatches.ch\/wp-content\/uploads\/2022\/10\/20335.41.91PK-1-1024x682.jpg\" alt=\"\" width=\"1024\" height=\"682\" srcset=\"https:\/\/atlanticwatches.ch\/wp-content\/uploads\/2022\/10\/20335.41.91PK-1-1024x682.jpg 1024w, https:\/\/atlanticwatches.ch\/wp-content\/uploads\/2022\/10\/20335.41.91PK-1-600x400.jpg 600w, https:\/\/atlanticwatches.ch\/wp-content\/uploads\/2022\/10\/20335.41.91PK-1-768x512.jpg 768w, https:\/\/atlanticwatches.ch\/wp-content\/uploads\/2022\/10\/20335.41.91PK-1-640x426.jpg 640w, https:\/\/atlanticwatches.ch\/wp-content\/uploads\/2022\/10\/20335.41.91PK-1-400x267.jpg 400w\" sizes=\"auto, (max-width: 1024px) 100vw, 1024px\" \/><\/a><\/p>\n","protected":false},"excerpt":{"rendered":"<p><span style=\"font-size: 16px;\"><strong>Baby Pink | 28.5mm <\/strong><\/span><\/p>\n<p>Atlantic Seapair Lady est une collection de montres pour femmes \u00e0 la mode, sportives et \u00e9l\u00e9gantes, avec un bo\u00eetier fin de 28,5 mm.<\/p>\n<p>Le design f\u00e9minin et minimaliste symbolise le luxe, la qualit\u00e9 et le style intemporel.<\/p>\n<p>Une id\u00e9e de cadeau parfaite pour vous-m\u00eame ou pour quelqu&rsquo;un de sp\u00e9cial afin de c\u00e9l\u00e9brer toute occasion.<\/p>\n","protected":false},"featured_media":10763,"template":"","meta":[],"product_brand":[],"product_cat":[1168,1247,1150],"product_tag":[],"class_list":{"0":"post-10762","1":"product","2":"type-product","3":"status-publish","4":"has-post-thumbnail","6":"product_cat-montres-pour-dames","7":"product_cat-seapair-ladies-fr","8":"product_cat-montres-a-quartz","10":"first","11":"instock","12":"sold-individually","13":"shipping-taxable","14":"purchasable","15":"product-type-simple"},"_links":{"self":[{"href":"https:\/\/atlanticwatches.ch\/fr\/wp-json\/wp\/v2\/product\/10762","targetHints":{"allow":["GET"]}}],"collection":[{"href":"https:\/\/atlanticwatches.ch\/fr\/wp-json\/wp\/v2\/product"}],"about":[{"href":"https:\/\/atlanticwatches.ch\/fr\/wp-json\/wp\/v2\/types\/product"}],"wp:featuredmedia":[{"embeddable":true,"href":"https:\/\/atlanticwatches.ch\/fr\/wp-json\/wp\/v2\/media\/10763"}],"wp:attachment":[{"href":"https:\/\/atlanticwatches.ch\/fr\/wp-json\/wp\/v2\/media?parent=10762"}],"wp:term":[{"taxonomy":"product_brand","embeddable":true,"href":"https:\/\/atlanticwatches.ch\/fr\/wp-json\/wp\/v2\/product_brand?post=10762"},{"taxonomy":"product_cat","embeddable":true,"href":"https:\/\/atlanticwatches.ch\/fr\/wp-json\/wp\/v2\/product_cat?post=10762"},{"taxonomy":"product_tag","embeddable":true,"href":"https:\/\/atlanticwatches.ch\/fr\/wp-json\/wp\/v2\/product_tag?post=10762"}],"curies":[{"name":"wp","href":"https:\/\/api.w.org\/{rel}","templated":true}]}}